{"id":2668,"date":"2026-03-24T09:23:17","date_gmt":"2026-03-24T09:23:17","guid":{"rendered":"http:\/\/138.4.92.168\/?page_id=2668"},"modified":"2026-03-24T09:29:35","modified_gmt":"2026-03-24T09:29:35","slug":"eventos-holanda-en-madrid-ii-futuro-de-la-vivienda-social-moderna","status":"publish","type":"page","link":"http:\/\/138.4.92.168\/index.php\/eventos-holanda-en-madrid-ii-futuro-de-la-vivienda-social-moderna\/","title":{"rendered":"Eventos-Holanda en Madrid II. Futuro de la vivienda social moderna"},"content":{"rendered":"\t\t<div data-elementor-type=\"wp-page\" data-elementor-id=\"2668\" class=\"elementor elementor-2668\" data-elementor-post-type=\"page\">\n\t\t\t\t<a class=\"elementor-element elementor-element-17891dc5 e-flex e-con-boxed e-con e-parent\" data-id=\"17891dc5\" data-element_type=\"container\" data-e-type=\"container\" data-settings=\"{&quot;background_background&quot;:&quot;classic&quot;}\" href=\"http:\/\/138.4.92.168\/index.php\/eventos2\">\n\t\t\t\t\t<div class=\"e-con-inner\">\n\t\t<div class=\"elementor-element elementor-element-54da62e1 e-con-full e-flex e-con e-child\" data-id=\"54da62e1\" data-element_type=\"container\" data-e-type=\"container\">\n\t\t\t\t<div class=\"elementor-element elementor-element-20fc3d65 elementor-widget elementor-widget-image\" data-id=\"20fc3d65\" data-element_type=\"widget\" data-e-type=\"widget\" data-widget_type=\"image.default\">\n\t\t\t\t\t\t\t\t\t\t\t\t\t\t\t<img decoding=\"async\" width=\"189\" height=\"189\" src=\"http:\/\/138.4.92.168\/wp-content\/uploads\/2026\/01\/ico-eventos.png\" class=\"attachment-medium_large size-medium_large wp-image-867\" alt=\"\" \/>\t\t\t\t\t\t\t\t\t\t\t\t\t\t\t<\/div>\n\t\t\t\t<\/div>\n\t\t<div class=\"elementor-element elementor-element-f9f9c86 e-con-full e-flex e-con e-child\" data-id=\"f9f9c86\" data-element_type=\"container\" data-e-type=\"container\">\n\t\t\t\t<div class=\"elementor-element elementor-element-5b5daf05 elementor-widget elementor-widget-heading\" data-id=\"5b5daf05\" data-element_type=\"widget\" data-e-type=\"widget\" data-widget_type=\"heading.default\">\n\t\t\t\t\t<h1 class=\"elementor-heading-title elementor-size-default\">EVENTOS - EVENTS<\/h1>\t\t\t\t<\/div>\n\t\t\t\t<\/div>\n\t\t<div class=\"elementor-element elementor-element-6bb051d9 e-con-full e-flex e-con e-child\" data-id=\"6bb051d9\" data-element_type=\"container\" data-e-type=\"container\">\n\t\t\t\t<div class=\"elementor-element elementor-element-144c9ecf elementor-view-default elementor-widget elementor-widget-icon\" data-id=\"144c9ecf\" data-element_type=\"widget\" data-e-type=\"widget\" data-widget_type=\"icon.default\">\n\t\t\t\t\t\t\t<div class=\"elementor-icon-wrapper\">\n\t\t\t<div class=\"elementor-icon\">\n\t\t\t<i aria-hidden=\"true\" class=\"icon icon-menu1\"><\/i>\t\t\t<\/div>\n\t\t<\/div>\n\t\t\t\t\t\t<\/div>\n\t\t\t\t<\/div>\n\t\t\t\t\t<\/div>\n\t\t\t\t<\/a>\n\t\t<div class=\"elementor-element elementor-element-48157aef e-flex e-con-boxed e-con e-parent\" data-id=\"48157aef\" data-element_type=\"container\" data-e-type=\"container\">\n\t\t\t\t\t<div class=\"e-con-inner\">\n\t\t\t\t<div class=\"elementor-element elementor-element-36ebdd02 elementor-widget__width-inherit elementor-widget-tablet__width-inherit elementor-widget elementor-widget-heading\" data-id=\"36ebdd02\" data-element_type=\"widget\" data-e-type=\"widget\" data-widget_type=\"heading.default\">\n\t\t\t\t\t<h1 class=\"elementor-heading-title elementor-size-default\">HOLANDA EN MADRID II. FUTURO DE LA VIVIENDA SOCIAL MODERNA<\/h1>\t\t\t\t<\/div>\n\t\t\t\t<div class=\"elementor-element elementor-element-3facfcb4 elementor-widget-divider--view-line elementor-widget elementor-widget-divider\" data-id=\"3facfcb4\" data-element_type=\"widget\" data-e-type=\"widget\" data-widget_type=\"divider.default\">\n\t\t\t\t\t\t\t<div class=\"elementor-divider\">\n\t\t\t<span class=\"elementor-divider-separator\">\n\t\t\t\t\t\t<\/span>\n\t\t<\/div>\n\t\t\t\t\t\t<\/div>\n\t\t\t\t\t<\/div>\n\t\t\t\t<\/div>\n\t\t<div class=\"elementor-element elementor-element-3e86264c e-con-full e-flex e-con e-parent\" data-id=\"3e86264c\" data-element_type=\"container\" data-e-type=\"container\">\n\t\t\t\t<div class=\"elementor-element elementor-element-4ac4019d elementor-widget elementor-widget-image-carousel\" data-id=\"4ac4019d\" data-element_type=\"widget\" data-e-type=\"widget\" data-settings=\"{&quot;slides_to_show&quot;:&quot;1&quot;,&quot;navigation&quot;:&quot;none&quot;,&quot;autoplay&quot;:&quot;yes&quot;,&quot;pause_on_hover&quot;:&quot;yes&quot;,&quot;pause_on_interaction&quot;:&quot;yes&quot;,&quot;autoplay_speed&quot;:5000,&quot;infinite&quot;:&quot;yes&quot;,&quot;effect&quot;:&quot;slide&quot;,&quot;speed&quot;:500}\" data-widget_type=\"image-carousel.default\">\n\t\t\t\t\t\t\t<div class=\"elementor-image-carousel-wrapper swiper\" role=\"region\" aria-roledescription=\"carousel\" aria-label=\"Holanda en Madrid II. Futuro de la vivienda social moderna\" dir=\"ltr\">\n\t\t\t<div class=\"elementor-image-carousel swiper-wrapper\" aria-live=\"off\">\n\t\t\t\t\t\t\t\t<div class=\"swiper-slide\" role=\"group\" aria-roledescription=\"slide\" aria-label=\"1 de 1\"><a data-elementor-open-lightbox=\"yes\" data-elementor-lightbox-slideshow=\"4ac4019d\" data-e-action-hash=\"#elementor-action%3Aaction%3Dlightbox%26settings%3DeyJpZCI6MjY3MywidXJsIjoiaHR0cDpcL1wvMTM4LjQuOTIuMTY4XC93cC1jb250ZW50XC91cGxvYWRzXC8yMDI2XC8wM1wvSU1HXzYwOTFfYm4uanBnIiwic2xpZGVzaG93IjoiNGFjNDAxOWQifQ%3D%3D\" href=\"http:\/\/138.4.92.168\/wp-content\/uploads\/2026\/03\/IMG_6091_bn.jpg\"><figure class=\"swiper-slide-inner\"><img decoding=\"async\" class=\"swiper-slide-image\" src=\"http:\/\/138.4.92.168\/wp-content\/uploads\/2026\/03\/IMG_6091_bn.jpg\" alt=\"IMG_6091_bn\" \/><\/figure><\/a><\/div>\t\t\t<\/div>\n\t\t\t\t\t<\/div>\n\t\t\t\t\t\t<\/div>\n\t\t\t\t<\/div>\n\t\t<div class=\"elementor-element elementor-element-23983197 e-con-full e-flex e-con e-parent\" data-id=\"23983197\" data-element_type=\"container\" data-e-type=\"container\">\n\t\t<div class=\"elementor-element elementor-element-192fe31d e-con-full e-flex e-con e-child\" data-id=\"192fe31d\" data-element_type=\"container\" data-e-type=\"container\">\n\t\t<div class=\"elementor-element elementor-element-725b74ae e-con-full e-flex e-con e-child\" data-id=\"725b74ae\" data-element_type=\"container\" data-e-type=\"container\">\n\t\t<div class=\"elementor-element elementor-element-2698b302 e-con-full e-flex e-con e-child\" data-id=\"2698b302\" data-element_type=\"container\" data-e-type=\"container\">\n\t\t<div class=\"elementor-element elementor-element-7b96bbb6 e-con-full e-flex e-con e-child\" data-id=\"7b96bbb6\" data-element_type=\"container\" data-e-type=\"container\">\n\t\t<div class=\"elementor-element elementor-element-385b7a6f e-con-full e-flex e-con e-child\" data-id=\"385b7a6f\" data-element_type=\"container\" data-e-type=\"container\">\n\t\t<div class=\"elementor-element elementor-element-7a64a49e e-con-full e-flex e-con e-child\" data-id=\"7a64a49e\" data-element_type=\"container\" data-e-type=\"container\">\n\t\t<div class=\"elementor-element elementor-element-337d0992 e-con-full e-flex e-con e-child\" data-id=\"337d0992\" data-element_type=\"container\" data-e-type=\"container\">\n\t\t<div class=\"elementor-element elementor-element-464715d5 e-con-full e-flex e-con e-child\" data-id=\"464715d5\" data-element_type=\"container\" data-e-type=\"container\">\n\t\t\t\t<div class=\"elementor-element elementor-element-2c6cac35 elementor-widget-tablet__width-inherit elementor-widget elementor-widget-text-editor\" data-id=\"2c6cac35\" data-element_type=\"widget\" data-e-type=\"widget\" data-widget_type=\"text-editor.default\">\n\t\t\t\t\t\t\t\t\t<p><strong>Holanda en Madrid II. Futuro de la vivienda social moderna<\/strong><\/p>\t\t\t\t\t\t\t\t<\/div>\n\t\t\t\t<\/div>\n\t\t\t\t<\/div>\n\t\t<div class=\"elementor-element elementor-element-4240c1ad e-con-full e-flex e-con e-child\" data-id=\"4240c1ad\" data-element_type=\"container\" data-e-type=\"container\">\n\t\t<div class=\"elementor-element elementor-element-10b70251 e-con-full e-flex e-con e-child\" data-id=\"10b70251\" data-element_type=\"container\" data-e-type=\"container\">\n\t\t\t\t<div class=\"elementor-element elementor-element-615c5368 elementor-widget-tablet__width-inherit elementor-widget elementor-widget-text-editor\" data-id=\"615c5368\" data-element_type=\"widget\" data-e-type=\"widget\" data-widget_type=\"text-editor.default\">\n\t\t\t\t\t\t\t\t\t<p><strong>Cu\u00e1ndo:<\/strong> 3 de octubre de 2012<br \/><strong>D\u00f3nde:<\/strong> Escuela T\u00e9cnica Superior de Arquitectura de Madrid<br \/><strong>Comisarios:<\/strong> Sergio Mart\u00edn Blas y<br \/>Maite Garc\u00eda Sanchis<br \/><strong>Financia:<\/strong> Embajada del Reino de los Pa\u00edses Bajos<\/p>\t\t\t\t\t\t\t\t<\/div>\n\t\t\t\t<\/div>\n\t\t\t\t<\/div>\n\t\t\t\t<\/div>\n\t\t\t\t<\/div>\n\t\t\t\t<\/div>\n\t\t\t\t<\/div>\n\t\t\t\t<\/div>\n\t\t<div class=\"elementor-element elementor-element-7d849bf3 e-con-full elementor-hidden-desktop elementor-hidden-tablet e-flex e-con e-child\" data-id=\"7d849bf3\" data-element_type=\"container\" data-e-type=\"container\">\n\t\t<div class=\"elementor-element elementor-element-15e2587b e-con-full e-flex e-con e-child\" data-id=\"15e2587b\" data-element_type=\"container\" data-e-type=\"container\">\n\t\t<div class=\"elementor-element elementor-element-5c325f5d e-con-full e-flex e-con e-child\" data-id=\"5c325f5d\" data-element_type=\"container\" data-e-type=\"container\">\n\t\t<div class=\"elementor-element elementor-element-5a0ee569 e-con-full e-flex e-con e-child\" data-id=\"5a0ee569\" data-element_type=\"container\" data-e-type=\"container\">\n\t\t\t\t<div class=\"elementor-element elementor-element-1fa2e84f elementor-widget-tablet__width-initial elementor-widget__width-initial elementor-widget elementor-widget-image\" data-id=\"1fa2e84f\" data-element_type=\"widget\" data-e-type=\"widget\" data-widget_type=\"image.default\">\n\t\t\t\t\t\t\t\t\t\t\t\t\t\t\t<img decoding=\"async\" width=\"189\" height=\"189\" src=\"http:\/\/138.4.92.168\/wp-content\/uploads\/2026\/01\/ico-publicaciones.png\" class=\"attachment-large size-large wp-image-899\" alt=\"\" \/>\t\t\t\t\t\t\t\t\t\t\t\t\t\t\t<\/div>\n\t\t\t\t<div class=\"elementor-element elementor-element-30f34ac1 elementor-widget elementor-widget-text-editor\" data-id=\"30f34ac1\" data-element_type=\"widget\" data-e-type=\"widget\" data-widget_type=\"text-editor.default\">\n\t\t\t\t\t\t\t\t\t<p><strong>Cat\u00e1logo \u2212 Catalogue<\/strong><\/p>\t\t\t\t\t\t\t\t<\/div>\n\t\t\t\t<\/div>\n\t\t\t\t<\/div>\n\t\t<div class=\"elementor-element elementor-element-15f0ba30 e-con-full e-flex e-con e-child\" data-id=\"15f0ba30\" data-element_type=\"container\" data-e-type=\"container\">\n\t\t<div class=\"elementor-element elementor-element-263b1ae5 e-con-full e-flex e-con e-child\" data-id=\"263b1ae5\" data-element_type=\"container\" data-e-type=\"container\">\n\t\t\t\t<div class=\"elementor-element elementor-element-3a42957 elementor-widget-tablet__width-initial elementor-widget__width-initial elementor-widget elementor-widget-image\" data-id=\"3a42957\" data-element_type=\"widget\" data-e-type=\"widget\" data-widget_type=\"image.default\">\n\t\t\t\t\t\t\t\t\t\t\t\t\t\t\t<img decoding=\"async\" width=\"189\" height=\"189\" src=\"http:\/\/138.4.92.168\/wp-content\/uploads\/2026\/01\/ico-expo.png\" class=\"attachment-large size-large wp-image-880\" alt=\"\" \/>\t\t\t\t\t\t\t\t\t\t\t\t\t\t\t<\/div>\n\t\t\t\t<div class=\"elementor-element elementor-element-1edc53 elementor-widget elementor-widget-text-editor\" data-id=\"1edc53\" data-element_type=\"widget\" data-e-type=\"widget\" data-widget_type=\"text-editor.default\">\n\t\t\t\t\t\t\t\t\t<p><strong>Exposici\u00f3n \u2212 Exhibition<\/strong><\/p>\t\t\t\t\t\t\t\t<\/div>\n\t\t\t\t<\/div>\n\t\t\t\t<\/div>\n\t\t<div class=\"elementor-element elementor-element-515e9903 e-con-full e-flex e-con e-child\" data-id=\"515e9903\" data-element_type=\"container\" data-e-type=\"container\">\n\t\t<div class=\"elementor-element elementor-element-16383d9c e-con-full e-flex e-con e-child\" data-id=\"16383d9c\" data-element_type=\"container\" data-e-type=\"container\">\n\t\t\t\t<div class=\"elementor-element elementor-element-327f5120 elementor-widget-tablet__width-initial elementor-widget__width-initial elementor-widget elementor-widget-image\" data-id=\"327f5120\" data-element_type=\"widget\" data-e-type=\"widget\" data-widget_type=\"image.default\">\n\t\t\t\t\t\t\t\t\t\t\t\t\t\t\t<img loading=\"lazy\" decoding=\"async\" width=\"189\" height=\"189\" src=\"http:\/\/138.4.92.168\/wp-content\/uploads\/2026\/01\/ico-eventos.png\" class=\"attachment-large size-large wp-image-867\" alt=\"\" \/>\t\t\t\t\t\t\t\t\t\t\t\t\t\t\t<\/div>\n\t\t\t\t<div class=\"elementor-element elementor-element-6203d887 elementor-widget elementor-widget-text-editor\" data-id=\"6203d887\" data-element_type=\"widget\" data-e-type=\"widget\" data-widget_type=\"text-editor.default\">\n\t\t\t\t\t\t\t\t\t<p><strong>Proyectos &#8211; Research Projects<\/strong><\/p>\t\t\t\t\t\t\t\t<\/div>\n\t\t\t\t<\/div>\n\t\t\t\t<\/div>\n\t\t\t\t<\/div>\n\t\t\t\t<\/div>\n\t\t<div class=\"elementor-element elementor-element-2d335c78 e-con-full e-flex e-con e-child\" data-id=\"2d335c78\" data-element_type=\"container\" data-e-type=\"container\">\n\t\t\t\t<div class=\"elementor-element elementor-element-53f04a9d elementor-widget elementor-widget-text-editor\" data-id=\"53f04a9d\" data-element_type=\"widget\" data-e-type=\"widget\" data-widget_type=\"text-editor.default\">\n\t\t\t\t\t\t\t\t\t<p>En esta segunda edici\u00f3n de <em>Holanda en Madrid<\/em>, organizada con motivo de la Semana de la Arquitectura de 2012, el encuentro se centra en el presente y futuro de la vivienda social moderna, es decir, en la evoluci\u00f3n y transformaci\u00f3n de aquellos barrios y edificios que han marcado un hito en la historia de la vivienda social del siglo XX por su calidad arquitect\u00f3nica y urbana, y cuya conservaci\u00f3n representa un reto ineludible para nuestras ciudades. En el encuentro se exponen tanto los proyectos y edificios en su estado original, como su presente y posible futuro, poniendo de manifiesto las diferentes estrategias para hacer compatible su conservaci\u00f3n y su adaptaci\u00f3n a un uso contempor\u00e1neo. La cultura del mantenimiento, el valor patrimonial de la vivienda social, su potencial valor tur\u00edstico y de promoci\u00f3n cultural, o la contradicci\u00f3n entre restauraci\u00f3n y renovaci\u00f3n, son algunos de los temas principales a tratar en el encuentro.<\/p>\t\t\t\t\t\t\t\t<\/div>\n\t\t\t\t<\/div>\n\t\t\t\t<\/div>\n\t\t\t\t<\/div>\n\t\t<div class=\"elementor-element elementor-element-99d5f2c e-con-full e-flex e-con e-parent\" data-id=\"99d5f2c\" data-element_type=\"container\" data-e-type=\"container\">\n\t\t<div class=\"elementor-element elementor-element-2e9fd3db e-con-full e-flex e-con e-child\" data-id=\"2e9fd3db\" data-element_type=\"container\" data-e-type=\"container\">\n\t\t<div class=\"elementor-element elementor-element-25c47d26 e-con-full elementor-hidden-mobile e-flex e-con e-child\" data-id=\"25c47d26\" data-element_type=\"container\" data-e-type=\"container\">\n\t\t<div class=\"elementor-element elementor-element-29e8bf35 e-con-full e-flex e-con e-child\" data-id=\"29e8bf35\" data-element_type=\"container\" data-e-type=\"container\">\n\t\t<div class=\"elementor-element elementor-element-8cb858 e-con-full e-flex e-con e-child\" data-id=\"8cb858\" data-element_type=\"container\" data-e-type=\"container\">\n\t\t<div class=\"elementor-element elementor-element-3a0f0455 e-con-full e-flex e-con e-child\" data-id=\"3a0f0455\" data-element_type=\"container\" data-e-type=\"container\">\n\t\t\t\t<div class=\"elementor-element elementor-element-781647b7 elementor-widget-tablet__width-initial elementor-widget__width-initial elementor-widget elementor-widget-image\" data-id=\"781647b7\" data-element_type=\"widget\" data-e-type=\"widget\" data-widget_type=\"image.default\">\n\t\t\t\t\t\t\t\t\t\t\t\t\t\t\t<img decoding=\"async\" width=\"189\" height=\"189\" src=\"http:\/\/138.4.92.168\/wp-content\/uploads\/2026\/01\/ico-publicaciones.png\" class=\"attachment-large size-large wp-image-899\" alt=\"\" \/>\t\t\t\t\t\t\t\t\t\t\t\t\t\t\t<\/div>\n\t\t\t\t<div class=\"elementor-element elementor-element-4b3626d6 elementor-widget elementor-widget-text-editor\" data-id=\"4b3626d6\" data-element_type=\"widget\" data-e-type=\"widget\" data-widget_type=\"text-editor.default\">\n\t\t\t\t\t\t\t\t\t<p><strong>Cat\u00e1logo \u2212 Catalogue<\/strong><\/p>\t\t\t\t\t\t\t\t<\/div>\n\t\t\t\t<\/div>\n\t\t\t\t<\/div>\n\t\t<div class=\"elementor-element elementor-element-35c9c500 e-con-full e-flex e-con e-child\" data-id=\"35c9c500\" data-element_type=\"container\" data-e-type=\"container\">\n\t\t<div class=\"elementor-element elementor-element-7449a62e e-con-full e-flex e-con e-child\" data-id=\"7449a62e\" data-element_type=\"container\" data-e-type=\"container\">\n\t\t\t\t<div class=\"elementor-element elementor-element-4c80d6f1 elementor-widget-tablet__width-initial elementor-widget__width-initial elementor-widget elementor-widget-image\" data-id=\"4c80d6f1\" data-element_type=\"widget\" data-e-type=\"widget\" data-widget_type=\"image.default\">\n\t\t\t\t\t\t\t\t\t\t\t\t\t\t\t<img decoding=\"async\" width=\"189\" height=\"189\" src=\"http:\/\/138.4.92.168\/wp-content\/uploads\/2026\/01\/ico-expo.png\" class=\"attachment-large size-large wp-image-880\" alt=\"\" \/>\t\t\t\t\t\t\t\t\t\t\t\t\t\t\t<\/div>\n\t\t\t\t<div class=\"elementor-element elementor-element-3eeb9574 elementor-widget elementor-widget-text-editor\" data-id=\"3eeb9574\" data-element_type=\"widget\" data-e-type=\"widget\" data-widget_type=\"text-editor.default\">\n\t\t\t\t\t\t\t\t\t<p><strong>Exposici\u00f3n \u2212 Exhibition<\/strong><\/p>\t\t\t\t\t\t\t\t<\/div>\n\t\t\t\t<\/div>\n\t\t\t\t<\/div>\n\t\t<div class=\"elementor-element elementor-element-2d7b7651 e-con-full e-flex e-con e-child\" data-id=\"2d7b7651\" data-element_type=\"container\" data-e-type=\"container\">\n\t\t<div class=\"elementor-element elementor-element-71078b1c e-con-full e-flex e-con e-child\" data-id=\"71078b1c\" data-element_type=\"container\" data-e-type=\"container\">\n\t\t\t\t<div class=\"elementor-element elementor-element-f86bbbd elementor-widget-tablet__width-initial elementor-widget__width-initial elementor-widget elementor-widget-image\" data-id=\"f86bbbd\" data-element_type=\"widget\" data-e-type=\"widget\" data-widget_type=\"image.default\">\n\t\t\t\t\t\t\t\t\t\t\t\t\t\t\t<img loading=\"lazy\" decoding=\"async\" width=\"189\" height=\"189\" src=\"http:\/\/138.4.92.168\/wp-content\/uploads\/2026\/01\/ico-eventos.png\" class=\"attachment-large size-large wp-image-867\" alt=\"\" \/>\t\t\t\t\t\t\t\t\t\t\t\t\t\t\t<\/div>\n\t\t\t\t<div class=\"elementor-element elementor-element-464ee87e elementor-widget elementor-widget-text-editor\" data-id=\"464ee87e\" data-element_type=\"widget\" data-e-type=\"widget\" data-widget_type=\"text-editor.default\">\n\t\t\t\t\t\t\t\t\t<p><strong>Proyectos &#8211; Research Projects<\/strong><\/p>\t\t\t\t\t\t\t\t<\/div>\n\t\t\t\t<\/div>\n\t\t\t\t<\/div>\n\t\t\t\t<\/div>\n\t\t\t\t<\/div>\n\t\t<div class=\"elementor-element elementor-element-6d44ac1 e-con-full e-flex e-con e-child\" data-id=\"6d44ac1\" data-element_type=\"container\" data-e-type=\"container\">\n\t\t\t\t<div class=\"elementor-element elementor-element-3976be33 elementor-widget elementor-widget-text-editor\" data-id=\"3976be33\" data-element_type=\"widget\" data-e-type=\"widget\" data-widget_type=\"text-editor.default\">\n\t\t\t\t\t\t\t\t\t<p><span style=\"color: #999999;\">In this second edition of <em>Holanda en Madrid<\/em>, organized on the occasion of Architecture Week 2012, the meeting focused on the present and future of modern social housing, that is, on the evolution and transformation of those neighbourhoods and buildings that have marked a milestone in the history of social housing in the 20th century due to their architectural and urban quality, and whose conservation represents an unavoidable challenge for our cities. In the meeting, the projects and buildings were exhibited in their original state, as well as in their present and possible future states, highlighting the different strategies for their conservation and their adaptation to contemporary use. The culture of maintenance, the heritage value of social housing, its potential value for tourism and cultural promotion, or the contradiction between restoration and renovation, are some of the main topics discussed at the meeting.<\/span><\/p>\t\t\t\t\t\t\t\t<\/div>\n\t\t\t\t<\/div>\n\t\t\t\t<\/div>\n\t\t\t\t<\/div>\n\t\t<div class=\"elementor-element elementor-element-476135c4 e-flex e-con-boxed e-con e-parent\" data-id=\"476135c4\" data-element_type=\"container\" data-e-type=\"container\">\n\t\t\t\t\t<div class=\"e-con-inner\">\n\t\t\t\t<div class=\"elementor-element elementor-element-a1a95a5 elementor-widget elementor-widget-spacer\" data-id=\"a1a95a5\" data-element_type=\"widget\" data-e-type=\"widget\" data-widget_type=\"spacer.default\">\n\t\t\t\t\t\t\t<div class=\"elementor-spacer\">\n\t\t\t<div class=\"elementor-spacer-inner\"><\/div>\n\t\t<\/div>\n\t\t\t\t\t\t<\/div>\n\t\t\t\t\t<\/div>\n\t\t\t\t<\/div>\n\t\t\t\t<\/div>\n\t\t","protected":false},"excerpt":{"rendered":"<p>EVENTOS &#8211; EVENTS HOLANDA EN MADRID II. FUTURO DE LA VIVIENDA SOCIAL MODERNA Holanda en Madrid II. Futuro de la [&hellip;]<\/p>\n","protected":false},"author":1,"featured_media":0,"parent":0,"menu_order":0,"comment_status":"closed","ping_status":"closed","template":"","meta":{"site-sidebar-layout":"default","site-content-layout":"","ast-site-content-layout":"default","site-content-style":"default","site-sidebar-style":"default","ast-global-header-display":"disabled","ast-banner-title-visibility":"disabled","ast-main-header-display":"","ast-hfb-above-header-display":"","ast-hfb-below-header-display":"","ast-hfb-mobile-header-display":"","site-post-title":"","ast-breadcrumbs-content":"","ast-featured-img":"disabled","footer-sml-layout":"disabled","ast-disable-related-posts":"","theme-transparent-header-meta":"default","adv-header-id-meta":"","stick-header-meta":"","header-above-stick-meta":"","header-main-stick-meta":"","header-below-stick-meta":"","astra-migrate-meta-layouts":"default","ast-page-background-enabled":"default","ast-page-background-meta":{"desktop":{"background-color":"var(--ast-global-color-5)","background-image":"","background-repeat":"repeat","background-position":"center center","background-size":"auto","background-attachment":"scroll","background-type":"","background-media":"","overlay-type":"","overlay-color":"","overlay-opacity":"","overlay-gradient":""},"tablet":{"background-color":"","background-image":"","background-repeat":"repeat","background-position":"center center","background-size":"auto","background-attachment":"scroll","background-type":"","background-media":"","overlay-type":"","overlay-color":"","overlay-opacity":"","overlay-gradient":""},"mobile":{"background-color":"","background-image":"","background-repeat":"repeat","background-position":"center center","background-size":"auto","background-attachment":"scroll","background-type":"","background-media":"","overlay-type":"","overlay-color":"","overlay-opacity":"","overlay-gradient":""}},"ast-content-background-meta":{"desktop":{"background-color":"var(--ast-global-color-4)","background-image":"","background-repeat":"repeat","background-position":"center center","background-size":"auto","background-attachment":"scroll","background-type":"","background-media":"","overlay-type":"","overlay-color":"","overlay-opacity":"","overlay-gradient":""},"tablet":{"background-color":"var(--ast-global-color-4)","background-image":"","background-repeat":"repeat","background-position":"center center","background-size":"auto","background-attachment":"scroll","background-type":"","background-media":"","overlay-type":"","overlay-color":"","overlay-opacity":"","overlay-gradient":""},"mobile":{"background-color":"var(--ast-global-color-4)","background-image":"","background-repeat":"repeat","background-position":"center center","background-size":"auto","background-attachment":"scroll","background-type":"","background-media":"","overlay-type":"","overlay-color":"","overlay-opacity":"","overlay-gradient":""}},"footnotes":""},"class_list":["post-2668","page","type-page","status-publish","hentry"],"_links":{"self":[{"href":"http:\/\/138.4.92.168\/index.php\/wp-json\/wp\/v2\/pages\/2668","targetHints":{"allow":["GET"]}}],"collection":[{"href":"http:\/\/138.4.92.168\/index.php\/wp-json\/wp\/v2\/pages"}],"about":[{"href":"http:\/\/138.4.92.168\/index.php\/wp-json\/wp\/v2\/types\/page"}],"author":[{"embeddable":true,"href":"http:\/\/138.4.92.168\/index.php\/wp-json\/wp\/v2\/users\/1"}],"replies":[{"embeddable":true,"href":"http:\/\/138.4.92.168\/index.php\/wp-json\/wp\/v2\/comments?post=2668"}],"version-history":[{"count":0,"href":"http:\/\/138.4.92.168\/index.php\/wp-json\/wp\/v2\/pages\/2668\/revisions"}],"wp:attachment":[{"href":"http:\/\/138.4.92.168\/index.php\/wp-json\/wp\/v2\/media?parent=2668"}],"curies":[{"name":"wp","href":"https:\/\/api.w.org\/{rel}","templated":true}]}}