{"id":2641,"date":"2026-03-24T08:46:46","date_gmt":"2026-03-24T08:46:46","guid":{"rendered":"http:\/\/138.4.92.168\/?page_id=2641"},"modified":"2026-03-24T15:19:53","modified_gmt":"2026-03-24T15:19:53","slug":"evento-holanda-en-madrid-iii","status":"publish","type":"page","link":"http:\/\/138.4.92.168\/index.php\/evento-holanda-en-madrid-iii\/","title":{"rendered":"Eventos-Holanda en Madrid III. Arte y regeneraci\u00f3n urbana"},"content":{"rendered":"\t\t<div data-elementor-type=\"wp-page\" data-elementor-id=\"2641\" class=\"elementor elementor-2641\" data-elementor-post-type=\"page\">\n\t\t\t\t<a class=\"elementor-element elementor-element-86ac3bc e-flex e-con-boxed e-con e-parent\" data-id=\"86ac3bc\" data-element_type=\"container\" data-e-type=\"container\" data-settings=\"{&quot;background_background&quot;:&quot;classic&quot;}\" href=\"http:\/\/138.4.92.168\/index.php\/eventos2\">\n\t\t\t\t\t<div class=\"e-con-inner\">\n\t\t<div class=\"elementor-element elementor-element-b64cae1 e-con-full e-flex e-con e-child\" data-id=\"b64cae1\" data-element_type=\"container\" data-e-type=\"container\">\n\t\t\t\t<div class=\"elementor-element elementor-element-63407f35 elementor-widget elementor-widget-image\" data-id=\"63407f35\" data-element_type=\"widget\" data-e-type=\"widget\" data-widget_type=\"image.default\">\n\t\t\t\t\t\t\t\t\t\t\t\t\t\t\t<img decoding=\"async\" width=\"189\" height=\"189\" src=\"http:\/\/138.4.92.168\/wp-content\/uploads\/2026\/01\/ico-eventos.png\" class=\"attachment-medium_large size-medium_large wp-image-867\" alt=\"\" \/>\t\t\t\t\t\t\t\t\t\t\t\t\t\t\t<\/div>\n\t\t\t\t<\/div>\n\t\t<div class=\"elementor-element elementor-element-5741c9be e-con-full e-flex e-con e-child\" data-id=\"5741c9be\" data-element_type=\"container\" data-e-type=\"container\">\n\t\t\t\t<div class=\"elementor-element elementor-element-3e0beafb elementor-widget elementor-widget-heading\" data-id=\"3e0beafb\" data-element_type=\"widget\" data-e-type=\"widget\" data-widget_type=\"heading.default\">\n\t\t\t\t\t<h1 class=\"elementor-heading-title elementor-size-default\">EVENTOS - EVENTS<\/h1>\t\t\t\t<\/div>\n\t\t\t\t<\/div>\n\t\t<div class=\"elementor-element elementor-element-4e70f054 e-con-full e-flex e-con e-child\" data-id=\"4e70f054\" data-element_type=\"container\" data-e-type=\"container\">\n\t\t\t\t<div class=\"elementor-element elementor-element-6c55cf67 elementor-view-default elementor-widget elementor-widget-icon\" data-id=\"6c55cf67\" data-element_type=\"widget\" data-e-type=\"widget\" data-widget_type=\"icon.default\">\n\t\t\t\t\t\t\t<div class=\"elementor-icon-wrapper\">\n\t\t\t<div class=\"elementor-icon\">\n\t\t\t<i aria-hidden=\"true\" class=\"icon icon-menu1\"><\/i>\t\t\t<\/div>\n\t\t<\/div>\n\t\t\t\t\t\t<\/div>\n\t\t\t\t<\/div>\n\t\t\t\t\t<\/div>\n\t\t\t\t<\/a>\n\t\t<div class=\"elementor-element elementor-element-2569ddce e-flex e-con-boxed e-con e-parent\" data-id=\"2569ddce\" data-element_type=\"container\" data-e-type=\"container\">\n\t\t\t\t\t<div class=\"e-con-inner\">\n\t\t\t\t<div class=\"elementor-element elementor-element-22b98b75 elementor-widget__width-inherit elementor-widget-tablet__width-inherit elementor-widget elementor-widget-heading\" data-id=\"22b98b75\" data-element_type=\"widget\" data-e-type=\"widget\" data-widget_type=\"heading.default\">\n\t\t\t\t\t<h1 class=\"elementor-heading-title elementor-size-default\">HOLANDA EN MADRID III. ARTE Y REGENERACI\u00d3N URBANA<\/h1>\t\t\t\t<\/div>\n\t\t\t\t<div class=\"elementor-element elementor-element-46f98796 elementor-widget-divider--view-line elementor-widget elementor-widget-divider\" data-id=\"46f98796\" data-element_type=\"widget\" data-e-type=\"widget\" data-widget_type=\"divider.default\">\n\t\t\t\t\t\t\t<div class=\"elementor-divider\">\n\t\t\t<span class=\"elementor-divider-separator\">\n\t\t\t\t\t\t<\/span>\n\t\t<\/div>\n\t\t\t\t\t\t<\/div>\n\t\t\t\t\t<\/div>\n\t\t\t\t<\/div>\n\t\t<div class=\"elementor-element elementor-element-36b38a6b e-con-full e-flex e-con e-parent\" data-id=\"36b38a6b\" data-element_type=\"container\" data-e-type=\"container\">\n\t\t\t\t<div class=\"elementor-element elementor-element-3405deab elementor-widget elementor-widget-image-carousel\" data-id=\"3405deab\" data-element_type=\"widget\" data-e-type=\"widget\" data-settings=\"{&quot;slides_to_show&quot;:&quot;1&quot;,&quot;navigation&quot;:&quot;none&quot;,&quot;autoplay&quot;:&quot;yes&quot;,&quot;pause_on_hover&quot;:&quot;yes&quot;,&quot;pause_on_interaction&quot;:&quot;yes&quot;,&quot;autoplay_speed&quot;:5000,&quot;infinite&quot;:&quot;yes&quot;,&quot;effect&quot;:&quot;slide&quot;,&quot;speed&quot;:500}\" data-widget_type=\"image-carousel.default\">\n\t\t\t\t\t\t\t<div class=\"elementor-image-carousel-wrapper swiper\" role=\"region\" aria-roledescription=\"carousel\" aria-label=\"Holanda en Madrid III. Arte y regeneraci\u00f3n urbana\" dir=\"ltr\">\n\t\t\t<div class=\"elementor-image-carousel swiper-wrapper\" aria-live=\"off\">\n\t\t\t\t\t\t\t\t<div class=\"swiper-slide\" role=\"group\" aria-roledescription=\"slide\" aria-label=\"1 de 1\"><a data-elementor-open-lightbox=\"yes\" data-elementor-lightbox-slideshow=\"3405deab\" data-e-action-hash=\"#elementor-action%3Aaction%3Dlightbox%26settings%3DeyJpZCI6MjY0OSwidXJsIjoiaHR0cDpcL1wvMTM4LjQuOTIuMTY4XC93cC1jb250ZW50XC91cGxvYWRzXC8yMDI2XC8wM1wvSE9MQU5EQV9lbl9NQURSSURfMy5qcGciLCJzbGlkZXNob3ciOiIzNDA1ZGVhYiJ9\" href=\"http:\/\/138.4.92.168\/wp-content\/uploads\/2026\/03\/HOLANDA_en_MADRID_3.jpg\"><figure class=\"swiper-slide-inner\"><img decoding=\"async\" class=\"swiper-slide-image\" src=\"http:\/\/138.4.92.168\/wp-content\/uploads\/2026\/03\/HOLANDA_en_MADRID_3.jpg\" alt=\"HOLANDA_en_MADRID_3\" \/><\/figure><\/a><\/div>\t\t\t<\/div>\n\t\t\t\t\t<\/div>\n\t\t\t\t\t\t<\/div>\n\t\t\t\t<\/div>\n\t\t<div class=\"elementor-element elementor-element-31e02e46 e-con-full e-flex e-con e-parent\" data-id=\"31e02e46\" data-element_type=\"container\" data-e-type=\"container\">\n\t\t<div class=\"elementor-element elementor-element-4516a10d e-con-full e-flex e-con e-child\" data-id=\"4516a10d\" data-element_type=\"container\" data-e-type=\"container\">\n\t\t<div class=\"elementor-element elementor-element-70accfe0 e-con-full e-flex e-con e-child\" data-id=\"70accfe0\" data-element_type=\"container\" data-e-type=\"container\">\n\t\t<div class=\"elementor-element elementor-element-2202c7e e-con-full e-flex e-con e-child\" data-id=\"2202c7e\" data-element_type=\"container\" data-e-type=\"container\">\n\t\t<div class=\"elementor-element elementor-element-14cab38a e-con-full e-flex e-con e-child\" data-id=\"14cab38a\" data-element_type=\"container\" data-e-type=\"container\">\n\t\t<div class=\"elementor-element elementor-element-6fada7c4 e-con-full e-flex e-con e-child\" data-id=\"6fada7c4\" data-element_type=\"container\" data-e-type=\"container\">\n\t\t<div class=\"elementor-element elementor-element-5dc2fa93 e-con-full e-flex e-con e-child\" data-id=\"5dc2fa93\" data-element_type=\"container\" data-e-type=\"container\">\n\t\t<div class=\"elementor-element elementor-element-6800a3b2 e-con-full e-flex e-con e-child\" data-id=\"6800a3b2\" data-element_type=\"container\" data-e-type=\"container\">\n\t\t<div class=\"elementor-element elementor-element-688ac2a0 e-con-full e-flex e-con e-child\" data-id=\"688ac2a0\" data-element_type=\"container\" data-e-type=\"container\">\n\t\t\t\t<div class=\"elementor-element elementor-element-6eb33765 elementor-widget-tablet__width-inherit elementor-widget elementor-widget-text-editor\" data-id=\"6eb33765\" data-element_type=\"widget\" data-e-type=\"widget\" data-widget_type=\"text-editor.default\">\n\t\t\t\t\t\t\t\t\t<p><strong>Holanda en Madrid III. Arte y regeneraci\u00f3n urbana<\/strong><\/p>\t\t\t\t\t\t\t\t<\/div>\n\t\t\t\t<\/div>\n\t\t\t\t<\/div>\n\t\t<div class=\"elementor-element elementor-element-5d196e8b e-con-full e-flex e-con e-child\" data-id=\"5d196e8b\" data-element_type=\"container\" data-e-type=\"container\">\n\t\t<div class=\"elementor-element elementor-element-3e748e4c e-con-full e-flex e-con e-child\" data-id=\"3e748e4c\" data-element_type=\"container\" data-e-type=\"container\">\n\t\t\t\t<div class=\"elementor-element elementor-element-322e6c88 elementor-widget-tablet__width-inherit elementor-widget elementor-widget-text-editor\" data-id=\"322e6c88\" data-element_type=\"widget\" data-e-type=\"widget\" data-widget_type=\"text-editor.default\">\n\t\t\t\t\t\t\t\t\t<p><strong>Cu\u00e1ndo:<\/strong> 2 de octubre de 2013<br \/><strong>D\u00f3nde:<\/strong> Medialab-Prado C\/ Alameda, 15, Madrid<br \/><strong>Comisarios:<\/strong> Sergio Mart\u00edn Blas y<br \/>Maite Garc\u00eda Sanchis<br \/><strong>Financia:<\/strong> Embajada del Reino de los Pa\u00edses Bajos<\/p>\t\t\t\t\t\t\t\t<\/div>\n\t\t\t\t<\/div>\n\t\t\t\t<\/div>\n\t\t\t\t<\/div>\n\t\t\t\t<\/div>\n\t\t\t\t<\/div>\n\t\t\t\t<\/div>\n\t\t\t\t<\/div>\n\t\t<div class=\"elementor-element elementor-element-317ea38d e-con-full elementor-hidden-desktop elementor-hidden-tablet e-flex e-con e-child\" data-id=\"317ea38d\" data-element_type=\"container\" data-e-type=\"container\">\n\t\t<div class=\"elementor-element elementor-element-22239597 e-con-full e-flex e-con e-child\" data-id=\"22239597\" data-element_type=\"container\" data-e-type=\"container\">\n\t\t<div class=\"elementor-element elementor-element-25829896 e-con-full e-flex e-con e-child\" data-id=\"25829896\" data-element_type=\"container\" data-e-type=\"container\">\n\t\t<div class=\"elementor-element elementor-element-691f4623 e-con-full e-flex e-con e-child\" data-id=\"691f4623\" data-element_type=\"container\" data-e-type=\"container\">\n\t\t\t\t<div class=\"elementor-element elementor-element-7ec28c46 elementor-widget-tablet__width-initial elementor-widget__width-initial elementor-widget elementor-widget-image\" data-id=\"7ec28c46\" data-element_type=\"widget\" data-e-type=\"widget\" data-widget_type=\"image.default\">\n\t\t\t\t\t\t\t\t\t\t\t\t\t\t\t<img decoding=\"async\" width=\"189\" height=\"189\" src=\"http:\/\/138.4.92.168\/wp-content\/uploads\/2026\/01\/ico-publicaciones.png\" class=\"attachment-large size-large wp-image-899\" alt=\"\" \/>\t\t\t\t\t\t\t\t\t\t\t\t\t\t\t<\/div>\n\t\t\t\t<div class=\"elementor-element elementor-element-75c5c276 elementor-widget elementor-widget-text-editor\" data-id=\"75c5c276\" data-element_type=\"widget\" data-e-type=\"widget\" data-widget_type=\"text-editor.default\">\n\t\t\t\t\t\t\t\t\t<p><strong>Cat\u00e1logo \u2212 Catalogue<\/strong><\/p>\t\t\t\t\t\t\t\t<\/div>\n\t\t\t\t<\/div>\n\t\t\t\t<\/div>\n\t\t<div class=\"elementor-element elementor-element-709245e9 e-con-full e-flex e-con e-child\" data-id=\"709245e9\" data-element_type=\"container\" data-e-type=\"container\">\n\t\t<div class=\"elementor-element elementor-element-c72b977 e-con-full e-flex e-con e-child\" data-id=\"c72b977\" data-element_type=\"container\" data-e-type=\"container\">\n\t\t\t\t<div class=\"elementor-element elementor-element-5deb82fd elementor-widget-tablet__width-initial elementor-widget__width-initial elementor-widget elementor-widget-image\" data-id=\"5deb82fd\" data-element_type=\"widget\" data-e-type=\"widget\" data-widget_type=\"image.default\">\n\t\t\t\t\t\t\t\t\t\t\t\t\t\t\t<img decoding=\"async\" width=\"189\" height=\"189\" src=\"http:\/\/138.4.92.168\/wp-content\/uploads\/2026\/01\/ico-expo.png\" class=\"attachment-large size-large wp-image-880\" alt=\"\" \/>\t\t\t\t\t\t\t\t\t\t\t\t\t\t\t<\/div>\n\t\t\t\t<div class=\"elementor-element elementor-element-265702c7 elementor-widget elementor-widget-text-editor\" data-id=\"265702c7\" data-element_type=\"widget\" data-e-type=\"widget\" data-widget_type=\"text-editor.default\">\n\t\t\t\t\t\t\t\t\t<p><strong>Exposici\u00f3n \u2212 Exhibition<\/strong><\/p>\t\t\t\t\t\t\t\t<\/div>\n\t\t\t\t<\/div>\n\t\t\t\t<\/div>\n\t\t<div class=\"elementor-element elementor-element-74c17eff e-con-full e-flex e-con e-child\" data-id=\"74c17eff\" data-element_type=\"container\" data-e-type=\"container\">\n\t\t<div class=\"elementor-element elementor-element-2b423240 e-con-full e-flex e-con e-child\" data-id=\"2b423240\" data-element_type=\"container\" data-e-type=\"container\">\n\t\t\t\t<div class=\"elementor-element elementor-element-561be458 elementor-widget-tablet__width-initial elementor-widget__width-initial elementor-widget elementor-widget-image\" data-id=\"561be458\" data-element_type=\"widget\" data-e-type=\"widget\" data-widget_type=\"image.default\">\n\t\t\t\t\t\t\t\t\t\t\t\t\t\t\t<img loading=\"lazy\" decoding=\"async\" width=\"189\" height=\"189\" src=\"http:\/\/138.4.92.168\/wp-content\/uploads\/2026\/01\/ico-eventos.png\" class=\"attachment-large size-large wp-image-867\" alt=\"\" \/>\t\t\t\t\t\t\t\t\t\t\t\t\t\t\t<\/div>\n\t\t\t\t<div class=\"elementor-element elementor-element-68d8a809 elementor-widget elementor-widget-text-editor\" data-id=\"68d8a809\" data-element_type=\"widget\" data-e-type=\"widget\" data-widget_type=\"text-editor.default\">\n\t\t\t\t\t\t\t\t\t<p><strong>Proyectos &#8211; Research Projects<\/strong><\/p>\t\t\t\t\t\t\t\t<\/div>\n\t\t\t\t<\/div>\n\t\t\t\t<\/div>\n\t\t\t\t<\/div>\n\t\t\t\t<\/div>\n\t\t<div class=\"elementor-element elementor-element-364ff954 e-con-full e-flex e-con e-child\" data-id=\"364ff954\" data-element_type=\"container\" data-e-type=\"container\">\n\t\t\t\t<div class=\"elementor-element elementor-element-6f032730 elementor-widget elementor-widget-text-editor\" data-id=\"6f032730\" data-element_type=\"widget\" data-e-type=\"widget\" data-widget_type=\"text-editor.default\">\n\t\t\t\t\t\t\t\t\t<p>La tercera jornada de debate <em>Holanda en Madrid<\/em> se centra en analizar el papel de las instituciones, iniciativas y espacios culturales en la transformaci\u00f3n de la ciudad actual, al hilo de las experiencias m\u00e1s novedosas, tanto holandesas como madrile\u00f1as. Frente al conocido poder catalizador de los nuevos contenedores arquitect\u00f3nicos, la imagen espectacular de los museos y centros de arte, los grandes proyectos de concurso y las inversiones millonarias, algunas pr\u00e1cticas recientes parecen se\u00f1alar un retorno a estrategias de intervenci\u00f3n gradual, en ocasiones participativas, que se presentan como m\u00e1s \u201cplurales\u201d o \u201cdemocr\u00e1ticas\u201d, y que muy a menudo aprovechan la imagen y presencia urbana de estructuras existentes. \u00bfSuponen los nuevos discursos un verdadero cambio de rumbo en la relaci\u00f3n entre arte, cultura, y transformaci\u00f3n del espacio urbano, o se trata de propuestas meramente coyunturales?<br \/><br \/>Los arquitectos Sergio Mart\u00edn Blas y Maite Garc\u00eda Sanchis, comisarios y coordinadores del evento, han seleccionado un conjunto de ponentes implicados en algunas de las investigaciones y experiencias m\u00e1s interesantes de los \u00faltimos a\u00f1os en Madrid y Holanda. Entre ellos: Saskia van Stein, Patricia van Ulzen, Antonia Nieto, Marta Garc\u00eda Santo-Tom\u00e1s, Langarita\/Navarro y Lucila Urda. Las presentaciones breves a cargo de los invitados se plantean como introducci\u00f3n a un debate abierto al p\u00fablico, n\u00facleo fundamental y objetivo \u00faltimo de la jornada. Holanda en Madrid cuenta para esta edici\u00f3n con el apoyo de Medialab-Prado, una de las instituciones que con mayor claridad representa el cambio de rumbo en la promoci\u00f3n cultural de la ciudad.<\/p>\t\t\t\t\t\t\t\t<\/div>\n\t\t\t\t<\/div>\n\t\t\t\t<\/div>\n\t\t\t\t<\/div>\n\t\t<div class=\"elementor-element elementor-element-6a5160c e-con-full e-flex e-con e-parent\" data-id=\"6a5160c\" data-element_type=\"container\" data-e-type=\"container\">\n\t\t<div class=\"elementor-element elementor-element-4091c4a9 e-con-full e-flex e-con e-child\" data-id=\"4091c4a9\" data-element_type=\"container\" data-e-type=\"container\">\n\t\t<div class=\"elementor-element elementor-element-39ebbb2a e-con-full elementor-hidden-mobile e-flex e-con e-child\" data-id=\"39ebbb2a\" data-element_type=\"container\" data-e-type=\"container\">\n\t\t<div class=\"elementor-element elementor-element-3bfd0fb8 e-con-full e-flex e-con e-child\" data-id=\"3bfd0fb8\" data-element_type=\"container\" data-e-type=\"container\">\n\t\t<div class=\"elementor-element elementor-element-7e38faad e-con-full e-flex e-con e-child\" data-id=\"7e38faad\" data-element_type=\"container\" data-e-type=\"container\">\n\t\t<div class=\"elementor-element elementor-element-4dd51c4c e-con-full e-flex e-con e-child\" data-id=\"4dd51c4c\" data-element_type=\"container\" data-e-type=\"container\">\n\t\t\t\t<div class=\"elementor-element elementor-element-5878bcfd elementor-widget-tablet__width-initial elementor-widget__width-initial elementor-widget elementor-widget-image\" data-id=\"5878bcfd\" data-element_type=\"widget\" data-e-type=\"widget\" data-widget_type=\"image.default\">\n\t\t\t\t\t\t\t\t\t\t\t\t\t\t\t<img decoding=\"async\" width=\"189\" height=\"189\" src=\"http:\/\/138.4.92.168\/wp-content\/uploads\/2026\/01\/ico-publicaciones.png\" class=\"attachment-large size-large wp-image-899\" alt=\"\" \/>\t\t\t\t\t\t\t\t\t\t\t\t\t\t\t<\/div>\n\t\t\t\t<div class=\"elementor-element elementor-element-3d453fbe elementor-widget elementor-widget-text-editor\" data-id=\"3d453fbe\" data-element_type=\"widget\" data-e-type=\"widget\" data-widget_type=\"text-editor.default\">\n\t\t\t\t\t\t\t\t\t<p><strong>Cat\u00e1logo \u2212 Catalogue<\/strong><\/p>\t\t\t\t\t\t\t\t<\/div>\n\t\t\t\t<\/div>\n\t\t\t\t<\/div>\n\t\t<div class=\"elementor-element elementor-element-727a9997 e-con-full e-flex e-con e-child\" data-id=\"727a9997\" data-element_type=\"container\" data-e-type=\"container\">\n\t\t<div class=\"elementor-element elementor-element-589bcbdc e-con-full e-flex e-con e-child\" data-id=\"589bcbdc\" data-element_type=\"container\" data-e-type=\"container\">\n\t\t\t\t<div class=\"elementor-element elementor-element-5301e5d2 elementor-widget-tablet__width-initial elementor-widget__width-initial elementor-widget elementor-widget-image\" data-id=\"5301e5d2\" data-element_type=\"widget\" data-e-type=\"widget\" data-widget_type=\"image.default\">\n\t\t\t\t\t\t\t\t\t\t\t\t\t\t\t<img decoding=\"async\" width=\"189\" height=\"189\" src=\"http:\/\/138.4.92.168\/wp-content\/uploads\/2026\/01\/ico-expo.png\" class=\"attachment-large size-large wp-image-880\" alt=\"\" \/>\t\t\t\t\t\t\t\t\t\t\t\t\t\t\t<\/div>\n\t\t\t\t<div class=\"elementor-element elementor-element-2c33bbb2 elementor-widget elementor-widget-text-editor\" data-id=\"2c33bbb2\" data-element_type=\"widget\" data-e-type=\"widget\" data-widget_type=\"text-editor.default\">\n\t\t\t\t\t\t\t\t\t<p><strong>Exposici\u00f3n \u2212 Exhibition<\/strong><\/p>\t\t\t\t\t\t\t\t<\/div>\n\t\t\t\t<\/div>\n\t\t\t\t<\/div>\n\t\t<div class=\"elementor-element elementor-element-4cb3f06d e-con-full e-flex e-con e-child\" data-id=\"4cb3f06d\" data-element_type=\"container\" data-e-type=\"container\">\n\t\t<div class=\"elementor-element elementor-element-37f18b97 e-con-full e-flex e-con e-child\" data-id=\"37f18b97\" data-element_type=\"container\" data-e-type=\"container\">\n\t\t\t\t<div class=\"elementor-element elementor-element-4ce723a6 elementor-widget-tablet__width-initial elementor-widget__width-initial elementor-widget elementor-widget-image\" data-id=\"4ce723a6\" data-element_type=\"widget\" data-e-type=\"widget\" data-widget_type=\"image.default\">\n\t\t\t\t\t\t\t\t\t\t\t\t\t\t\t<img loading=\"lazy\" decoding=\"async\" width=\"189\" height=\"189\" src=\"http:\/\/138.4.92.168\/wp-content\/uploads\/2026\/01\/ico-eventos.png\" class=\"attachment-large size-large wp-image-867\" alt=\"\" \/>\t\t\t\t\t\t\t\t\t\t\t\t\t\t\t<\/div>\n\t\t\t\t<div class=\"elementor-element elementor-element-16ca0519 elementor-widget elementor-widget-text-editor\" data-id=\"16ca0519\" data-element_type=\"widget\" data-e-type=\"widget\" data-widget_type=\"text-editor.default\">\n\t\t\t\t\t\t\t\t\t<p><strong>Proyectos &#8211; Research Projects<\/strong><\/p>\t\t\t\t\t\t\t\t<\/div>\n\t\t\t\t<\/div>\n\t\t\t\t<\/div>\n\t\t\t\t<\/div>\n\t\t\t\t<\/div>\n\t\t<div class=\"elementor-element elementor-element-e384912 e-con-full e-flex e-con e-child\" data-id=\"e384912\" data-element_type=\"container\" data-e-type=\"container\">\n\t\t\t\t<div class=\"elementor-element elementor-element-501b3277 elementor-widget elementor-widget-text-editor\" data-id=\"501b3277\" data-element_type=\"widget\" data-e-type=\"widget\" data-widget_type=\"text-editor.default\">\n\t\t\t\t\t\t\t\t\t<p><span style=\"color: #999999;\">The third day of debate <em>Holanda en Madrid<\/em> focused on analyzing the role of institutions, initiatives and cultural spaces in the transformation of today&#8217;s city, in line with the most innovative experiences, both from Holland and from Madrid. In comparison with the well documented catalytic power of new architectural containers, the spectacular image of museums and art centres, of large competition projects and million-dollar investments, some recent practices seem to point to a return to strategies of gradual intervention, sometimes participatory ones, that are presented as more \u201cplural\u201d or \u201cdemocratic\u201d, and that very often take advantage of the image and urban presence of existing structures. Do the new discourses represent a true change of course in the relationship between art, culture, and the transformation of urban space, or are they merely circumstantial proposals?<br \/><br \/><\/span><span style=\"color: #999999;\">The architects Sergio Mart\u00edn Blas and Maite Garc\u00eda Sanchis, curators and coordinators of the event, selected a set of speakers involved in some of the most interesting research and experiences in recent years in Madrid and the Netherlands. Among them Saskia van Stein, Patricia van Ulzen, Antonia Nieto, Marta Garc\u00eda Santo-Tom\u00e1s, Langarita\/Navarro and Lucila Urda. The short presentations by the guests were presented as an introduction to the fundamental nucleus and ultimate objective of the day &#8211; a debate open to the public. For this edition, Holanda en Madrid had for this edition the support of Medialab-Prado, one of the institutions that most clearly represents the change of direction in cultural promotion in the city.<\/span><\/p>\t\t\t\t\t\t\t\t<\/div>\n\t\t\t\t<\/div>\n\t\t\t\t<\/div>\n\t\t\t\t<\/div>\n\t\t<div class=\"elementor-element elementor-element-474bc4f9 e-flex e-con-boxed e-con e-parent\" data-id=\"474bc4f9\" data-element_type=\"container\" data-e-type=\"container\">\n\t\t\t\t\t<div class=\"e-con-inner\">\n\t\t\t\t<div class=\"elementor-element elementor-element-88e19e1 elementor-widget elementor-widget-spacer\" data-id=\"88e19e1\" data-element_type=\"widget\" data-e-type=\"widget\" data-widget_type=\"spacer.default\">\n\t\t\t\t\t\t\t<div class=\"elementor-spacer\">\n\t\t\t<div class=\"elementor-spacer-inner\"><\/div>\n\t\t<\/div>\n\t\t\t\t\t\t<\/div>\n\t\t\t\t\t<\/div>\n\t\t\t\t<\/div>\n\t\t\t\t<\/div>\n\t\t","protected":false},"excerpt":{"rendered":"<p>EVENTOS &#8211; EVENTS HOLANDA EN MADRID III. ARTE Y REGENERACI\u00d3N URBANA Holanda en Madrid III. Arte y regeneraci\u00f3n urbana Cu\u00e1ndo: [&hellip;]<\/p>\n","protected":false},"author":1,"featured_media":0,"parent":0,"menu_order":0,"comment_status":"closed","ping_status":"closed","template":"","meta":{"site-sidebar-layout":"default","site-content-layout":"","ast-site-content-layout":"default","site-content-style":"default","site-sidebar-style":"default","ast-global-header-display":"disabled","ast-banner-title-visibility":"disabled","ast-main-header-display":"","ast-hfb-above-header-display":"","ast-hfb-below-header-display":"","ast-hfb-mobile-header-display":"","site-post-title":"","ast-breadcrumbs-content":"","ast-featured-img":"disabled","footer-sml-layout":"disabled","ast-disable-related-posts":"","theme-transparent-header-meta":"default","adv-header-id-meta":"","stick-header-meta":"","header-above-stick-meta":"","header-main-stick-meta":"","header-below-stick-meta":"","astra-migrate-meta-layouts":"default","ast-page-background-enabled":"default","ast-page-background-meta":{"desktop":{"background-color":"var(--ast-global-color-5)","background-image":"","background-repeat":"repeat","background-position":"center center","background-size":"auto","background-attachment":"scroll","background-type":"","background-media":"","overlay-type":"","overlay-color":"","overlay-opacity":"","overlay-gradient":""},"tablet":{"background-color":"","background-image":"","background-repeat":"repeat","background-position":"center center","background-size":"auto","background-attachment":"scroll","background-type":"","background-media":"","overlay-type":"","overlay-color":"","overlay-opacity":"","overlay-gradient":""},"mobile":{"background-color":"","background-image":"","background-repeat":"repeat","background-position":"center center","background-size":"auto","background-attachment":"scroll","background-type":"","background-media":"","overlay-type":"","overlay-color":"","overlay-opacity":"","overlay-gradient":""}},"ast-content-background-meta":{"desktop":{"background-color":"var(--ast-global-color-4)","background-image":"","background-repeat":"repeat","background-position":"center center","background-size":"auto","background-attachment":"scroll","background-type":"","background-media":"","overlay-type":"","overlay-color":"","overlay-opacity":"","overlay-gradient":""},"tablet":{"background-color":"var(--ast-global-color-4)","background-image":"","background-repeat":"repeat","background-position":"center center","background-size":"auto","background-attachment":"scroll","background-type":"","background-media":"","overlay-type":"","overlay-color":"","overlay-opacity":"","overlay-gradient":""},"mobile":{"background-color":"var(--ast-global-color-4)","background-image":"","background-repeat":"repeat","background-position":"center center","background-size":"auto","background-attachment":"scroll","background-type":"","background-media":"","overlay-type":"","overlay-color":"","overlay-opacity":"","overlay-gradient":""}},"footnotes":""},"class_list":["post-2641","page","type-page","status-publish","hentry"],"_links":{"self":[{"href":"http:\/\/138.4.92.168\/index.php\/wp-json\/wp\/v2\/pages\/2641","targetHints":{"allow":["GET"]}}],"collection":[{"href":"http:\/\/138.4.92.168\/index.php\/wp-json\/wp\/v2\/pages"}],"about":[{"href":"http:\/\/138.4.92.168\/index.php\/wp-json\/wp\/v2\/types\/page"}],"author":[{"embeddable":true,"href":"http:\/\/138.4.92.168\/index.php\/wp-json\/wp\/v2\/users\/1"}],"replies":[{"embeddable":true,"href":"http:\/\/138.4.92.168\/index.php\/wp-json\/wp\/v2\/comments?post=2641"}],"version-history":[{"count":0,"href":"http:\/\/138.4.92.168\/index.php\/wp-json\/wp\/v2\/pages\/2641\/revisions"}],"wp:attachment":[{"href":"http:\/\/138.4.92.168\/index.php\/wp-json\/wp\/v2\/media?parent=2641"}],"curies":[{"name":"wp","href":"https:\/\/api.w.org\/{rel}","templated":true}]}}