{"id":243,"date":"2025-09-25T10:35:45","date_gmt":"2025-09-25T10:35:45","guid":{"rendered":"http:\/\/138.4.92.224\/?page_id=243"},"modified":"2026-03-23T16:34:37","modified_gmt":"2026-03-23T16:34:37","slug":"elementor-243","status":"publish","type":"page","link":"http:\/\/138.4.92.168\/","title":{"rendered":"NuTac"},"content":{"rendered":"\t\t<div data-elementor-type=\"wp-post\" data-elementor-id=\"243\" class=\"elementor elementor-243\" data-elementor-post-type=\"page\">\n\t\t\t\t<a class=\"elementor-element elementor-element-800c68c e-con-full e-flex e-con e-parent\" data-id=\"800c68c\" data-element_type=\"container\" data-e-type=\"container\" data-settings=\"{&quot;sticky&quot;:&quot;top&quot;,&quot;animation&quot;:&quot;none&quot;,&quot;sticky_on&quot;:[&quot;desktop&quot;,&quot;tablet&quot;,&quot;mobile&quot;],&quot;sticky_offset&quot;:0,&quot;sticky_effects_offset&quot;:0,&quot;sticky_anchor_link_offset&quot;:0}\">\n\t\t\t\t<div class=\"elementor-element elementor-element-5075c31 elementor-widget__width-initial elementor-absolute elementor-widget elementor-widget-n-accordion\" data-id=\"5075c31\" data-element_type=\"widget\" data-e-type=\"widget\" data-settings=\"{&quot;default_state&quot;:&quot;all_collapsed&quot;,&quot;n_accordion_animation_duration&quot;:{&quot;unit&quot;:&quot;ms&quot;,&quot;size&quot;:300,&quot;sizes&quot;:[]},&quot;_position&quot;:&quot;absolute&quot;,&quot;max_items_expended&quot;:&quot;one&quot;}\" data-widget_type=\"nested-accordion.default\">\n\t\t\t\t\t\t\t<div class=\"e-n-accordion\" aria-label=\"Accordion. Open links with Enter or Space, close with Escape, and navigate with Arrow Keys\">\n\t\t\t\t\t\t<details id=\"e-n-accordion-item-8430\" class=\"e-n-accordion-item\" >\n\t\t\t\t<summary class=\"e-n-accordion-item-title\" data-accordion-index=\"1\" tabindex=\"0\" aria-expanded=\"false\" aria-controls=\"e-n-accordion-item-8430\" >\n\t\t\t\t\t<span class='e-n-accordion-item-title-header'><p class=\"e-n-accordion-item-title-text\"> NuTAC <\/p><\/span>\n\t\t\t\t\t\t\t\t\t<\/summary>\n\t\t\t\t<div role=\"region\" aria-labelledby=\"e-n-accordion-item-8430\" class=\"elementor-element elementor-element-e35c492 e-con-full e-flex e-con e-child\" data-id=\"e35c492\" data-element_type=\"container\" data-e-type=\"container\" data-settings=\"{&quot;background_background&quot;:&quot;classic&quot;}\">\n\t\t\t\t<div class=\"elementor-element elementor-element-ff83ca9 elementor-widget elementor-widget-text-editor\" data-id=\"ff83ca9\" data-element_type=\"widget\" data-e-type=\"widget\" data-widget_type=\"text-editor.default\">\n\t\t\t\t\t\t\t\t\t<p style=\"text-align: center;\"><span style=\"color: #000000;\"><strong>nutac.arquitectura@upm.es<\/strong><\/span><\/p>\t\t\t\t\t\t\t\t<\/div>\n\t\t\t\t<div class=\"elementor-element elementor-element-86b505d elementor-widget elementor-widget-text-editor\" data-id=\"86b505d\" data-element_type=\"widget\" data-e-type=\"widget\" data-widget_type=\"text-editor.default\">\n\t\t\t\t\t\t\t\t\t<p style=\"text-align: center;\"><span style=\"color: #333333;\">Nuevas T\u00e9cnicas, Arquitectura, Ciudad es un grupo de investigaci\u00f3n consolidado de la Universidad Polit\u00e9cnica de Madrid, formado en 2006 por el catedr\u00e1tico Gabriel Ruiz Cabrero y dirigido actualmente por el profesor titular Jos\u00e9 Mar\u00eda Ezquiaga, ambos de la ETSAM. El grupo se ocupa del estudio de fen\u00f3menos y t\u00e9cnicas de intervenci\u00f3n en el entorno urbano partiendo de una visi\u00f3n de conjunto, capaz de atravesar distintas escalas de aproximaci\u00f3n. Para ello re\u00fane componentes de cinco departamentos de la ETSAM y de un departamento de la ETS de Edificaci\u00f3n, adem\u00e1s de contar con una amplia red de colaboradores internacionales.<\/span><\/p>\t\t\t\t\t\t\t\t<\/div>\n\t\t\t\t<div class=\"elementor-element elementor-element-31b777a elementor-widget elementor-widget-spacer\" data-id=\"31b777a\" data-element_type=\"widget\" data-e-type=\"widget\" data-widget_type=\"spacer.default\">\n\t\t\t\t\t\t\t<div class=\"elementor-spacer\">\n\t\t\t<div class=\"elementor-spacer-inner\"><\/div>\n\t\t<\/div>\n\t\t\t\t\t\t<\/div>\n\t\t\t\t<div class=\"elementor-element elementor-element-a2f1014 elementor-widget elementor-widget-text-editor\" data-id=\"a2f1014\" data-element_type=\"widget\" data-e-type=\"widget\" data-widget_type=\"text-editor.default\">\n\t\t\t\t\t\t\t\t\t<p style=\"text-align: center;\"><\/p><span style=\"color: #999999;\">Nuevas T\u00e9cnicas, Arquitectura, Ciudad (New techniques, Architecture, City) is a consolidated research group from the Polytechnic University of Madrid (UPM), formed in 2006 by Professor Gabriel Ruiz Cabrero and currently directed by Professor Jos\u00e9 Mar\u00eda Ezquiaga, both from the Madrid Higher Technical School of Architecture (ETSAM). The group specializes in the study of phenomena and intervention techniques in the urban environment with a holistic view capable of covering different scales of approach. To do this, it brings together components from five departments at ETSAM and one department from the Madrid Higher Technical School of Building Engineering (ETS Building), in addition to having a wide network of international collaborators.<\/span><\/p>\t\t\t\t\t\t\t\t<\/div>\n\t\t\t\t<\/div>\n\t\t\t\t\t<\/details>\n\t\t\t\t\t<\/div>\n\t\t\t\t\t\t<\/div>\n\t\t\t\t<\/a>\n\t\t<a class=\"elementor-element elementor-element-3837f58 e-con-full e-flex e-con e-parent\" data-id=\"3837f58\" data-element_type=\"container\" data-e-type=\"container\" data-settings=\"{&quot;background_background&quot;:&quot;classic&quot;}\" href=\"http:\/\/138.4.92.168\/index.php\/equipo\/\">\n\t\t\t\t<div class=\"elementor-element elementor-element-493a923 elementor-widget-mobile__width-initial elementor-widget elementor-widget-heading\" data-id=\"493a923\" data-element_type=\"widget\" data-e-type=\"widget\" data-widget_type=\"heading.default\">\n\t\t\t\t\t<h1 class=\"elementor-heading-title elementor-size-default\">EQUIPO - TEAM<\/h1>\t\t\t\t<\/div>\n\t\t\t\t<\/a>\n\t\t<a class=\"elementor-element elementor-element-467b649 e-con-full e-flex e-con e-parent\" data-id=\"467b649\" data-element_type=\"container\" data-e-type=\"container\" data-settings=\"{&quot;background_background&quot;:&quot;classic&quot;}\" href=\"http:\/\/138.4.92.168\/index.php\/proyec\/\">\n\t\t\t\t<div class=\"elementor-element elementor-element-7ab4c91 elementor-widget-mobile__width-initial elementor-widget elementor-widget-heading\" data-id=\"7ab4c91\" data-element_type=\"widget\" data-e-type=\"widget\" data-widget_type=\"heading.default\">\n\t\t\t\t\t<h1 class=\"elementor-heading-title elementor-size-default\">PROYECTOS - \nRESEARCH PROJECTS<\/h1>\t\t\t\t<\/div>\n\t\t\t\t<\/a>\n\t\t<a class=\"elementor-element elementor-element-a57a94c e-con-full e-flex e-con e-parent\" data-id=\"a57a94c\" data-element_type=\"container\" data-e-type=\"container\" data-settings=\"{&quot;background_background&quot;:&quot;classic&quot;}\" href=\"http:\/\/138.4.92.168\/index.php\/publicaciones\/\">\n\t\t\t\t<div class=\"elementor-element elementor-element-45c6601 elementor-widget-mobile__width-initial elementor-widget elementor-widget-heading\" data-id=\"45c6601\" data-element_type=\"widget\" data-e-type=\"widget\" data-widget_type=\"heading.default\">\n\t\t\t\t\t<h1 class=\"elementor-heading-title elementor-size-default\">PUBLICACIONES - PUBLICATIONS<\/h1>\t\t\t\t<\/div>\n\t\t\t\t<\/a>\n\t\t<a class=\"elementor-element elementor-element-0ed39ce e-con-full e-flex e-con e-parent\" data-id=\"0ed39ce\" data-element_type=\"container\" data-e-type=\"container\" data-settings=\"{&quot;background_background&quot;:&quot;classic&quot;}\" href=\"http:\/\/138.4.92.168\/index.php\/exposiciones\/\">\n\t\t\t\t<div class=\"elementor-element elementor-element-9000393 elementor-widget-mobile__width-initial elementor-widget elementor-widget-heading\" data-id=\"9000393\" data-element_type=\"widget\" data-e-type=\"widget\" data-widget_type=\"heading.default\">\n\t\t\t\t\t<h1 class=\"elementor-heading-title elementor-size-default\">EXPOSICIONES - EXHIBITIONS<\/h1>\t\t\t\t<\/div>\n\t\t\t\t<\/a>\n\t\t<a class=\"elementor-element elementor-element-fe49323 e-con-full e-flex e-con e-parent\" data-id=\"fe49323\" data-element_type=\"container\" data-e-type=\"container\" data-settings=\"{&quot;background_background&quot;:&quot;classic&quot;}\" href=\"http:\/\/138.4.92.168\/index.php\/eventos2\">\n\t\t\t\t<div class=\"elementor-element elementor-element-9ef3bd4 elementor-widget-mobile__width-initial elementor-widget elementor-widget-heading\" data-id=\"9ef3bd4\" data-element_type=\"widget\" data-e-type=\"widget\" data-widget_type=\"heading.default\">\n\t\t\t\t\t<h1 class=\"elementor-heading-title elementor-size-default\">EVENTOS - EVENTS<\/h1>\t\t\t\t<\/div>\n\t\t\t\t<\/a>\n\t\t<a class=\"elementor-element elementor-element-49e54e9 e-con-full e-flex e-con e-parent\" data-id=\"49e54e9\" data-element_type=\"container\" data-e-type=\"container\" data-settings=\"{&quot;background_background&quot;:&quot;classic&quot;}\" href=\"http:\/\/138.4.92.168\/index.php\/formacion\/\">\n\t\t\t\t<div class=\"elementor-element elementor-element-c5b4c48 elementor-widget-mobile__width-initial elementor-widget elementor-widget-heading\" data-id=\"c5b4c48\" data-element_type=\"widget\" data-e-type=\"widget\" data-widget_type=\"heading.default\">\n\t\t\t\t\t<h1 class=\"elementor-heading-title elementor-size-default\">FORMACI\u00d3N - TRAINING<\/h1>\t\t\t\t<\/div>\n\t\t\t\t<\/a>\n\t\t<a class=\"elementor-element elementor-element-c7ba68c e-con-full e-flex e-con e-parent\" data-id=\"c7ba68c\" data-element_type=\"container\" data-e-type=\"container\" data-settings=\"{&quot;background_background&quot;:&quot;classic&quot;}\" href=\"http:\/\/138.4.92.168\/index.php\/formacion-2\/\">\n\t\t\t\t<div class=\"elementor-element elementor-element-861cf70 elementor-widget-mobile__width-initial elementor-widget elementor-widget-heading\" data-id=\"861cf70\" data-element_type=\"widget\" data-e-type=\"widget\" data-widget_type=\"heading.default\">\n\t\t\t\t\t<h1 class=\"elementor-heading-title elementor-size-default\">ENLACES - LINKS<\/h1>\t\t\t\t<\/div>\n\t\t\t\t<\/a>\n\t\t\t\t<\/div>\n\t\t","protected":false},"excerpt":{"rendered":"<p>NuTAC nutac.arquitectura@upm.es Nuevas T\u00e9cnicas, Arquitectura, Ciudad es un grupo de investigaci\u00f3n consolidado de la Universidad Polit\u00e9cnica de Madrid, formado en [&hellip;]<\/p>\n","protected":false},"author":1,"featured_media":0,"parent":0,"menu_order":0,"comment_status":"closed","ping_status":"closed","template":"","meta":{"site-sidebar-layout":"default","site-content-layout":"","ast-site-content-layout":"default","site-content-style":"default","site-sidebar-style":"default","ast-global-header-display":"disabled","ast-banner-title-visibility":"disabled","ast-main-header-display":"","ast-hfb-above-header-display":"","ast-hfb-below-header-display":"","ast-hfb-mobile-header-display":"","site-post-title":"","ast-breadcrumbs-content":"","ast-featured-img":"","footer-sml-layout":"disabled","ast-disable-related-posts":"","theme-transparent-header-meta":"default","adv-header-id-meta":"","stick-header-meta":"","header-above-stick-meta":"","header-main-stick-meta":"","header-below-stick-meta":"","astra-migrate-meta-layouts":"default","ast-page-background-enabled":"default","ast-page-background-meta":{"desktop":{"background-color":"var(--ast-global-color-5)","background-image":"","background-repeat":"repeat","background-position":"center center","background-size":"auto","background-attachment":"scroll","background-type":"","background-media":"","overlay-type":"","overlay-color":"","overlay-opacity":"","overlay-gradient":""},"tablet":{"background-color":"","background-image":"","background-repeat":"repeat","background-position":"center center","background-size":"auto","background-attachment":"scroll","background-type":"","background-media":"","overlay-type":"","overlay-color":"","overlay-opacity":"","overlay-gradient":""},"mobile":{"background-color":"","background-image":"","background-repeat":"repeat","background-position":"center center","background-size":"auto","background-attachment":"scroll","background-type":"","background-media":"","overlay-type":"","overlay-color":"","overlay-opacity":"","overlay-gradient":""}},"ast-content-background-meta":{"desktop":{"background-color":"var(--ast-global-color-4)","background-image":"","background-repeat":"repeat","background-position":"center center","background-size":"auto","background-attachment":"scroll","background-type":"","background-media":"","overlay-type":"","overlay-color":"","overlay-opacity":"","overlay-gradient":""},"tablet":{"background-color":"var(--ast-global-color-4)","background-image":"","background-repeat":"repeat","background-position":"center center","background-size":"auto","background-attachment":"scroll","background-type":"","background-media":"","overlay-type":"","overlay-color":"","overlay-opacity":"","overlay-gradient":""},"mobile":{"background-color":"var(--ast-global-color-4)","background-image":"","background-repeat":"repeat","background-position":"center center","background-size":"auto","background-attachment":"scroll","background-type":"","background-media":"","overlay-type":"","overlay-color":"","overlay-opacity":"","overlay-gradient":""}},"footnotes":""},"class_list":["post-243","page","type-page","status-publish","hentry"],"_links":{"self":[{"href":"http:\/\/138.4.92.168\/index.php\/wp-json\/wp\/v2\/pages\/243","targetHints":{"allow":["GET"]}}],"collection":[{"href":"http:\/\/138.4.92.168\/index.php\/wp-json\/wp\/v2\/pages"}],"about":[{"href":"http:\/\/138.4.92.168\/index.php\/wp-json\/wp\/v2\/types\/page"}],"author":[{"embeddable":true,"href":"http:\/\/138.4.92.168\/index.php\/wp-json\/wp\/v2\/users\/1"}],"replies":[{"embeddable":true,"href":"http:\/\/138.4.92.168\/index.php\/wp-json\/wp\/v2\/comments?post=243"}],"version-history":[{"count":0,"href":"http:\/\/138.4.92.168\/index.php\/wp-json\/wp\/v2\/pages\/243\/revisions"}],"wp:attachment":[{"href":"http:\/\/138.4.92.168\/index.php\/wp-json\/wp\/v2\/media?parent=243"}],"curies":[{"name":"wp","href":"https:\/\/api.w.org\/{rel}","templated":true}]}}