{"id":2212,"date":"2026-03-09T16:03:35","date_gmt":"2026-03-09T16:03:35","guid":{"rendered":"http:\/\/138.4.92.168\/?page_id=2212"},"modified":"2026-04-09T15:39:28","modified_gmt":"2026-04-09T15:39:28","slug":"proyecto-nuevas-tecnicas-y-vivienda-social","status":"publish","type":"page","link":"http:\/\/138.4.92.168\/index.php\/proyecto-nuevas-tecnicas-y-vivienda-social\/","title":{"rendered":"Proyecto-Nuevas T\u00e9cnicas y Vivienda Social"},"content":{"rendered":"\t\t<div data-elementor-type=\"wp-page\" data-elementor-id=\"2212\" class=\"elementor elementor-2212\" data-elementor-post-type=\"page\">\n\t\t\t\t<a class=\"elementor-element elementor-element-15384522 e-flex e-con-boxed e-con e-parent\" data-id=\"15384522\" data-element_type=\"container\" data-e-type=\"container\" data-settings=\"{&quot;background_background&quot;:&quot;classic&quot;}\" href=\"http:\/\/138.4.92.168\/index.php\/proyec\/\">\n\t\t\t\t\t<div class=\"e-con-inner\">\n\t\t<div class=\"elementor-element elementor-element-456711a3 e-con-full e-flex e-con e-child\" data-id=\"456711a3\" data-element_type=\"container\" data-e-type=\"container\">\n\t\t\t\t<div class=\"elementor-element elementor-element-17bc9cef elementor-widget elementor-widget-image\" data-id=\"17bc9cef\" data-element_type=\"widget\" data-e-type=\"widget\" data-widget_type=\"image.default\">\n\t\t\t\t\t\t\t\t\t\t\t\t\t\t\t<img decoding=\"async\" width=\"189\" height=\"189\" src=\"http:\/\/138.4.92.168\/wp-content\/uploads\/2026\/01\/ico-proyectos.png\" class=\"attachment-medium_large size-medium_large wp-image-898\" alt=\"\" \/>\t\t\t\t\t\t\t\t\t\t\t\t\t\t\t<\/div>\n\t\t\t\t<\/div>\n\t\t<div class=\"elementor-element elementor-element-5f4bbf0a e-con-full e-flex e-con e-child\" data-id=\"5f4bbf0a\" data-element_type=\"container\" data-e-type=\"container\">\n\t\t\t\t<div class=\"elementor-element elementor-element-55a9225a elementor-widget elementor-widget-heading\" data-id=\"55a9225a\" data-element_type=\"widget\" data-e-type=\"widget\" data-widget_type=\"heading.default\">\n\t\t\t\t\t<h1 class=\"elementor-heading-title elementor-size-default\">PROYECTOS - RESEARCH PROJECTS<\/h1>\t\t\t\t<\/div>\n\t\t\t\t<\/div>\n\t\t<div class=\"elementor-element elementor-element-16ebc722 e-con-full e-flex e-con e-child\" data-id=\"16ebc722\" data-element_type=\"container\" data-e-type=\"container\">\n\t\t\t\t<div class=\"elementor-element elementor-element-60fcf59d elementor-view-default elementor-widget elementor-widget-icon\" data-id=\"60fcf59d\" data-element_type=\"widget\" data-e-type=\"widget\" data-widget_type=\"icon.default\">\n\t\t\t\t\t\t\t<div class=\"elementor-icon-wrapper\">\n\t\t\t<div class=\"elementor-icon\">\n\t\t\t<i aria-hidden=\"true\" class=\"icon icon-menu1\"><\/i>\t\t\t<\/div>\n\t\t<\/div>\n\t\t\t\t\t\t<\/div>\n\t\t\t\t<\/div>\n\t\t\t\t\t<\/div>\n\t\t\t\t<\/a>\n\t\t<div class=\"elementor-element elementor-element-5bd10200 e-flex e-con-boxed e-con e-parent\" data-id=\"5bd10200\" data-element_type=\"container\" data-e-type=\"container\">\n\t\t\t\t\t<div class=\"e-con-inner\">\n\t\t\t\t<div class=\"elementor-element elementor-element-ee5d637 elementor-widget__width-inherit elementor-widget-tablet__width-inherit elementor-widget elementor-widget-heading\" data-id=\"ee5d637\" data-element_type=\"widget\" data-e-type=\"widget\" data-widget_type=\"heading.default\">\n\t\t\t\t\t<h1 class=\"elementor-heading-title elementor-size-default\">NUEVAS T\u00c9CNICAS Y VIVIENDA SOCIAL<\/h1>\t\t\t\t<\/div>\n\t\t\t\t<div class=\"elementor-element elementor-element-67dd6fc4 elementor-widget-divider--view-line elementor-widget elementor-widget-divider\" data-id=\"67dd6fc4\" data-element_type=\"widget\" data-e-type=\"widget\" data-widget_type=\"divider.default\">\n\t\t\t\t\t\t\t<div class=\"elementor-divider\">\n\t\t\t<span class=\"elementor-divider-separator\">\n\t\t\t\t\t\t<\/span>\n\t\t<\/div>\n\t\t\t\t\t\t<\/div>\n\t\t\t\t\t<\/div>\n\t\t\t\t<\/div>\n\t\t<div class=\"elementor-element elementor-element-23ae5fa e-con-full e-flex e-con e-parent\" data-id=\"23ae5fa\" data-element_type=\"container\" data-e-type=\"container\">\n\t\t<div class=\"elementor-element elementor-element-ad68d04 e-con-full e-flex e-con e-child\" data-id=\"ad68d04\" data-element_type=\"container\" data-e-type=\"container\">\n\t\t<div class=\"elementor-element elementor-element-1c2efc43 e-con-full e-flex e-con e-child\" data-id=\"1c2efc43\" data-element_type=\"container\" data-e-type=\"container\">\n\t\t\t\t<div class=\"elementor-element elementor-element-381993c7 elementor-widget elementor-widget-text-editor\" data-id=\"381993c7\" data-element_type=\"widget\" data-e-type=\"widget\" data-widget_type=\"text-editor.default\">\n\t\t\t\t\t\t\t\t\t<p><strong>Fechas:<\/strong> 2009-2010<br \/><strong>Financiaci\u00f3n:<\/strong> Ministerio de Ciencia e Innovaci\u00f3n (Plan Nacional de I+D Excelencia)<br \/><strong>Entidades participantes:<\/strong> UPM, Ministerio de Ciencia e Innovaci\u00f3n; EPOs: IVIMA, EMVS, VIMCORSA<br \/><strong>Investigador principal:<\/strong> Gabriel Ruiz Cabrero<br \/><strong>Miembros equipo investigador:<\/strong> Sergio Martin Blas (UPM), Ram\u00f3n L\u00f3pez De Lucio (UPM), Francisco Hern\u00e1ndez Olivares (UPM), Alberto Ballar\u00edn Iribarren (UPM), Javier Maroto Ramos (UPM), \u00c1lvaro Soto Aguirre (UPM), Agat\u00e1ngelo Soler Montellano (UPM), Luz Sempere S\u00e1nchez (UPM), Iv\u00e1n Pajares S\u00e1nchez (UPM), Isabel Rodr\u00edguez Martin (UPM), Maite Garc\u00eda Sanchis (UPM), Gonzalo Meli\u00e1n Marrero (UPM) y Jos\u00e9 Mar\u00eda Ezquiaga Dom\u00ednguez (UPM)<\/p>\t\t\t\t\t\t\t\t<\/div>\n\t\t\t\t<\/div>\n\t\t<div class=\"elementor-element elementor-element-e2c6e3a e-con-full elementor-hidden-desktop elementor-hidden-tablet e-flex e-con e-child\" data-id=\"e2c6e3a\" data-element_type=\"container\" data-e-type=\"container\">\n\t\t<div class=\"elementor-element elementor-element-6a2e195 e-con-full e-flex e-con e-child\" data-id=\"6a2e195\" data-element_type=\"container\" data-e-type=\"container\">\n\t\t<div class=\"elementor-element elementor-element-4b7ee5fb e-con-full e-flex e-con e-child\" data-id=\"4b7ee5fb\" data-element_type=\"container\" data-e-type=\"container\">\n\t\t<div class=\"elementor-element elementor-element-7b726c74 e-con-full e-flex e-con e-child\" data-id=\"7b726c74\" data-element_type=\"container\" data-e-type=\"container\">\n\t\t\t\t<div class=\"elementor-element elementor-element-4c31c823 elementor-widget-tablet__width-initial elementor-widget__width-initial elementor-widget elementor-widget-image\" data-id=\"4c31c823\" data-element_type=\"widget\" data-e-type=\"widget\" data-widget_type=\"image.default\">\n\t\t\t\t\t\t\t\t\t\t\t\t\t\t\t<img decoding=\"async\" width=\"189\" height=\"189\" src=\"http:\/\/138.4.92.168\/wp-content\/uploads\/2026\/01\/ico-publicaciones.png\" class=\"attachment-large size-large wp-image-899\" alt=\"\" \/>\t\t\t\t\t\t\t\t\t\t\t\t\t\t\t<\/div>\n\t\t\t\t<div class=\"elementor-element elementor-element-50616569 elementor-widget elementor-widget-text-editor\" data-id=\"50616569\" data-element_type=\"widget\" data-e-type=\"widget\" data-widget_type=\"text-editor.default\">\n\t\t\t\t\t\t\t\t\t<p><strong>Cat\u00e1logo \u2212 <\/strong>Catalogue<\/p>\t\t\t\t\t\t\t\t<\/div>\n\t\t\t\t<\/div>\n\t\t\t\t<\/div>\n\t\t<div class=\"elementor-element elementor-element-5094982d e-con-full e-flex e-con e-child\" data-id=\"5094982d\" data-element_type=\"container\" data-e-type=\"container\">\n\t\t<div class=\"elementor-element elementor-element-4e76713f e-con-full e-flex e-con e-child\" data-id=\"4e76713f\" data-element_type=\"container\" data-e-type=\"container\">\n\t\t\t\t<div class=\"elementor-element elementor-element-3a0a1cd3 elementor-widget-tablet__width-initial elementor-widget__width-initial elementor-widget elementor-widget-image\" data-id=\"3a0a1cd3\" data-element_type=\"widget\" data-e-type=\"widget\" data-widget_type=\"image.default\">\n\t\t\t\t\t\t\t\t\t\t\t\t\t\t\t<img decoding=\"async\" width=\"189\" height=\"189\" src=\"http:\/\/138.4.92.168\/wp-content\/uploads\/2026\/01\/ico-expo.png\" class=\"attachment-large size-large wp-image-880\" alt=\"\" \/>\t\t\t\t\t\t\t\t\t\t\t\t\t\t\t<\/div>\n\t\t\t\t<div class=\"elementor-element elementor-element-75c91624 elementor-widget elementor-widget-text-editor\" data-id=\"75c91624\" data-element_type=\"widget\" data-e-type=\"widget\" data-widget_type=\"text-editor.default\">\n\t\t\t\t\t\t\t\t\t<p><strong>Exposici\u00f3n \u2212 <\/strong>Exhibition<\/p>\t\t\t\t\t\t\t\t<\/div>\n\t\t\t\t<\/div>\n\t\t\t\t<\/div>\n\t\t\t\t<\/div>\n\t\t\t\t<\/div>\n\t\t<div class=\"elementor-element elementor-element-3a78f6a7 e-con-full e-flex e-con e-child\" data-id=\"3a78f6a7\" data-element_type=\"container\" data-e-type=\"container\">\n\t\t\t\t<div class=\"elementor-element elementor-element-28348b96 elementor-widget elementor-widget-text-editor\" data-id=\"28348b96\" data-element_type=\"widget\" data-e-type=\"widget\" data-widget_type=\"text-editor.default\">\n\t\t\t\t\t\t\t\t\t<p><span style=\"color: #000000;\">El proyecto <em>Nuevas t\u00e9cnicas y vivienda social<\/em> estudia un conjunto de pr\u00e1cticas internacionales que permiten entender la vivienda social contempor\u00e1nea como campo de investigaci\u00f3n en aspectos cualitativos, en relaci\u00f3n a tres niveles interrelacionados: urbano, arquitect\u00f3nico y constructivo. Se pretende con ello restituir la complejidad del objeto de estudio, evitando las aproximaciones concentradas en aspectos parciales que se han venido proyectando en los \u00faltimos a\u00f1os. En este sentido, incluso en los esfuerzos recientes a nivel oficial, el impulso a experiencias innovadoras en cuanto a viviendas protegidas queda con frecuencia reducido al \u00e9nfasis en la eficiencia energ\u00e9tica y la sostenibilidad, que aun siendo aspectos fundamentales no pueden identificarse con la complejidad de la cuesti\u00f3n de fondo. Por otro lado, la investigaci\u00f3n se centra en el estudio de las relaciones entre campos de innovaci\u00f3n y aspectos normativos, intentando sortear otra tendencia recurrente: la de confiar en un n\u00famero reducido de realizaciones singulares la capacidad de promover pr\u00e1cticas buenas o innovadoras, sin incorporar sus propuestas en la construcci\u00f3n de conclusiones o marcos m\u00e1s generales.<br \/><br \/><\/span><span style=\"color: #000000;\">Los objetivos principales del proyecto son los siguientes:<br \/><br \/><\/span><span style=\"color: #000000;\">1.Identificaci\u00f3n de buenas pr\u00e1cticas a nivel internacional en vivienda social y formulaci\u00f3n de un marco operativo mediante su comparaci\u00f3n cr\u00edtica con la situaci\u00f3n espa\u00f1ola. Elaboraci\u00f3n de cuadros comparativos, tablas de relaci\u00f3n, f\u00f3rmulas de optimizaci\u00f3n, etc.<br \/><br \/><\/span><span style=\"color: #000000;\">2. Identificaci\u00f3n y aplicaci\u00f3n de par\u00e1metros para la optimizaci\u00f3n de la vivienda social en relaci\u00f3n al dise\u00f1o arquitect\u00f3nico.<br \/><br \/><\/span><span style=\"color: #000000;\">3. Formulaci\u00f3n de nuevos programas para atender a las crecientes demandas sociales (flexibilidad relacionada con el mercado de alquiler, nuevas formas de agrupaci\u00f3n familiar, etc).<br \/><br \/><\/span><span style=\"color: #000000;\">4. Elaboraci\u00f3n de un cuadro de criterios para la aplicaci\u00f3n de programas de vivienda social en la recuperaci\u00f3n de conjuntos de inter\u00e9s hist\u00f3rico y arquitect\u00f3nico, l\u00edmites de higiene, confort, accesibilidad, est\u00e1ndares dotacionales, etc. Referencias para un nuevo marco normativo.<br \/><br \/><\/span><span style=\"color: #000000;\">5. Formulaci\u00f3n y aplicaci\u00f3n de par\u00e1metros para la evaluaci\u00f3n de la vivienda social en relaci\u00f3n a la sostenibilidad. Reciclaje de materiales, huella ecol\u00f3gica, etc.<br \/><br \/><\/span><span style=\"color: #000000;\">6. Propuesta de cuadro de nuevas t\u00e9cnicas constructivas y materiales para una optimizaci\u00f3n del confort y la econom\u00eda de medios compatible con una mayor flexibilidad de la vivienda y con la ocupaci\u00f3n y transformaci\u00f3n de estructuras hist\u00f3ricas con valor patrimonial.<br \/><br \/><\/span><span style=\"color: #000000;\">7. Elaboraci\u00f3n de conclusiones sobre par\u00e1metros y condicionantes de la calidad de la vivienda social, como resultado de la s\u00edntesis entre los aspectos anteriormente enunciados.<br \/><br \/><\/span><span style=\"color: #000000;\">El mayor logro del proyecto reside en haber abarcado un tema de gran complejidad desde el rigor cient\u00edfico y una condici\u00f3n transversal que atraviesa las diferentes escalas de aproximaci\u00f3n e incorpora el car\u00e1cter interdisciplinar del equipo de trabajo a los resultados de difusi\u00f3n.<\/span><\/p>\t\t\t\t\t\t\t\t<\/div>\n\t\t\t\t<\/div>\n\t\t\t\t<\/div>\n\t\t\t\t<\/div>\n\t\t<div class=\"elementor-element elementor-element-47fd2ebf e-con-full e-flex e-con e-parent\" data-id=\"47fd2ebf\" data-element_type=\"container\" data-e-type=\"container\">\n\t\t<div class=\"elementor-element elementor-element-4fe84661 e-con-full e-flex e-con e-child\" data-id=\"4fe84661\" data-element_type=\"container\" data-e-type=\"container\">\n\t\t<div class=\"elementor-element elementor-element-27c1b7e7 e-con-full elementor-hidden-mobile e-flex e-con e-child\" data-id=\"27c1b7e7\" data-element_type=\"container\" data-e-type=\"container\">\n\t\t<div class=\"elementor-element elementor-element-78bfb2d3 e-con-full e-flex e-con e-child\" data-id=\"78bfb2d3\" data-element_type=\"container\" data-e-type=\"container\">\n\t\t<div class=\"elementor-element elementor-element-5c5f3823 e-con-full e-flex e-con e-child\" data-id=\"5c5f3823\" data-element_type=\"container\" data-e-type=\"container\">\n\t\t<div class=\"elementor-element elementor-element-757bd1ae e-con-full e-flex e-con e-child\" data-id=\"757bd1ae\" data-element_type=\"container\" data-e-type=\"container\">\n\t\t\t\t<div class=\"elementor-element elementor-element-70cad060 elementor-widget-tablet__width-initial elementor-widget__width-initial elementor-widget elementor-widget-image\" data-id=\"70cad060\" data-element_type=\"widget\" data-e-type=\"widget\" data-widget_type=\"image.default\">\n\t\t\t\t\t\t\t\t\t\t\t\t\t\t\t<img decoding=\"async\" width=\"189\" height=\"189\" src=\"http:\/\/138.4.92.168\/wp-content\/uploads\/2026\/01\/ico-publicaciones.png\" class=\"attachment-large size-large wp-image-899\" alt=\"\" \/>\t\t\t\t\t\t\t\t\t\t\t\t\t\t\t<\/div>\n\t\t\t\t<div class=\"elementor-element elementor-element-4d93e435 elementor-widget elementor-widget-text-editor\" data-id=\"4d93e435\" data-element_type=\"widget\" data-e-type=\"widget\" data-widget_type=\"text-editor.default\">\n\t\t\t\t\t\t\t\t\t<p><strong>Cat\u00e1logo \u2212 <\/strong>Catalogue<\/p>\t\t\t\t\t\t\t\t<\/div>\n\t\t\t\t<\/div>\n\t\t\t\t<\/div>\n\t\t<div class=\"elementor-element elementor-element-67e94dd e-con-full e-flex e-con e-child\" data-id=\"67e94dd\" data-element_type=\"container\" data-e-type=\"container\">\n\t\t<div class=\"elementor-element elementor-element-782f4c2e e-con-full e-flex e-con e-child\" data-id=\"782f4c2e\" data-element_type=\"container\" data-e-type=\"container\">\n\t\t\t\t<div class=\"elementor-element elementor-element-618e252e elementor-widget-tablet__width-initial elementor-widget__width-initial elementor-widget elementor-widget-image\" data-id=\"618e252e\" data-element_type=\"widget\" data-e-type=\"widget\" data-widget_type=\"image.default\">\n\t\t\t\t\t\t\t\t\t\t\t\t\t\t\t<img decoding=\"async\" width=\"189\" height=\"189\" src=\"http:\/\/138.4.92.168\/wp-content\/uploads\/2026\/01\/ico-expo.png\" class=\"attachment-large size-large wp-image-880\" alt=\"\" \/>\t\t\t\t\t\t\t\t\t\t\t\t\t\t\t<\/div>\n\t\t\t\t<div class=\"elementor-element elementor-element-3a8afe1b elementor-widget elementor-widget-text-editor\" data-id=\"3a8afe1b\" data-element_type=\"widget\" data-e-type=\"widget\" data-widget_type=\"text-editor.default\">\n\t\t\t\t\t\t\t\t\t<p><strong>Exposici\u00f3n \u2212 <\/strong>Exhibition<\/p>\t\t\t\t\t\t\t\t<\/div>\n\t\t\t\t<\/div>\n\t\t\t\t<\/div>\n\t\t\t\t<\/div>\n\t\t\t\t<\/div>\n\t\t<div class=\"elementor-element elementor-element-3a7ed75f e-con-full e-flex e-con e-child\" data-id=\"3a7ed75f\" data-element_type=\"container\" data-e-type=\"container\">\n\t\t\t\t<div class=\"elementor-element elementor-element-5b0c1f17 elementor-widget elementor-widget-text-editor\" data-id=\"5b0c1f17\" data-element_type=\"widget\" data-e-type=\"widget\" data-widget_type=\"text-editor.default\">\n\t\t\t\t\t\t\t\t\t<p><span style=\"color: #999999;\">The project Nuevas T\u00e9cnicas y Vivienda Social studies a set of international practices that allow us to understand contemporary social housing as a qualitative field of research, in relation to three interrelated levels: urban, architectural and constructive. The aim is to restore the complexity of the object of study, avoiding the approaches that have been used in recent years concentrating on partial aspects. Even on an official level, the drive towards innovative experiences in terms of protected housing has often been reduced to an emphasis on energy efficiency and sustainability, which, although fundamental, cannot replace the complexity of the issue as a whole. The research also focuses on the study of the relationship between innovation and regulatory aspects, trying to avoid another recurring trend of relying on a small number of singular achievements to promote good or innovative practice, without incorporating their proposals into the construction of conclusions or more general frameworks.<br \/><br \/><\/span><span style=\"color: #999999;\">The main objectives of the project are the following:<br \/><br \/><\/span><span style=\"color: #999999;\">1. Identification of good practices in social housing at an international level and drawing up an operational framework through critical comparison with the Spanish situation. Preparation of comparative tables, relationship tables, optimization formulas, etc.<br \/><br \/><\/span><span style=\"color: #999999;\">2. Identification and application parameters for the optimization of social housing in relation to architectural design.<br \/><br \/><\/span><span style=\"color: #999999;\">3. Formulation of new programmes to meet growing social demands (flexibility related to the rental market, new forms of family grouping, etc.)<br \/><br \/><\/span><span style=\"color: #999999;\">4. Preparation of criteria to be applied to social housing programmes in the recovery of complexes of historical and architectural interest, hygiene limits, comfort, accessibility, standards, etc. References for a new regulatory framework.<br \/><br \/><\/span><span style=\"color: #999999;\">5. Formulation and application of parameters for the evaluation of social housing in relation to sustainability. Recycling of material, ecological footprint, etc.<br \/><br \/><\/span><span style=\"color: #999999;\">6. Proposal of a table of new construction techniques and materials for the optimization of comfort and economy of means compatible with a greater flexibility in housing and with the occupation and transformation of historical structures with heritage value.<br \/><br \/><\/span><span style=\"color: #999999;\">7. Drawing conclusions on parameters and determining factors of social housing quality, as a result of the synthesis between the previously mentioned aspects.<br \/><br \/><\/span><span style=\"color: #999999;\">The greatest achievement of the project resides in having covered a subject of great complexity with scientific rigor and a transversal approach that spans the different scales of approach and incorporates the interdisciplinary nature of the team in the dissemination results.<\/span><\/p>\t\t\t\t\t\t\t\t<\/div>\n\t\t\t\t<\/div>\n\t\t\t\t<\/div>\n\t\t\t\t<\/div>\n\t\t<div class=\"elementor-element elementor-element-1930361c e-flex e-con-boxed e-con e-parent\" data-id=\"1930361c\" data-element_type=\"container\" data-e-type=\"container\">\n\t\t\t\t\t<div class=\"e-con-inner\">\n\t\t\t\t<div class=\"elementor-element elementor-element-1ea7fcbc elementor-widget elementor-widget-spacer\" data-id=\"1ea7fcbc\" data-element_type=\"widget\" data-e-type=\"widget\" data-widget_type=\"spacer.default\">\n\t\t\t\t\t\t\t<div class=\"elementor-spacer\">\n\t\t\t<div class=\"elementor-spacer-inner\"><\/div>\n\t\t<\/div>\n\t\t\t\t\t\t<\/div>\n\t\t\t\t\t<\/div>\n\t\t\t\t<\/div>\n\t\t\t\t<\/div>\n\t\t","protected":false},"excerpt":{"rendered":"<p>PROYECTOS &#8211; RESEARCH PROJECTS NUEVAS T\u00c9CNICAS Y VIVIENDA SOCIAL Fechas: 2009-2010Financiaci\u00f3n: Ministerio de Ciencia e Innovaci\u00f3n (Plan Nacional de I+D [&hellip;]<\/p>\n","protected":false},"author":1,"featured_media":0,"parent":0,"menu_order":0,"comment_status":"closed","ping_status":"closed","template":"","meta":{"site-sidebar-layout":"default","site-content-layout":"","ast-site-content-layout":"default","site-content-style":"default","site-sidebar-style":"default","ast-global-header-display":"disabled","ast-banner-title-visibility":"disabled","ast-main-header-display":"","ast-hfb-above-header-display":"","ast-hfb-below-header-display":"","ast-hfb-mobile-header-display":"","site-post-title":"","ast-breadcrumbs-content":"","ast-featured-img":"disabled","footer-sml-layout":"disabled","ast-disable-related-posts":"","theme-transparent-header-meta":"default","adv-header-id-meta":"","stick-header-meta":"","header-above-stick-meta":"","header-main-stick-meta":"","header-below-stick-meta":"","astra-migrate-meta-layouts":"default","ast-page-background-enabled":"default","ast-page-background-meta":{"desktop":{"background-color":"var(--ast-global-color-5)","background-image":"","background-repeat":"repeat","background-position":"center center","background-size":"auto","background-attachment":"scroll","background-type":"","background-media":"","overlay-type":"","overlay-color":"","overlay-opacity":"","overlay-gradient":""},"tablet":{"background-color":"","background-image":"","background-repeat":"repeat","background-position":"center center","background-size":"auto","background-attachment":"scroll","background-type":"","background-media":"","overlay-type":"","overlay-color":"","overlay-opacity":"","overlay-gradient":""},"mobile":{"background-color":"","background-image":"","background-repeat":"repeat","background-position":"center center","background-size":"auto","background-attachment":"scroll","background-type":"","background-media":"","overlay-type":"","overlay-color":"","overlay-opacity":"","overlay-gradient":""}},"ast-content-background-meta":{"desktop":{"background-color":"var(--ast-global-color-4)","background-image":"","background-repeat":"repeat","background-position":"center center","background-size":"auto","background-attachment":"scroll","background-type":"","background-media":"","overlay-type":"","overlay-color":"","overlay-opacity":"","overlay-gradient":""},"tablet":{"background-color":"var(--ast-global-color-4)","background-image":"","background-repeat":"repeat","background-position":"center center","background-size":"auto","background-attachment":"scroll","background-type":"","background-media":"","overlay-type":"","overlay-color":"","overlay-opacity":"","overlay-gradient":""},"mobile":{"background-color":"var(--ast-global-color-4)","background-image":"","background-repeat":"repeat","background-position":"center center","background-size":"auto","background-attachment":"scroll","background-type":"","background-media":"","overlay-type":"","overlay-color":"","overlay-opacity":"","overlay-gradient":""}},"footnotes":""},"class_list":["post-2212","page","type-page","status-publish","hentry"],"_links":{"self":[{"href":"http:\/\/138.4.92.168\/index.php\/wp-json\/wp\/v2\/pages\/2212","targetHints":{"allow":["GET"]}}],"collection":[{"href":"http:\/\/138.4.92.168\/index.php\/wp-json\/wp\/v2\/pages"}],"about":[{"href":"http:\/\/138.4.92.168\/index.php\/wp-json\/wp\/v2\/types\/page"}],"author":[{"embeddable":true,"href":"http:\/\/138.4.92.168\/index.php\/wp-json\/wp\/v2\/users\/1"}],"replies":[{"embeddable":true,"href":"http:\/\/138.4.92.168\/index.php\/wp-json\/wp\/v2\/comments?post=2212"}],"version-history":[{"count":3,"href":"http:\/\/138.4.92.168\/index.php\/wp-json\/wp\/v2\/pages\/2212\/revisions"}],"predecessor-version":[{"id":2914,"href":"http:\/\/138.4.92.168\/index.php\/wp-json\/wp\/v2\/pages\/2212\/revisions\/2914"}],"wp:attachment":[{"href":"http:\/\/138.4.92.168\/index.php\/wp-json\/wp\/v2\/media?parent=2212"}],"curies":[{"name":"wp","href":"https:\/\/api.w.org\/{rel}","templated":true}]}}