{"id":2207,"date":"2026-03-09T15:58:10","date_gmt":"2026-03-09T15:58:10","guid":{"rendered":"http:\/\/138.4.92.168\/?page_id=2207"},"modified":"2026-04-06T14:27:37","modified_gmt":"2026-04-06T14:27:37","slug":"proyecto-nuevas-tecnicas-vivienda-social-y-rehabilitacion-urbana","status":"publish","type":"page","link":"http:\/\/138.4.92.168\/index.php\/proyecto-nuevas-tecnicas-vivienda-social-y-rehabilitacion-urbana\/","title":{"rendered":"Proyecto-Nuevas T\u00e9cnicas, Vivienda Social y Rehabilitaci\u00f3n Urbana"},"content":{"rendered":"\t\t<div data-elementor-type=\"wp-page\" data-elementor-id=\"2207\" class=\"elementor elementor-2207\" data-elementor-post-type=\"page\">\n\t\t\t\t<a class=\"elementor-element elementor-element-52d9f552 e-flex e-con-boxed e-con e-parent\" data-id=\"52d9f552\" data-element_type=\"container\" data-e-type=\"container\" data-settings=\"{&quot;background_background&quot;:&quot;classic&quot;}\" href=\"http:\/\/138.4.92.168\/index.php\/proyec\/\">\n\t\t\t\t\t<div class=\"e-con-inner\">\n\t\t<div class=\"elementor-element elementor-element-3c47faba e-con-full e-flex e-con e-child\" data-id=\"3c47faba\" data-element_type=\"container\" data-e-type=\"container\">\n\t\t\t\t<div class=\"elementor-element elementor-element-3cdf8f39 elementor-widget elementor-widget-image\" data-id=\"3cdf8f39\" data-element_type=\"widget\" data-e-type=\"widget\" data-widget_type=\"image.default\">\n\t\t\t\t\t\t\t\t\t\t\t\t\t\t\t<img decoding=\"async\" width=\"189\" height=\"189\" src=\"http:\/\/138.4.92.168\/wp-content\/uploads\/2026\/01\/ico-proyectos.png\" class=\"attachment-medium_large size-medium_large wp-image-898\" alt=\"\" \/>\t\t\t\t\t\t\t\t\t\t\t\t\t\t\t<\/div>\n\t\t\t\t<\/div>\n\t\t<div class=\"elementor-element elementor-element-483f3f47 e-con-full e-flex e-con e-child\" data-id=\"483f3f47\" data-element_type=\"container\" data-e-type=\"container\">\n\t\t\t\t<div class=\"elementor-element elementor-element-3dbc562d elementor-widget elementor-widget-heading\" data-id=\"3dbc562d\" data-element_type=\"widget\" data-e-type=\"widget\" data-widget_type=\"heading.default\">\n\t\t\t\t\t<h1 class=\"elementor-heading-title elementor-size-default\">PROYECTOS - RESEARCH PROJECTS<\/h1>\t\t\t\t<\/div>\n\t\t\t\t<\/div>\n\t\t<div class=\"elementor-element elementor-element-6d02dafb e-con-full e-flex e-con e-child\" data-id=\"6d02dafb\" data-element_type=\"container\" data-e-type=\"container\">\n\t\t\t\t<div class=\"elementor-element elementor-element-527f1c83 elementor-view-default elementor-widget elementor-widget-icon\" data-id=\"527f1c83\" data-element_type=\"widget\" data-e-type=\"widget\" data-widget_type=\"icon.default\">\n\t\t\t\t\t\t\t<div class=\"elementor-icon-wrapper\">\n\t\t\t<div class=\"elementor-icon\">\n\t\t\t<i aria-hidden=\"true\" class=\"icon icon-menu1\"><\/i>\t\t\t<\/div>\n\t\t<\/div>\n\t\t\t\t\t\t<\/div>\n\t\t\t\t<\/div>\n\t\t\t\t\t<\/div>\n\t\t\t\t<\/a>\n\t\t<div class=\"elementor-element elementor-element-7a8057a2 e-flex e-con-boxed e-con e-parent\" data-id=\"7a8057a2\" data-element_type=\"container\" data-e-type=\"container\">\n\t\t\t\t\t<div class=\"e-con-inner\">\n\t\t\t\t<div class=\"elementor-element elementor-element-5ef93704 elementor-widget__width-inherit elementor-widget-tablet__width-inherit elementor-widget elementor-widget-heading\" data-id=\"5ef93704\" data-element_type=\"widget\" data-e-type=\"widget\" data-widget_type=\"heading.default\">\n\t\t\t\t\t<h1 class=\"elementor-heading-title elementor-size-default\">NUEVAS T\u00c9CNICAS, VIVIENDA SOCIAL Y REHABILITACI\u00d3N URBANA<\/h1>\t\t\t\t<\/div>\n\t\t\t\t<div class=\"elementor-element elementor-element-34357cbe elementor-widget-divider--view-line elementor-widget elementor-widget-divider\" data-id=\"34357cbe\" data-element_type=\"widget\" data-e-type=\"widget\" data-widget_type=\"divider.default\">\n\t\t\t\t\t\t\t<div class=\"elementor-divider\">\n\t\t\t<span class=\"elementor-divider-separator\">\n\t\t\t\t\t\t<\/span>\n\t\t<\/div>\n\t\t\t\t\t\t<\/div>\n\t\t\t\t\t<\/div>\n\t\t\t\t<\/div>\n\t\t<div class=\"elementor-element elementor-element-d1b52e0 e-con-full e-flex e-con e-parent\" data-id=\"d1b52e0\" data-element_type=\"container\" data-e-type=\"container\">\n\t\t<div class=\"elementor-element elementor-element-6843d8f1 e-con-full e-flex e-con e-child\" data-id=\"6843d8f1\" data-element_type=\"container\" data-e-type=\"container\">\n\t\t<div class=\"elementor-element elementor-element-3731abb1 e-con-full e-flex e-con e-child\" data-id=\"3731abb1\" data-element_type=\"container\" data-e-type=\"container\">\n\t\t\t\t<div class=\"elementor-element elementor-element-5b7e6f0e elementor-widget elementor-widget-text-editor\" data-id=\"5b7e6f0e\" data-element_type=\"widget\" data-e-type=\"widget\" data-widget_type=\"text-editor.default\">\n\t\t\t\t\t\t\t\t\t<p><strong>Fechas:<\/strong> 2011-2013<br \/><strong>Financiaci\u00f3n:<\/strong> Ministerio de Ciencia e Innovaci\u00f3n (Plan Nacional de I+D Excelencia)<br \/><strong>Entidades participantes:<\/strong><br \/>UPM, Ministerio de Ciencia e Innovaci\u00f3n; EPOs: IVIMA, EMVS, VIMCORSA<br \/><strong>Investigador principal:<\/strong><br \/>Gabriel Ruiz Cabrero<br \/><strong>Miembros equipo investigador:<\/strong><br \/>Sergio Martin Blas (UPM),\u00a0Ram\u00f3n L\u00f3pez De Lucio (UPM),\u00a0Jos\u00e9 Mar\u00eda Ezquiaga Dom\u00ednguez (UPM),\u00a0Francisco Javier Maroto Ramos (UPM),\u00a0\u00c1lvaro Soto Aguirre (UPM) y Silvia Canosa Ben\u00edtez (UPM)<\/p>\t\t\t\t\t\t\t\t<\/div>\n\t\t\t\t<\/div>\n\t\t<div class=\"elementor-element elementor-element-49a10bec e-con-full elementor-hidden-desktop elementor-hidden-tablet e-flex e-con e-child\" data-id=\"49a10bec\" data-element_type=\"container\" data-e-type=\"container\">\n\t\t<div class=\"elementor-element elementor-element-60ee20 e-con-full e-flex e-con e-child\" data-id=\"60ee20\" data-element_type=\"container\" data-e-type=\"container\">\n\t\t<div class=\"elementor-element elementor-element-52bb4af e-con-full e-flex e-con e-child\" data-id=\"52bb4af\" data-element_type=\"container\" data-e-type=\"container\">\n\t\t<div class=\"elementor-element elementor-element-290bfde e-con-full e-flex e-con e-child\" data-id=\"290bfde\" data-element_type=\"container\" data-e-type=\"container\">\n\t\t\t\t<div class=\"elementor-element elementor-element-1d6a390c elementor-widget-tablet__width-initial elementor-widget__width-initial elementor-widget elementor-widget-image\" data-id=\"1d6a390c\" data-element_type=\"widget\" data-e-type=\"widget\" data-widget_type=\"image.default\">\n\t\t\t\t\t\t\t\t\t\t\t\t\t\t\t<img decoding=\"async\" width=\"189\" height=\"189\" src=\"http:\/\/138.4.92.168\/wp-content\/uploads\/2026\/01\/ico-publicaciones.png\" class=\"attachment-large size-large wp-image-899\" alt=\"\" \/>\t\t\t\t\t\t\t\t\t\t\t\t\t\t\t<\/div>\n\t\t\t\t<div class=\"elementor-element elementor-element-212ddea elementor-widget elementor-widget-text-editor\" data-id=\"212ddea\" data-element_type=\"widget\" data-e-type=\"widget\" data-widget_type=\"text-editor.default\">\n\t\t\t\t\t\t\t\t\t<p><strong>Cat\u00e1logo \u2212<\/strong> Catalogue<\/p>\t\t\t\t\t\t\t\t<\/div>\n\t\t\t\t<\/div>\n\t\t\t\t<\/div>\n\t\t<div class=\"elementor-element elementor-element-1aba4977 e-con-full e-flex e-con e-child\" data-id=\"1aba4977\" data-element_type=\"container\" data-e-type=\"container\">\n\t\t<div class=\"elementor-element elementor-element-77551d3 e-con-full e-flex e-con e-child\" data-id=\"77551d3\" data-element_type=\"container\" data-e-type=\"container\">\n\t\t\t\t<div class=\"elementor-element elementor-element-53280ced elementor-widget-tablet__width-initial elementor-widget__width-initial elementor-widget elementor-widget-image\" data-id=\"53280ced\" data-element_type=\"widget\" data-e-type=\"widget\" data-widget_type=\"image.default\">\n\t\t\t\t\t\t\t\t\t\t\t\t\t\t\t<img decoding=\"async\" width=\"189\" height=\"189\" src=\"http:\/\/138.4.92.168\/wp-content\/uploads\/2026\/01\/ico-expo.png\" class=\"attachment-large size-large wp-image-880\" alt=\"\" \/>\t\t\t\t\t\t\t\t\t\t\t\t\t\t\t<\/div>\n\t\t\t\t<div class=\"elementor-element elementor-element-3a5b1195 elementor-widget elementor-widget-text-editor\" data-id=\"3a5b1195\" data-element_type=\"widget\" data-e-type=\"widget\" data-widget_type=\"text-editor.default\">\n\t\t\t\t\t\t\t\t\t<p><strong>Exposici\u00f3n \u2212<\/strong> Exhibition<\/p>\t\t\t\t\t\t\t\t<\/div>\n\t\t\t\t<\/div>\n\t\t\t\t<\/div>\n\t\t\t\t<\/div>\n\t\t\t\t<\/div>\n\t\t<div class=\"elementor-element elementor-element-5204bb64 e-con-full e-flex e-con e-child\" data-id=\"5204bb64\" data-element_type=\"container\" data-e-type=\"container\">\n\t\t\t\t<div class=\"elementor-element elementor-element-58a9f1ef elementor-widget elementor-widget-text-editor\" data-id=\"58a9f1ef\" data-element_type=\"widget\" data-e-type=\"widget\" data-widget_type=\"text-editor.default\">\n\t\t\t\t\t\t\t\t\t<p><span style=\"color: #000000;\">El proyecto<em> Nuevas T\u00e9cnicas, Vivienda Social y Rehabilitaci\u00f3n Urbana<\/em> tiene por objetivo expandir la definici\u00f3n tradicional de la vivienda social y sus atribuciones (provisi\u00f3n de vivienda a los desfavorecidos) para poner de manifiesto su enorme potencial como instrumento para la mejora de tejidos urbanos. Con ello se intentan resolver dos cuestiones fundamentales: 1. La necesidad de rehabilitar \u00e1reas urbanas para recuperar un modelo de ciudad compacta y sostenible frente a la dispersi\u00f3n de actividades y residencia en el territorio y 2. La respuesta a la demanda de vivienda econ\u00f3mica y de calidad que sigue acuciando a la mayor parte de las ciudades espa\u00f1olas.<\/span><br \/><br \/><span style=\"color: #000000;\">El trabajo se organiza en 4 fases, de acuerdo a los siguientes objetivos espec\u00edficos:<\/span><br \/><br \/><span style=\"color: #000000;\">1. Recopilaci\u00f3n de antecedentes fundamentales en rehabilitaci\u00f3n urbana a trav\u00e9s de la vivienda social: identificaci\u00f3n de \u201cbuenas pr\u00e1cticas\u201d a nivel internacional, formulaci\u00f3n de un marco operativo mediante su comparaci\u00f3n cr\u00edtica con la situaci\u00f3n espa\u00f1ola.<\/span><br \/><br \/><span style=\"color: #000000;\">2. Elaboraci\u00f3n de un cat\u00e1logo cr\u00edtico de antecedentes: cuadros comparativos, tablas de relaci\u00f3n, f\u00f3rmulas de optimizaci\u00f3n, etc. Formulaci\u00f3n de un estado de la cuesti\u00f3n.<\/span><br \/><br \/><span style=\"color: #000000;\">3. Reflexi\u00f3n sobre t\u00e9cnicas y par\u00e1metros para la aplicaci\u00f3n de programas de vivienda social en la recuperaci\u00f3n de conjuntos de inter\u00e9s arquitect\u00f3nico y urban\u00edstico: l\u00edmites de higiene, confort, accesibilidad, est\u00e1ndares dotacionales, etc. Referencias para un nuevo marco normativo en tres niveles: urbano, arquitect\u00f3nico y constructivo.<\/span><br \/><br \/><span style=\"color: #000000;\">4. Elaboraci\u00f3n de criterios para la determinaci\u00f3n de los requisitos necesarios para la localizaci\u00f3n, definici\u00f3n de \u00e1reas e instrumentos de intervenci\u00f3n (normativas, planes, proyectos).<\/span><br \/><br \/><span style=\"color: #000000;\">5. Generaci\u00f3n de conclusiones: definici\u00f3n de par\u00e1metros y condicionantes de calidad para la aplicaci\u00f3n de la vivienda social a la rehabilitaci\u00f3n urbana, como resultado de la s\u00edntesis entre los aspectos anteriormente enunciados, que pueda ser incorporado por los distintos agentes, p\u00fablicos y privados, que operan en el sector para conseguir una mayor sinton\u00eda con las demandas y objetivos generales de la sociedad.<\/span><br \/><br \/><span style=\"color: #000000;\">Entre los logros m\u00e1s reconocibles del proyecto est\u00e1 la recopilaci\u00f3n sistem\u00e1tica de buenas pr\u00e1cticas internacionales, relacionadas en un cat\u00e1logo cr\u00edtico que ha sido difundido a trav\u00e9s de diversos art\u00edculos cient\u00edficos, conferencias, ponencias en congresos, y que supone una contribuci\u00f3n decisiva a la construcci\u00f3n de un corpus sobre la materia. Proyectos que a\u00fanan vivienda libre y social en un mismo edificio, t\u00e9cnicas de fragmentaci\u00f3n parcelaria para promover la participaci\u00f3n de ciudadanos y peque\u00f1as y medianas empresas en los procesos de regeneraci\u00f3n, implantaci\u00f3n de programas de vivienda social para la transformaci\u00f3n de estructuras industriales con valor patrimonial son algunos de los hallazgos del proyecto, ilustrados mediante experiencias concretas.<\/span><\/p>\t\t\t\t\t\t\t\t<\/div>\n\t\t\t\t<\/div>\n\t\t\t\t<\/div>\n\t\t\t\t<\/div>\n\t\t<div class=\"elementor-element elementor-element-116861af e-con-full e-flex e-con e-parent\" data-id=\"116861af\" data-element_type=\"container\" data-e-type=\"container\">\n\t\t<div class=\"elementor-element elementor-element-3b54ec7c e-con-full e-flex e-con e-child\" data-id=\"3b54ec7c\" data-element_type=\"container\" data-e-type=\"container\">\n\t\t<div class=\"elementor-element elementor-element-69977b9 e-con-full elementor-hidden-mobile e-flex e-con e-child\" data-id=\"69977b9\" data-element_type=\"container\" data-e-type=\"container\">\n\t\t<div class=\"elementor-element elementor-element-4753ed68 e-con-full e-flex e-con e-child\" data-id=\"4753ed68\" data-element_type=\"container\" data-e-type=\"container\">\n\t\t<div class=\"elementor-element elementor-element-2020bf2e e-con-full e-flex e-con e-child\" data-id=\"2020bf2e\" data-element_type=\"container\" data-e-type=\"container\">\n\t\t<div class=\"elementor-element elementor-element-7578cc2c e-con-full e-flex e-con e-child\" data-id=\"7578cc2c\" data-element_type=\"container\" data-e-type=\"container\">\n\t\t\t\t<div class=\"elementor-element elementor-element-1e5d78e8 elementor-widget-tablet__width-initial elementor-widget__width-initial elementor-widget elementor-widget-image\" data-id=\"1e5d78e8\" data-element_type=\"widget\" data-e-type=\"widget\" data-widget_type=\"image.default\">\n\t\t\t\t\t\t\t\t\t\t\t\t\t\t\t<img decoding=\"async\" width=\"189\" height=\"189\" src=\"http:\/\/138.4.92.168\/wp-content\/uploads\/2026\/01\/ico-publicaciones.png\" class=\"attachment-large size-large wp-image-899\" alt=\"\" \/>\t\t\t\t\t\t\t\t\t\t\t\t\t\t\t<\/div>\n\t\t\t\t<div class=\"elementor-element elementor-element-63f7e42d elementor-widget elementor-widget-text-editor\" data-id=\"63f7e42d\" data-element_type=\"widget\" data-e-type=\"widget\" data-widget_type=\"text-editor.default\">\n\t\t\t\t\t\t\t\t\t<p><strong>Cat\u00e1logo \u2212<\/strong> Catalogue<\/p>\t\t\t\t\t\t\t\t<\/div>\n\t\t\t\t<\/div>\n\t\t\t\t<\/div>\n\t\t<div class=\"elementor-element elementor-element-68d73512 e-con-full e-flex e-con e-child\" data-id=\"68d73512\" data-element_type=\"container\" data-e-type=\"container\">\n\t\t<div class=\"elementor-element elementor-element-fa6192c e-con-full e-flex e-con e-child\" data-id=\"fa6192c\" data-element_type=\"container\" data-e-type=\"container\">\n\t\t\t\t<div class=\"elementor-element elementor-element-3e93e41b elementor-widget-tablet__width-initial elementor-widget__width-initial elementor-widget elementor-widget-image\" data-id=\"3e93e41b\" data-element_type=\"widget\" data-e-type=\"widget\" data-widget_type=\"image.default\">\n\t\t\t\t\t\t\t\t\t\t\t\t\t\t\t<img decoding=\"async\" width=\"189\" height=\"189\" src=\"http:\/\/138.4.92.168\/wp-content\/uploads\/2026\/01\/ico-expo.png\" class=\"attachment-large size-large wp-image-880\" alt=\"\" \/>\t\t\t\t\t\t\t\t\t\t\t\t\t\t\t<\/div>\n\t\t\t\t<div class=\"elementor-element elementor-element-4ae2eba6 elementor-widget elementor-widget-text-editor\" data-id=\"4ae2eba6\" data-element_type=\"widget\" data-e-type=\"widget\" data-widget_type=\"text-editor.default\">\n\t\t\t\t\t\t\t\t\t<p><strong>Exposici\u00f3n \u2212<\/strong> Exhibition<\/p>\t\t\t\t\t\t\t\t<\/div>\n\t\t\t\t<\/div>\n\t\t\t\t<\/div>\n\t\t\t\t<\/div>\n\t\t\t\t<\/div>\n\t\t<div class=\"elementor-element elementor-element-5448efb5 e-con-full e-flex e-con e-child\" data-id=\"5448efb5\" data-element_type=\"container\" data-e-type=\"container\">\n\t\t\t\t<div class=\"elementor-element elementor-element-63ca3dd6 elementor-widget elementor-widget-text-editor\" data-id=\"63ca3dd6\" data-element_type=\"widget\" data-e-type=\"widget\" data-widget_type=\"text-editor.default\">\n\t\t\t\t\t\t\t\t\t<p><span style=\"color: #999999;\">The Nuevas T\u00e9cnicas, Vivienda Social y Rehabilitaci\u00f3n Urbana project aims to expand the traditional definition of social housing and its attributes (provision of housing to the underprivileged) to highlight its enormous potential as an instrument for the improvement of the urban fabric. This is an attempt to resolve two fundamental questions: the need to rehabilitate urban areas to recover a compact and sustainable model of city as opposed to the dispersion of activities and housing across the territory, and the response to the demand for quality, affordable housing that continues to beset most Spanish cities.<br \/><br \/>The work is organized into 4 phases, according to the following specific objectives:<br \/><br \/>1. Compilation of fundamental antecedents in urban rehabilitation through social housing: identification of good practice at the international level, formulation of an operational framework by means of a critical comparison with the Spanish situation.<br \/><br \/>2. Preparation of a critical back catalogue: comparative tables, relationship tables, optimization formulas, etc. Formulation of a state of the question.<br \/><br \/>3. Reflection on techniques and parameters for the application of social housing programmes in the recovery of complexes of architectural and urban interest: hygiene limits, comfort, accessibility, standards, etc. References for a new regulatory framework on three levels: urban, architectural and constructive.<br \/><br \/>4. Preparation of criteria to determine the necessary requirements for the location, definition of areas and intervention tools (regulations, plans, projects).<br \/><br \/>5. Generation of conclusions: definition of parameters and quality criteria to be applied to social housing in urban rehabilitation as a result of the synthesis between the aforementioned aspects, which can be incorporated by the different agents \u2013 public and private \u2013 that operate in the sector to achieve greater harmony with the demands and general objectives of society.<br \/><br \/>Among the most recognizable achievements of the project is the systematic compilation of international good practice, listed in a catalogue that has been disseminated through various scientific articles, conferences, presentations at congresses, and that represents a decisive contribution to the construction of a corpus on the subject. Project findings include examples that combine free and social housing in the same building; site segmentation techniques to promote citizen participation and small and medium-sized companies in the regeneration processes; and implementation of social housing programmes for the transformation of industrial structures with heritage value. All are illustrated with specific examples.<\/span><\/p>\t\t\t\t\t\t\t\t<\/div>\n\t\t\t\t<\/div>\n\t\t\t\t<\/div>\n\t\t\t\t<\/div>\n\t\t<div class=\"elementor-element elementor-element-7ede67c0 e-flex e-con-boxed e-con e-parent\" data-id=\"7ede67c0\" data-element_type=\"container\" data-e-type=\"container\">\n\t\t\t\t\t<div class=\"e-con-inner\">\n\t\t\t\t<div class=\"elementor-element elementor-element-aea3eb1 elementor-widget elementor-widget-spacer\" data-id=\"aea3eb1\" data-element_type=\"widget\" data-e-type=\"widget\" data-widget_type=\"spacer.default\">\n\t\t\t\t\t\t\t<div class=\"elementor-spacer\">\n\t\t\t<div class=\"elementor-spacer-inner\"><\/div>\n\t\t<\/div>\n\t\t\t\t\t\t<\/div>\n\t\t\t\t\t<\/div>\n\t\t\t\t<\/div>\n\t\t\t\t<\/div>\n\t\t","protected":false},"excerpt":{"rendered":"<p>PROYECTOS &#8211; RESEARCH PROJECTS NUEVAS T\u00c9CNICAS, VIVIENDA SOCIAL Y REHABILITACI\u00d3N URBANA Fechas: 2011-2013Financiaci\u00f3n: Ministerio de Ciencia e Innovaci\u00f3n (Plan Nacional [&hellip;]<\/p>\n","protected":false},"author":1,"featured_media":0,"parent":0,"menu_order":0,"comment_status":"closed","ping_status":"closed","template":"","meta":{"site-sidebar-layout":"default","site-content-layout":"","ast-site-content-layout":"default","site-content-style":"default","site-sidebar-style":"default","ast-global-header-display":"disabled","ast-banner-title-visibility":"disabled","ast-main-header-display":"","ast-hfb-above-header-display":"","ast-hfb-below-header-display":"","ast-hfb-mobile-header-display":"","site-post-title":"","ast-breadcrumbs-content":"","ast-featured-img":"disabled","footer-sml-layout":"disabled","ast-disable-related-posts":"","theme-transparent-header-meta":"default","adv-header-id-meta":"","stick-header-meta":"","header-above-stick-meta":"","header-main-stick-meta":"","header-below-stick-meta":"","astra-migrate-meta-layouts":"default","ast-page-background-enabled":"default","ast-page-background-meta":{"desktop":{"background-color":"var(--ast-global-color-5)","background-image":"","background-repeat":"repeat","background-position":"center center","background-size":"auto","background-attachment":"scroll","background-type":"","background-media":"","overlay-type":"","overlay-color":"","overlay-opacity":"","overlay-gradient":""},"tablet":{"background-color":"","background-image":"","background-repeat":"repeat","background-position":"center center","background-size":"auto","background-attachment":"scroll","background-type":"","background-media":"","overlay-type":"","overlay-color":"","overlay-opacity":"","overlay-gradient":""},"mobile":{"background-color":"","background-image":"","background-repeat":"repeat","background-position":"center center","background-size":"auto","background-attachment":"scroll","background-type":"","background-media":"","overlay-type":"","overlay-color":"","overlay-opacity":"","overlay-gradient":""}},"ast-content-background-meta":{"desktop":{"background-color":"var(--ast-global-color-4)","background-image":"","background-repeat":"repeat","background-position":"center center","background-size":"auto","background-attachment":"scroll","background-type":"","background-media":"","overlay-type":"","overlay-color":"","overlay-opacity":"","overlay-gradient":""},"tablet":{"background-color":"var(--ast-global-color-4)","background-image":"","background-repeat":"repeat","background-position":"center center","background-size":"auto","background-attachment":"scroll","background-type":"","background-media":"","overlay-type":"","overlay-color":"","overlay-opacity":"","overlay-gradient":""},"mobile":{"background-color":"var(--ast-global-color-4)","background-image":"","background-repeat":"repeat","background-position":"center center","background-size":"auto","background-attachment":"scroll","background-type":"","background-media":"","overlay-type":"","overlay-color":"","overlay-opacity":"","overlay-gradient":""}},"footnotes":""},"class_list":["post-2207","page","type-page","status-publish","hentry"],"_links":{"self":[{"href":"http:\/\/138.4.92.168\/index.php\/wp-json\/wp\/v2\/pages\/2207","targetHints":{"allow":["GET"]}}],"collection":[{"href":"http:\/\/138.4.92.168\/index.php\/wp-json\/wp\/v2\/pages"}],"about":[{"href":"http:\/\/138.4.92.168\/index.php\/wp-json\/wp\/v2\/types\/page"}],"author":[{"embeddable":true,"href":"http:\/\/138.4.92.168\/index.php\/wp-json\/wp\/v2\/users\/1"}],"replies":[{"embeddable":true,"href":"http:\/\/138.4.92.168\/index.php\/wp-json\/wp\/v2\/comments?post=2207"}],"version-history":[{"count":0,"href":"http:\/\/138.4.92.168\/index.php\/wp-json\/wp\/v2\/pages\/2207\/revisions"}],"wp:attachment":[{"href":"http:\/\/138.4.92.168\/index.php\/wp-json\/wp\/v2\/media?parent=2207"}],"curies":[{"name":"wp","href":"https:\/\/api.w.org\/{rel}","templated":true}]}}