{"id":2131,"date":"2026-03-02T15:54:00","date_gmt":"2026-03-02T15:54:00","guid":{"rendered":"http:\/\/138.4.92.168\/?page_id=2131"},"modified":"2026-04-06T14:22:18","modified_gmt":"2026-04-06T14:22:18","slug":"proyecto-arte-efimero-en-madrid","status":"publish","type":"page","link":"http:\/\/138.4.92.168\/index.php\/proyecto-arte-efimero-en-madrid\/","title":{"rendered":"Proyecto-Arte ef\u00edmero en Madrid"},"content":{"rendered":"\t\t<div data-elementor-type=\"wp-page\" data-elementor-id=\"2131\" class=\"elementor elementor-2131\" data-elementor-post-type=\"page\">\n\t\t\t\t<a class=\"elementor-element elementor-element-3c59fc0c e-flex e-con-boxed e-con e-parent\" data-id=\"3c59fc0c\" data-element_type=\"container\" data-e-type=\"container\" data-settings=\"{&quot;background_background&quot;:&quot;classic&quot;}\" href=\"http:\/\/138.4.92.168\/index.php\/proyec\/\">\n\t\t\t\t\t<div class=\"e-con-inner\">\n\t\t<div class=\"elementor-element elementor-element-6f97e2b e-con-full e-flex e-con e-child\" data-id=\"6f97e2b\" data-element_type=\"container\" data-e-type=\"container\">\n\t\t\t\t<div class=\"elementor-element elementor-element-40be71d2 elementor-widget elementor-widget-image\" data-id=\"40be71d2\" data-element_type=\"widget\" data-e-type=\"widget\" data-widget_type=\"image.default\">\n\t\t\t\t\t\t\t\t\t\t\t\t\t\t\t<img decoding=\"async\" width=\"189\" height=\"189\" src=\"http:\/\/138.4.92.168\/wp-content\/uploads\/2026\/01\/ico-proyectos.png\" class=\"attachment-medium_large size-medium_large wp-image-898\" alt=\"\" \/>\t\t\t\t\t\t\t\t\t\t\t\t\t\t\t<\/div>\n\t\t\t\t<\/div>\n\t\t<div class=\"elementor-element elementor-element-39eaff78 e-con-full e-flex e-con e-child\" data-id=\"39eaff78\" data-element_type=\"container\" data-e-type=\"container\">\n\t\t\t\t<div class=\"elementor-element elementor-element-6179bd8c elementor-widget elementor-widget-heading\" data-id=\"6179bd8c\" data-element_type=\"widget\" data-e-type=\"widget\" data-widget_type=\"heading.default\">\n\t\t\t\t\t<h1 class=\"elementor-heading-title elementor-size-default\">PROYECTOS - RESEARCH PROJECTS<\/h1>\t\t\t\t<\/div>\n\t\t\t\t<\/div>\n\t\t<div class=\"elementor-element elementor-element-1e3b0d0 e-con-full e-flex e-con e-child\" data-id=\"1e3b0d0\" data-element_type=\"container\" data-e-type=\"container\">\n\t\t\t\t<div class=\"elementor-element elementor-element-60b938de elementor-view-default elementor-widget elementor-widget-icon\" data-id=\"60b938de\" data-element_type=\"widget\" data-e-type=\"widget\" data-widget_type=\"icon.default\">\n\t\t\t\t\t\t\t<div class=\"elementor-icon-wrapper\">\n\t\t\t<div class=\"elementor-icon\">\n\t\t\t<i aria-hidden=\"true\" class=\"icon icon-menu1\"><\/i>\t\t\t<\/div>\n\t\t<\/div>\n\t\t\t\t\t\t<\/div>\n\t\t\t\t<\/div>\n\t\t\t\t\t<\/div>\n\t\t\t\t<\/a>\n\t\t<div class=\"elementor-element elementor-element-33503fcd e-flex e-con-boxed e-con e-parent\" data-id=\"33503fcd\" data-element_type=\"container\" data-e-type=\"container\">\n\t\t\t\t\t<div class=\"e-con-inner\">\n\t\t\t\t<div class=\"elementor-element elementor-element-265d0686 elementor-widget__width-inherit elementor-widget-tablet__width-inherit elementor-widget elementor-widget-heading\" data-id=\"265d0686\" data-element_type=\"widget\" data-e-type=\"widget\" data-widget_type=\"heading.default\">\n\t\t\t\t\t<h1 class=\"elementor-heading-title elementor-size-default\">PROYECTO DE EXPOSICI\u00d3N TEMPORAL: ARTE EF\u00cdMERO EN MADRID<\/h1>\t\t\t\t<\/div>\n\t\t\t\t<div class=\"elementor-element elementor-element-16da9f02 elementor-widget-divider--view-line elementor-widget elementor-widget-divider\" data-id=\"16da9f02\" data-element_type=\"widget\" data-e-type=\"widget\" data-widget_type=\"divider.default\">\n\t\t\t\t\t\t\t<div class=\"elementor-divider\">\n\t\t\t<span class=\"elementor-divider-separator\">\n\t\t\t\t\t\t<\/span>\n\t\t<\/div>\n\t\t\t\t\t\t<\/div>\n\t\t\t\t\t<\/div>\n\t\t\t\t<\/div>\n\t\t<div class=\"elementor-element elementor-element-1f14451 e-con-full e-flex e-con e-parent\" data-id=\"1f14451\" data-element_type=\"container\" data-e-type=\"container\">\n\t\t<div class=\"elementor-element elementor-element-624b69e8 e-con-full e-flex e-con e-child\" data-id=\"624b69e8\" data-element_type=\"container\" data-e-type=\"container\">\n\t\t<div class=\"elementor-element elementor-element-71cdd5bf e-con-full e-flex e-con e-child\" data-id=\"71cdd5bf\" data-element_type=\"container\" data-e-type=\"container\">\n\t\t\t\t<div class=\"elementor-element elementor-element-46ca891d elementor-widget elementor-widget-text-editor\" data-id=\"46ca891d\" data-element_type=\"widget\" data-e-type=\"widget\" data-widget_type=\"text-editor.default\">\n\t\t\t\t\t\t\t\t\t<p><strong>Fechas:<\/strong> 2018<br \/><strong>Financiaci\u00f3n:<\/strong> Ayuntamiento de Madrid<br \/><strong>Entidades participantes:<\/strong> UPM, Ayuntamiento de Madrid, Sala Conde Duque<br \/><strong>Investigador principal:<\/strong> Lucila Urda (UPM)<br \/><strong>Miembros equipo investigador:<\/strong> Sergio Martin Blas (UPM) y Guiomar Martin Dom\u00ednguez (UPM)<\/p>\t\t\t\t\t\t\t\t<\/div>\n\t\t\t\t<\/div>\n\t\t<div class=\"elementor-element elementor-element-61c6de87 e-con-full elementor-hidden-desktop elementor-hidden-tablet e-flex e-con e-child\" data-id=\"61c6de87\" data-element_type=\"container\" data-e-type=\"container\">\n\t\t<div class=\"elementor-element elementor-element-1abac1b1 e-con-full e-flex e-con e-child\" data-id=\"1abac1b1\" data-element_type=\"container\" data-e-type=\"container\">\n\t\t<div class=\"elementor-element elementor-element-2b1be915 e-con-full e-flex e-con e-child\" data-id=\"2b1be915\" data-element_type=\"container\" data-e-type=\"container\">\n\t\t<div class=\"elementor-element elementor-element-67646f17 e-con-full e-flex e-con e-child\" data-id=\"67646f17\" data-element_type=\"container\" data-e-type=\"container\">\n\t\t\t\t<div class=\"elementor-element elementor-element-40896485 elementor-widget-tablet__width-initial elementor-widget__width-initial elementor-widget elementor-widget-image\" data-id=\"40896485\" data-element_type=\"widget\" data-e-type=\"widget\" data-widget_type=\"image.default\">\n\t\t\t\t\t\t\t\t\t\t\t\t\t\t\t<img decoding=\"async\" width=\"189\" height=\"189\" src=\"http:\/\/138.4.92.168\/wp-content\/uploads\/2026\/01\/ico-publicaciones.png\" class=\"attachment-large size-large wp-image-899\" alt=\"\" \/>\t\t\t\t\t\t\t\t\t\t\t\t\t\t\t<\/div>\n\t\t\t\t<div class=\"elementor-element elementor-element-77839b97 elementor-widget elementor-widget-text-editor\" data-id=\"77839b97\" data-element_type=\"widget\" data-e-type=\"widget\" data-widget_type=\"text-editor.default\">\n\t\t\t\t\t\t\t\t\t<p><strong>Cat\u00e1logo \u2212<\/strong> Catalogue<\/p>\t\t\t\t\t\t\t\t<\/div>\n\t\t\t\t<\/div>\n\t\t\t\t<\/div>\n\t\t<div class=\"elementor-element elementor-element-aebf770 e-con-full e-flex e-con e-child\" data-id=\"aebf770\" data-element_type=\"container\" data-e-type=\"container\">\n\t\t<div class=\"elementor-element elementor-element-5c3535b8 e-con-full e-flex e-con e-child\" data-id=\"5c3535b8\" data-element_type=\"container\" data-e-type=\"container\">\n\t\t\t\t<div class=\"elementor-element elementor-element-3350b413 elementor-widget-tablet__width-initial elementor-widget__width-initial elementor-widget elementor-widget-image\" data-id=\"3350b413\" data-element_type=\"widget\" data-e-type=\"widget\" data-widget_type=\"image.default\">\n\t\t\t\t\t\t\t\t\t\t\t\t\t\t\t<img decoding=\"async\" width=\"189\" height=\"189\" src=\"http:\/\/138.4.92.168\/wp-content\/uploads\/2026\/01\/ico-expo.png\" class=\"attachment-large size-large wp-image-880\" alt=\"\" \/>\t\t\t\t\t\t\t\t\t\t\t\t\t\t\t<\/div>\n\t\t\t\t<div class=\"elementor-element elementor-element-1e5f74a2 elementor-widget elementor-widget-text-editor\" data-id=\"1e5f74a2\" data-element_type=\"widget\" data-e-type=\"widget\" data-widget_type=\"text-editor.default\">\n\t\t\t\t\t\t\t\t\t<p><strong>Exposici\u00f3n \u2212<\/strong> Exhibition<\/p>\t\t\t\t\t\t\t\t<\/div>\n\t\t\t\t<\/div>\n\t\t\t\t<\/div>\n\t\t\t\t<\/div>\n\t\t\t\t<\/div>\n\t\t<div class=\"elementor-element elementor-element-7cbabeb0 e-con-full e-flex e-con e-child\" data-id=\"7cbabeb0\" data-element_type=\"container\" data-e-type=\"container\">\n\t\t\t\t<div class=\"elementor-element elementor-element-6beb5779 elementor-widget elementor-widget-text-editor\" data-id=\"6beb5779\" data-element_type=\"widget\" data-e-type=\"widget\" data-widget_type=\"text-editor.default\">\n\t\t\t\t\t\t\t\t\t<p style=\"text-align: left;\"><span style=\"color: #000000;\">Este proyecto toma como base para su desarrollo una investigaci\u00f3n previa sobre obras de arte ef\u00edmero en Madrid, elaborada por el Grupo de investigaci\u00f3n NuTAC (ETSAM-UPM) en 2016, que hab\u00eda desvelado la notable influencia de este tipo de pr\u00e1cticas en procesos de transformaci\u00f3n urbana. En esta ocasi\u00f3n, se amplia el periodo de estudio para abarcar desde los a\u00f1os de origen del arte urbano madrile\u00f1o (2000) hasta nuestros d\u00edas (a\u00f1o 2018). A partir de la elaboraci\u00f3n de una base de datos de m\u00e1s de 300 obras art\u00edsticas (tanto espont\u00e1neas como institucionales), se seleccionan 65 de ellas para llevar a cabo un an\u00e1lisis comparativo m\u00e1s exhaustivo. Todas ellas se representan en el contexto urbano donde fueron ubicadas, para comprender la intensidad de las acciones y su presencia en diferentes puntos de la ciudad. De este modo, se busca demostrar la trascendencia de estas intervenciones en la configuraci\u00f3n del espacio p\u00fablico y la vida urbana de nuestros barrios, dando a conocer un patrimonio cultural pr\u00e1cticamente desconocido de la ciudad de Madrid. El objetivo final es la realizaci\u00f3n de una exposici\u00f3n titulada Arte en la calle Madrid 2000-2018, que tendr\u00e1 lugar en la Sala Sur del Centro Cultural Conde Duque, en Madrid.<\/span><\/p>\t\t\t\t\t\t\t\t<\/div>\n\t\t\t\t<\/div>\n\t\t\t\t<\/div>\n\t\t\t\t<\/div>\n\t\t<div class=\"elementor-element elementor-element-7180f999 e-con-full e-flex e-con e-parent\" data-id=\"7180f999\" data-element_type=\"container\" data-e-type=\"container\">\n\t\t<div class=\"elementor-element elementor-element-66e81c49 e-con-full e-flex e-con e-child\" data-id=\"66e81c49\" data-element_type=\"container\" data-e-type=\"container\">\n\t\t<div class=\"elementor-element elementor-element-39dca328 e-con-full elementor-hidden-mobile e-flex e-con e-child\" data-id=\"39dca328\" data-element_type=\"container\" data-e-type=\"container\">\n\t\t<div class=\"elementor-element elementor-element-34264623 e-con-full e-flex e-con e-child\" data-id=\"34264623\" data-element_type=\"container\" data-e-type=\"container\">\n\t\t<div class=\"elementor-element elementor-element-2197805a e-con-full e-flex e-con e-child\" data-id=\"2197805a\" data-element_type=\"container\" data-e-type=\"container\">\n\t\t<div class=\"elementor-element elementor-element-73511a08 e-con-full e-flex e-con e-child\" data-id=\"73511a08\" data-element_type=\"container\" data-e-type=\"container\">\n\t\t\t\t<div class=\"elementor-element elementor-element-6912b44c elementor-widget-tablet__width-initial elementor-widget__width-initial elementor-widget elementor-widget-image\" data-id=\"6912b44c\" data-element_type=\"widget\" data-e-type=\"widget\" data-widget_type=\"image.default\">\n\t\t\t\t\t\t\t\t\t\t\t\t\t\t\t<img decoding=\"async\" width=\"189\" height=\"189\" src=\"http:\/\/138.4.92.168\/wp-content\/uploads\/2026\/01\/ico-publicaciones.png\" class=\"attachment-large size-large wp-image-899\" alt=\"\" \/>\t\t\t\t\t\t\t\t\t\t\t\t\t\t\t<\/div>\n\t\t\t\t<div class=\"elementor-element elementor-element-3e83f400 elementor-widget elementor-widget-text-editor\" data-id=\"3e83f400\" data-element_type=\"widget\" data-e-type=\"widget\" data-widget_type=\"text-editor.default\">\n\t\t\t\t\t\t\t\t\t<p><strong>Cat\u00e1logo \u2212<\/strong> Catalogue<\/p>\t\t\t\t\t\t\t\t<\/div>\n\t\t\t\t<\/div>\n\t\t\t\t<\/div>\n\t\t<div class=\"elementor-element elementor-element-7324351 e-con-full e-flex e-con e-child\" data-id=\"7324351\" data-element_type=\"container\" data-e-type=\"container\">\n\t\t<div class=\"elementor-element elementor-element-1813c05 e-con-full e-flex e-con e-child\" data-id=\"1813c05\" data-element_type=\"container\" data-e-type=\"container\">\n\t\t\t\t<div class=\"elementor-element elementor-element-2bcd285 elementor-widget-tablet__width-initial elementor-widget__width-initial elementor-widget elementor-widget-image\" data-id=\"2bcd285\" data-element_type=\"widget\" data-e-type=\"widget\" data-widget_type=\"image.default\">\n\t\t\t\t\t\t\t\t\t\t\t\t\t\t\t<img decoding=\"async\" width=\"189\" height=\"189\" src=\"http:\/\/138.4.92.168\/wp-content\/uploads\/2026\/01\/ico-expo.png\" class=\"attachment-large size-large wp-image-880\" alt=\"\" \/>\t\t\t\t\t\t\t\t\t\t\t\t\t\t\t<\/div>\n\t\t\t\t<div class=\"elementor-element elementor-element-6dd949e elementor-widget elementor-widget-text-editor\" data-id=\"6dd949e\" data-element_type=\"widget\" data-e-type=\"widget\" data-widget_type=\"text-editor.default\">\n\t\t\t\t\t\t\t\t\t<p><strong>Exposici\u00f3n \u2212<\/strong> Exhibition<\/p>\t\t\t\t\t\t\t\t<\/div>\n\t\t\t\t<\/div>\n\t\t\t\t<\/div>\n\t\t\t\t<\/div>\n\t\t\t\t<\/div>\n\t\t<div class=\"elementor-element elementor-element-2f82fc05 e-con-full e-flex e-con e-child\" data-id=\"2f82fc05\" data-element_type=\"container\" data-e-type=\"container\">\n\t\t\t\t<div class=\"elementor-element elementor-element-6ba60f26 elementor-widget elementor-widget-text-editor\" data-id=\"6ba60f26\" data-element_type=\"widget\" data-e-type=\"widget\" data-widget_type=\"text-editor.default\">\n\t\t\t\t\t\t\t\t\t<p style=\"text-align: left;\"><span style=\"color: #999999;\">This project developed out of previous research on ephemeral works of art in Madrid, prepared by the NuTAC research group (ETSAM-UPM) in 2016, which had revealed the notable influence of this type of practice in the processes of urban transformation. On this occasion, the study period extended from the beginning of urban art in Madrid (2000) to 2018. Starting with the development of a database of more than 300 artistic works (both spontaneous and institutional), 65 of them were selected for a more exhaustive comparative analysis. All of the works of art were represented in the urban context where they were located, to best understand the intensity of their interventions and their presence in different parts of the city. In this way, the project sought to demonstrate the significance of these interventions in the configuration of public space and urban life in our neighbourhoods, giving visibility to an almost unknown cultural heritage of the city of Madrid. The final objective was the realization of an exhibition, Arte en la calle Madrid 2000\u20132018, which took place in the South Room of the Conde Duque Contemporary Arts Centre, in Madrid.<\/span><\/p>\t\t\t\t\t\t\t\t<\/div>\n\t\t\t\t<\/div>\n\t\t\t\t<\/div>\n\t\t\t\t<\/div>\n\t\t<div class=\"elementor-element elementor-element-5f06a9b9 e-flex e-con-boxed e-con e-parent\" data-id=\"5f06a9b9\" data-element_type=\"container\" data-e-type=\"container\">\n\t\t\t\t\t<div class=\"e-con-inner\">\n\t\t\t\t<div class=\"elementor-element elementor-element-1d6c9a5 elementor-widget elementor-widget-spacer\" data-id=\"1d6c9a5\" data-element_type=\"widget\" data-e-type=\"widget\" data-widget_type=\"spacer.default\">\n\t\t\t\t\t\t\t<div class=\"elementor-spacer\">\n\t\t\t<div class=\"elementor-spacer-inner\"><\/div>\n\t\t<\/div>\n\t\t\t\t\t\t<\/div>\n\t\t\t\t\t<\/div>\n\t\t\t\t<\/div>\n\t\t\t\t<\/div>\n\t\t","protected":false},"excerpt":{"rendered":"<p>PROYECTOS &#8211; RESEARCH PROJECTS PROYECTO DE EXPOSICI\u00d3N TEMPORAL: ARTE EF\u00cdMERO EN MADRID Fechas: 2018Financiaci\u00f3n: Ayuntamiento de MadridEntidades participantes: UPM, Ayuntamiento [&hellip;]<\/p>\n","protected":false},"author":1,"featured_media":0,"parent":0,"menu_order":0,"comment_status":"closed","ping_status":"closed","template":"","meta":{"site-sidebar-layout":"default","site-content-layout":"","ast-site-content-layout":"default","site-content-style":"default","site-sidebar-style":"default","ast-global-header-display":"disabled","ast-banner-title-visibility":"disabled","ast-main-header-display":"","ast-hfb-above-header-display":"","ast-hfb-below-header-display":"","ast-hfb-mobile-header-display":"","site-post-title":"","ast-breadcrumbs-content":"","ast-featured-img":"disabled","footer-sml-layout":"disabled","ast-disable-related-posts":"","theme-transparent-header-meta":"default","adv-header-id-meta":"","stick-header-meta":"","header-above-stick-meta":"","header-main-stick-meta":"","header-below-stick-meta":"","astra-migrate-meta-layouts":"default","ast-page-background-enabled":"default","ast-page-background-meta":{"desktop":{"background-color":"var(--ast-global-color-5)","background-image":"","background-repeat":"repeat","background-position":"center center","background-size":"auto","background-attachment":"scroll","background-type":"","background-media":"","overlay-type":"","overlay-color":"","overlay-opacity":"","overlay-gradient":""},"tablet":{"background-color":"","background-image":"","background-repeat":"repeat","background-position":"center center","background-size":"auto","background-attachment":"scroll","background-type":"","background-media":"","overlay-type":"","overlay-color":"","overlay-opacity":"","overlay-gradient":""},"mobile":{"background-color":"","background-image":"","background-repeat":"repeat","background-position":"center center","background-size":"auto","background-attachment":"scroll","background-type":"","background-media":"","overlay-type":"","overlay-color":"","overlay-opacity":"","overlay-gradient":""}},"ast-content-background-meta":{"desktop":{"background-color":"var(--ast-global-color-4)","background-image":"","background-repeat":"repeat","background-position":"center center","background-size":"auto","background-attachment":"scroll","background-type":"","background-media":"","overlay-type":"","overlay-color":"","overlay-opacity":"","overlay-gradient":""},"tablet":{"background-color":"var(--ast-global-color-4)","background-image":"","background-repeat":"repeat","background-position":"center center","background-size":"auto","background-attachment":"scroll","background-type":"","background-media":"","overlay-type":"","overlay-color":"","overlay-opacity":"","overlay-gradient":""},"mobile":{"background-color":"var(--ast-global-color-4)","background-image":"","background-repeat":"repeat","background-position":"center center","background-size":"auto","background-attachment":"scroll","background-type":"","background-media":"","overlay-type":"","overlay-color":"","overlay-opacity":"","overlay-gradient":""}},"footnotes":""},"class_list":["post-2131","page","type-page","status-publish","hentry"],"_links":{"self":[{"href":"http:\/\/138.4.92.168\/index.php\/wp-json\/wp\/v2\/pages\/2131","targetHints":{"allow":["GET"]}}],"collection":[{"href":"http:\/\/138.4.92.168\/index.php\/wp-json\/wp\/v2\/pages"}],"about":[{"href":"http:\/\/138.4.92.168\/index.php\/wp-json\/wp\/v2\/types\/page"}],"author":[{"embeddable":true,"href":"http:\/\/138.4.92.168\/index.php\/wp-json\/wp\/v2\/users\/1"}],"replies":[{"embeddable":true,"href":"http:\/\/138.4.92.168\/index.php\/wp-json\/wp\/v2\/comments?post=2131"}],"version-history":[{"count":0,"href":"http:\/\/138.4.92.168\/index.php\/wp-json\/wp\/v2\/pages\/2131\/revisions"}],"wp:attachment":[{"href":"http:\/\/138.4.92.168\/index.php\/wp-json\/wp\/v2\/media?parent=2131"}],"curies":[{"name":"wp","href":"https:\/\/api.w.org\/{rel}","templated":true}]}}