{"id":1369,"date":"2026-01-27T15:27:10","date_gmt":"2026-01-27T15:27:10","guid":{"rendered":"http:\/\/138.4.92.168\/?page_id=1369"},"modified":"2026-03-26T15:18:48","modified_gmt":"2026-03-26T15:18:48","slug":"exposiciones","status":"publish","type":"page","link":"http:\/\/138.4.92.168\/index.php\/exposiciones\/","title":{"rendered":"Exposiciones"},"content":{"rendered":"\t\t<div data-elementor-type=\"wp-page\" data-elementor-id=\"1369\" class=\"elementor elementor-1369\" data-elementor-post-type=\"page\">\n\t\t\t\t<a class=\"elementor-element elementor-element-83b8e75 e-flex e-con-boxed e-con e-parent\" data-id=\"83b8e75\" data-element_type=\"container\" data-e-type=\"container\" data-settings=\"{&quot;background_background&quot;:&quot;classic&quot;}\" href=\"http:\/\/138.4.92.168\/\">\n\t\t\t\t\t<div class=\"e-con-inner\">\n\t\t<div class=\"elementor-element elementor-element-ad99ab7 e-con-full e-flex e-con e-child\" data-id=\"ad99ab7\" data-element_type=\"container\" data-e-type=\"container\">\n\t\t\t\t<div class=\"elementor-element elementor-element-d5a0ba8 elementor-widget elementor-widget-image\" data-id=\"d5a0ba8\" data-element_type=\"widget\" data-e-type=\"widget\" data-widget_type=\"image.default\">\n\t\t\t\t\t\t\t\t\t\t\t\t\t\t\t<img decoding=\"async\" width=\"189\" height=\"189\" src=\"http:\/\/138.4.92.168\/wp-content\/uploads\/2026\/01\/ico-expo.png\" class=\"attachment-medium_large size-medium_large wp-image-880\" alt=\"\" \/>\t\t\t\t\t\t\t\t\t\t\t\t\t\t\t<\/div>\n\t\t\t\t<\/div>\n\t\t<div class=\"elementor-element elementor-element-693b0be e-con-full e-flex e-con e-child\" data-id=\"693b0be\" data-element_type=\"container\" data-e-type=\"container\">\n\t\t\t\t<div class=\"elementor-element elementor-element-5e837e1 elementor-widget elementor-widget-heading\" data-id=\"5e837e1\" data-element_type=\"widget\" data-e-type=\"widget\" data-widget_type=\"heading.default\">\n\t\t\t\t\t<h1 class=\"elementor-heading-title elementor-size-default\">EXPOSICIONES - EXHIBITIONS<\/h1>\t\t\t\t<\/div>\n\t\t\t\t<\/div>\n\t\t<div class=\"elementor-element elementor-element-ea87f29 e-con-full e-flex e-con e-child\" data-id=\"ea87f29\" data-element_type=\"container\" data-e-type=\"container\">\n\t\t\t\t<div class=\"elementor-element elementor-element-96d1938 elementor-view-default elementor-widget elementor-widget-icon\" data-id=\"96d1938\" data-element_type=\"widget\" data-e-type=\"widget\" data-widget_type=\"icon.default\">\n\t\t\t\t\t\t\t<div class=\"elementor-icon-wrapper\">\n\t\t\t<div class=\"elementor-icon\">\n\t\t\t<i aria-hidden=\"true\" class=\"icon icon-menu1\"><\/i>\t\t\t<\/div>\n\t\t<\/div>\n\t\t\t\t\t\t<\/div>\n\t\t\t\t<\/div>\n\t\t\t\t\t<\/div>\n\t\t\t\t<\/a>\n\t\t<div class=\"elementor-element elementor-element-18525db4 e-grid e-con-full e-con e-parent\" data-id=\"18525db4\" data-element_type=\"container\" data-e-type=\"container\">\n\t\t<a class=\"elementor-element elementor-element-8d6abd0 e-con-full e-flex e-con e-child\" data-id=\"8d6abd0\" data-element_type=\"container\" data-e-type=\"container\" href=\"http:\/\/138.4.92.168\/index.php\/exposiciones-arte-en-la-calle-madrid-2000-2018\/\">\n\t\t<div class=\"elementor-element elementor-element-564227d e-con-full e-flex e-con e-child\" data-id=\"564227d\" data-element_type=\"container\" data-e-type=\"container\">\n\t\t\t\t<div class=\"elementor-element elementor-element-5383a24 elementor-widget__width-initial elementor-widget elementor-widget-image\" data-id=\"5383a24\" data-element_type=\"widget\" data-e-type=\"widget\" data-widget_type=\"image.default\">\n\t\t\t\t\t\t\t\t\t\t\t\t\t\t\t<img fetchpriority=\"high\" decoding=\"async\" width=\"390\" height=\"500\" src=\"http:\/\/138.4.92.168\/wp-content\/uploads\/2026\/02\/AELC_portada.jpg\" class=\"attachment-medium_large size-medium_large wp-image-2032\" alt=\"\" \/>\t\t\t\t\t\t\t\t\t\t\t\t\t\t\t<\/div>\n\t\t\t\t<div class=\"elementor-element elementor-element-2a4dcd8 elementor-widget elementor-widget-text-editor\" data-id=\"2a4dcd8\" data-element_type=\"widget\" data-e-type=\"widget\" data-widget_type=\"text-editor.default\">\n\t\t\t\t\t\t\t\t\t<p><span id=\"u75225-4\"><strong>Cu\u00e1ndo:<\/strong>\u00a0<\/span>febrero &#8211; abril 2019<br \/><span id=\"u75225-7\"><strong>D\u00f3nde:<\/strong>\u00a0<\/span>Sala SUR de Conde Duque, Madrid<br \/><span id=\"u75225-10\"><strong>Comisarios:<\/strong>\u00a0<\/span>Lucila Urda Pe\u00f1a y<br \/>Sergio Mart\u00edn Blas<br \/><span id=\"u75225-15\"><strong>Financia:<\/strong>\u00a0<\/span>Ayuntamiento de Madrid<\/p>\t\t\t\t\t\t\t\t<\/div>\n\t\t\t\t<\/div>\n\t\t<div class=\"elementor-element elementor-element-7d31181 e-con-full e-flex e-con e-child\" data-id=\"7d31181\" data-element_type=\"container\" data-e-type=\"container\">\n\t\t\t\t<div class=\"elementor-element elementor-element-90fe0ab elementor-widget__width-inherit elementor-widget elementor-widget-text-editor\" data-id=\"90fe0ab\" data-element_type=\"widget\" data-e-type=\"widget\" data-widget_type=\"text-editor.default\">\n\t\t\t\t\t\t\t\t\t<div style=\"display: flex; align-items: center; height: 100%;\">Arte en la calle<br \/>Madrid 2000-2018<\/div>\t\t\t\t\t\t\t\t<\/div>\n\t\t\t\t<div class=\"elementor-element elementor-element-27c66de elementor-widget elementor-widget-text-editor\" data-id=\"27c66de\" data-element_type=\"widget\" data-e-type=\"widget\" data-widget_type=\"text-editor.default\">\n\t\t\t\t\t\t\t\t\t<p>La Sala SUR de Conde Duque acoge la exposici\u00f3n <em>Arte en la calle<\/em>. Madrid 2000-2018, promovida por el Ayuntamiento de Madrid. El objetivo de la muestra es dar a conocer un patrimonio cultural madrile\u00f1o en parte desconocido, y contextualizarlo dentro del paisaje urbano de la ciudad. Para ello se recoge una selecci\u00f3n de las intervenciones, tanto comisionadas como espont\u00e1neas&#8230;<\/p>\t\t\t\t\t\t\t\t<\/div>\n\t\t\t\t<div class=\"elementor-element elementor-element-f0520ea elementor-widget elementor-widget-text-editor\" data-id=\"f0520ea\" data-element_type=\"widget\" data-e-type=\"widget\" data-widget_type=\"text-editor.default\">\n\t\t\t\t\t\t\t\t\t<p><span style=\"color: #999999;\">The South Room of the Condeduque Contemporary Arts Centre in Madrid hosted the exhibition <em>Arte en la calle<\/em>. Madrid 2000-2018 promoted by the Madrid City Council. The objective of the exhibition was to give visibility to a part of Madrid&#8217;s cultural heritage that is not widely known and contextualize it within the urban landscape of the city. A selection of the&#8230;<\/span><\/p>\t\t\t\t\t\t\t\t<\/div>\n\t\t\t\t<\/div>\n\t\t\t\t<\/a>\n\t\t<a class=\"elementor-element elementor-element-c51d97c e-con-full e-flex e-con e-child\" data-id=\"c51d97c\" data-element_type=\"container\" data-e-type=\"container\" href=\"http:\/\/138.4.92.168\/index.php\/exposiciones-arquitectura-de-vivienda-social-en-6-ciudades-iberoamericanas\/\">\n\t\t<div class=\"elementor-element elementor-element-531c6bc e-con-full e-flex e-con e-child\" data-id=\"531c6bc\" data-element_type=\"container\" data-e-type=\"container\">\n\t\t\t\t<div class=\"elementor-element elementor-element-92adf5b elementor-widget__width-initial elementor-widget elementor-widget-image\" data-id=\"92adf5b\" data-element_type=\"widget\" data-e-type=\"widget\" data-widget_type=\"image.default\">\n\t\t\t\t\t\t\t\t\t\t\t\t\t\t\t<img decoding=\"async\" width=\"386\" height=\"500\" src=\"http:\/\/138.4.92.168\/wp-content\/uploads\/2026\/02\/arqvis-PORTADA-BBAA1.jpg\" class=\"attachment-medium_large size-medium_large wp-image-2034\" alt=\"\" \/>\t\t\t\t\t\t\t\t\t\t\t\t\t\t\t<\/div>\n\t\t\t\t<div class=\"elementor-element elementor-element-4419423 elementor-widget elementor-widget-text-editor\" data-id=\"4419423\" data-element_type=\"widget\" data-e-type=\"widget\" data-widget_type=\"text-editor.default\">\n\t\t\t\t\t\t\t\t\t<p><span id=\"u72666-4\"><strong>Cu\u00e1ndo:<\/strong>\u00a0<\/span>diciembre 2016<br \/><span id=\"u72666-7\"><strong>D\u00f3nde:<\/strong>\u00a0<\/span>CPAU<br \/><span id=\"u72666-12\"><strong>Comisarios:<\/strong>\u00a0<\/span>Sergio Mart\u00edn Blas e Isabel Rodr\u00edguez Mart\u00edn<br \/><span id=\"u72666-17\"><strong>Financia:<\/strong>\u00a0<\/span>Ministerio de Econom\u00eda y Competitividad<\/p>\t\t\t\t\t\t\t\t<\/div>\n\t\t\t\t<\/div>\n\t\t<div class=\"elementor-element elementor-element-c9ebf07 e-con-full e-flex e-con e-child\" data-id=\"c9ebf07\" data-element_type=\"container\" data-e-type=\"container\">\n\t\t\t\t<div class=\"elementor-element elementor-element-d88c878 elementor-widget__width-inherit elementor-widget elementor-widget-text-editor\" data-id=\"d88c878\" data-element_type=\"widget\" data-e-type=\"widget\" data-widget_type=\"text-editor.default\">\n\t\t\t\t\t\t\t\t\t<div style=\"display: flex; align-items: center; height: 100%;\">Arquitectura de vivienda social en 6 ciudades iberoamericnas<\/div>\t\t\t\t\t\t\t\t<\/div>\n\t\t\t\t<div class=\"elementor-element elementor-element-45f5c3d elementor-widget elementor-widget-text-editor\" data-id=\"45f5c3d\" data-element_type=\"widget\" data-e-type=\"widget\" data-widget_type=\"text-editor.default\">\n\t\t\t\t\t\t\t\t\t<p>Esta exposici\u00f3n presenta un recorrido comparativo por la arquitectura de vivienda social en el \u00e1mbito iberoamericano. Es el principal resultado de un proyecto impulsado desde el grupo de investigaci\u00f3n NuTAC (UPM) en cuya elaboraci\u00f3n participaron investigadores de otras 5 universidades (Pontificia Universidad Javeriana de Bogot\u00e1, Universidad Cat\u00f3lica de Santiago de Guayaquil&#8230;<\/p>\t\t\t\t\t\t\t\t<\/div>\n\t\t\t\t<div class=\"elementor-element elementor-element-2f4cc3e elementor-widget elementor-widget-text-editor\" data-id=\"2f4cc3e\" data-element_type=\"widget\" data-e-type=\"widget\" data-widget_type=\"text-editor.default\">\n\t\t\t\t\t\t\t\t\t<p><span style=\"color: #999999;\">This exhibition presented a comparative journey through the architecture of social housing in the Ibero-American environment. It is the main result of a project promoted by the research group, NuTAC (UPM), in which researchers from five other universities participated (Javerian Pontifical University of Bogot\u00e1, Catholic University of Santiago of Guayaquil&#8230;<\/span><\/p>\t\t\t\t\t\t\t\t<\/div>\n\t\t\t\t<\/div>\n\t\t\t\t<\/a>\n\t\t<a class=\"elementor-element elementor-element-f344abd e-con-full e-flex e-con e-child\" data-id=\"f344abd\" data-element_type=\"container\" data-e-type=\"container\" href=\"http:\/\/138.4.92.168\/index.php\/exposiones\/\">\n\t\t<div class=\"elementor-element elementor-element-22603f0 e-con-full e-flex e-con e-child\" data-id=\"22603f0\" data-element_type=\"container\" data-e-type=\"container\">\n\t\t\t\t<div class=\"elementor-element elementor-element-190082d elementor-widget__width-initial elementor-widget elementor-widget-image\" data-id=\"190082d\" data-element_type=\"widget\" data-e-type=\"widget\" data-widget_type=\"image.default\">\n\t\t\t\t\t\t\t\t\t\t\t\t\t\t\t<img loading=\"lazy\" decoding=\"async\" width=\"423\" height=\"500\" src=\"http:\/\/138.4.92.168\/wp-content\/uploads\/2026\/02\/IDVS-portada-madrid.jpg\" class=\"attachment-medium_large size-medium_large wp-image-2035\" alt=\"\" \/>\t\t\t\t\t\t\t\t\t\t\t\t\t\t\t<\/div>\n\t\t\t\t<div class=\"elementor-element elementor-element-722efea elementor-widget elementor-widget-text-editor\" data-id=\"722efea\" data-element_type=\"widget\" data-e-type=\"widget\" data-widget_type=\"text-editor.default\">\n\t\t\t\t\t\t\t\t\t<p><span id=\"u54262-4\"><strong>Cu\u00e1ndo:<\/strong>\u00a0<\/span>diciembre 2010 &#8211; febrero 2011<br \/><strong><span id=\"u54262-7\">D\u00f3nde:\u00a0<\/span><\/strong>Arquer\u00edas de Nuevos Ministerios, Madrid<br \/><span id=\"u54262-10\"><strong>Comisarios:<\/strong>\u00a0<\/span>Sergio Mart\u00edn Blas, Iv\u00e1n Pajares S\u00e1nchez, Isabel Rodr\u00edguez Mart\u00edn, Maite Garc\u00eda Sanchis<br \/><strong><span id=\"u54262-13\">Financia:<\/span><\/strong>\u00a0Ministerio de Fomento<\/p>\t\t\t\t\t\t\t\t<\/div>\n\t\t\t\t<\/div>\n\t\t<div class=\"elementor-element elementor-element-ef9939b e-con-full e-flex e-con e-child\" data-id=\"ef9939b\" data-element_type=\"container\" data-e-type=\"container\">\n\t\t\t\t<div class=\"elementor-element elementor-element-0afac97 elementor-widget__width-inherit elementor-widget elementor-widget-text-editor\" data-id=\"0afac97\" data-element_type=\"widget\" data-e-type=\"widget\" data-widget_type=\"text-editor.default\">\n\t\t\t\t\t\t\t\t\t<div style=\"display: flex; align-items: center; height: 100%;\">I+D+VS. Futuros de la vivienda social en 7 ciudades<\/div>\t\t\t\t\t\t\t\t<\/div>\n\t\t\t\t<div class=\"elementor-element elementor-element-f45bc68 elementor-widget elementor-widget-text-editor\" data-id=\"f45bc68\" data-element_type=\"widget\" data-e-type=\"widget\" data-widget_type=\"text-editor.default\">\n\t\t\t\t\t\t\t\t\t<p>Esta exposici\u00f3n presenta el primer episodio del proyecto I+D+VS, dedicado al estudio de la vivienda social contempor\u00e1nea. Su contenido corresponde a un viaje imaginario a trav\u00e9s de 8 edificios que investigan el futuro de la vivienda social desde distintos puntos de vista. El itinerario recorre 7 ciudades del mundo, con Madrid como punto de partida y destino final. I+D+VS trata de explorar&#8230;<\/p>\t\t\t\t\t\t\t\t<\/div>\n\t\t\t\t<div class=\"elementor-element elementor-element-12e497f elementor-widget elementor-widget-text-editor\" data-id=\"12e497f\" data-element_type=\"widget\" data-e-type=\"widget\" data-widget_type=\"text-editor.default\">\n\t\t\t\t\t\t\t\t\t<p><span style=\"color: #999999;\">This exhibition was the first phase of the I+D+VS project, dedicated to the study of contemporary social housing. Its content corresponds to an imaginary journey through eight buildings that explore the future of social housing from different points of view. The itinerary covers seven cities in the world, with Madrid as the starting point and final destination. I+D+VS explored to what&#8230;<\/span><\/p>\t\t\t\t\t\t\t\t<\/div>\n\t\t\t\t<\/div>\n\t\t\t\t<\/a>\n\t\t<a class=\"elementor-element elementor-element-a804446 e-con-full e-flex e-con e-child\" data-id=\"a804446\" data-element_type=\"container\" data-e-type=\"container\" href=\"http:\/\/138.4.92.168\/index.php\/exposiciones-a-pie-de-calle-idvs-2-vivienda-social-y-regeneracion-urbana\/\">\n\t\t<div class=\"elementor-element elementor-element-1a7d4de e-con-full e-flex e-con e-child\" data-id=\"1a7d4de\" data-element_type=\"container\" data-e-type=\"container\">\n\t\t\t\t<div class=\"elementor-element elementor-element-3b2422e elementor-widget__width-initial elementor-widget elementor-widget-image\" data-id=\"3b2422e\" data-element_type=\"widget\" data-e-type=\"widget\" data-widget_type=\"image.default\">\n\t\t\t\t\t\t\t\t\t\t\t\t\t\t\t<img loading=\"lazy\" decoding=\"async\" width=\"397\" height=\"500\" src=\"http:\/\/138.4.92.168\/wp-content\/uploads\/2026\/02\/APDC_portada-madrid1.jpg\" class=\"attachment-medium_large size-medium_large wp-image-2033\" alt=\"\" \/>\t\t\t\t\t\t\t\t\t\t\t\t\t\t\t<\/div>\n\t\t\t\t<div class=\"elementor-element elementor-element-30ebdd4 elementor-widget elementor-widget-text-editor\" data-id=\"30ebdd4\" data-element_type=\"widget\" data-e-type=\"widget\" data-widget_type=\"text-editor.default\">\n\t\t\t\t\t\t\t\t\t<p><span id=\"u76824-4\"><strong>Cu\u00e1ndo:<\/strong>\u00a0<\/span>feb &#8211; abr de 2012 de abr 2019<br \/><span id=\"u76824-7\"><strong>D\u00f3nde:<\/strong>\u00a0<\/span>Arquer\u00edas de Nuevos Ministerios, Madrid<br \/><span id=\"u76824-10\"><strong>Comisarios:<\/strong>\u00a0<\/span>Sergio Mart\u00edn Blas, Iv\u00e1n Pajares S\u00e1nchez, Isabel Rodr\u00edguez Mart\u00edn, Maite Garc\u00eda Sanchis<br \/><span id=\"u76824-13\"><strong>Financia:<\/strong>\u00a0<\/span>Ministerio de Fomento<\/p>\t\t\t\t\t\t\t\t<\/div>\n\t\t\t\t<\/div>\n\t\t<div class=\"elementor-element elementor-element-6682b36 e-con-full e-flex e-con e-child\" data-id=\"6682b36\" data-element_type=\"container\" data-e-type=\"container\">\n\t\t\t\t<div class=\"elementor-element elementor-element-54ff1b3 elementor-widget__width-inherit elementor-widget elementor-widget-text-editor\" data-id=\"54ff1b3\" data-element_type=\"widget\" data-e-type=\"widget\" data-widget_type=\"text-editor.default\">\n\t\t\t\t\t\t\t\t\t<div style=\"display: flex; align-items: center; height: 100%;\">A pie de calle. I+D+VS 2. Vivienda social y regeneraci\u00f3n urbana<\/div>\t\t\t\t\t\t\t\t<\/div>\n\t\t\t\t<div class=\"elementor-element elementor-element-236a75b elementor-widget elementor-widget-text-editor\" data-id=\"236a75b\" data-element_type=\"widget\" data-e-type=\"widget\" data-widget_type=\"text-editor.default\">\n\t\t\t\t\t\t\t\t\t<p>La sala Arquer\u00eda de Nuevos Ministerios acoge la exposici\u00f3n\u00a0<span id=\"u76815-2\"><em>A pie de calle<\/em>: vivienda social y regeneraci\u00f3n urbana<\/span>. En ella se presenta el segundo episodio del proyecto I+D+VS, dedicado al estudio de la vivienda social contempor\u00e1nea en los procesos de regeneraci\u00f3n urbana. Como es sabido, la regeneraci\u00f3n urbana constituye un reto fundamental para el futuro&#8230;<\/p>\t\t\t\t\t\t\t\t<\/div>\n\t\t\t\t<div class=\"elementor-element elementor-element-7d8ed51 elementor-widget elementor-widget-text-editor\" data-id=\"7d8ed51\" data-element_type=\"widget\" data-e-type=\"widget\" data-widget_type=\"text-editor.default\">\n\t\t\t\t\t\t\t\t\t<p><span style=\"color: #999999;\">The Arquer\u00eda of Nuevos Ministerios hosted the exhibition\u00a0<span id=\"u76815-15\"><em>A pie de calle<\/em>: vivienda social y regeneraci\u00f3n urbana<\/span>. It presented the second episode of the I+D+VS project, dedicated to the study of contemporary social housing in urban regeneration processes. As is commonly accepted, urban regeneration constitutes a fundamental challenge for the future&#8230;<\/span><\/p>\t\t\t\t\t\t\t\t<\/div>\n\t\t\t\t<\/div>\n\t\t\t\t<\/a>\n\t\t\t\t<\/div>\n\t\t\t\t<\/div>\n\t\t","protected":false},"excerpt":{"rendered":"<p>EXPOSICIONES &#8211; EXHIBITIONS Cu\u00e1ndo:\u00a0febrero &#8211; abril 2019D\u00f3nde:\u00a0Sala SUR de Conde Duque, MadridComisarios:\u00a0Lucila Urda Pe\u00f1a ySergio Mart\u00edn BlasFinancia:\u00a0Ayuntamiento de Madrid Arte [&hellip;]<\/p>\n","protected":false},"author":1,"featured_media":0,"parent":0,"menu_order":0,"comment_status":"closed","ping_status":"closed","template":"","meta":{"site-sidebar-layout":"default","site-content-layout":"","ast-site-content-layout":"default","site-content-style":"default","site-sidebar-style":"default","ast-global-header-display":"disabled","ast-banner-title-visibility":"disabled","ast-main-header-display":"","ast-hfb-above-header-display":"","ast-hfb-below-header-display":"","ast-hfb-mobile-header-display":"","site-post-title":"","ast-breadcrumbs-content":"","ast-featured-img":"disabled","footer-sml-layout":"disabled","ast-disable-related-posts":"","theme-transparent-header-meta":"default","adv-header-id-meta":"","stick-header-meta":"","header-above-stick-meta":"","header-main-stick-meta":"","header-below-stick-meta":"","astra-migrate-meta-layouts":"default","ast-page-background-enabled":"default","ast-page-background-meta":{"desktop":{"background-color":"var(--ast-global-color-5)","background-image":"","background-repeat":"repeat","background-position":"center center","background-size":"auto","background-attachment":"scroll","background-type":"","background-media":"","overlay-type":"","overlay-color":"","overlay-opacity":"","overlay-gradient":""},"tablet":{"background-color":"","background-image":"","background-repeat":"repeat","background-position":"center center","background-size":"auto","background-attachment":"scroll","background-type":"","background-media":"","overlay-type":"","overlay-color":"","overlay-opacity":"","overlay-gradient":""},"mobile":{"background-color":"","background-image":"","background-repeat":"repeat","background-position":"center center","background-size":"auto","background-attachment":"scroll","background-type":"","background-media":"","overlay-type":"","overlay-color":"","overlay-opacity":"","overlay-gradient":""}},"ast-content-background-meta":{"desktop":{"background-color":"var(--ast-global-color-4)","background-image":"","background-repeat":"repeat","background-position":"center center","background-size":"auto","background-attachment":"scroll","background-type":"","background-media":"","overlay-type":"","overlay-color":"","overlay-opacity":"","overlay-gradient":""},"tablet":{"background-color":"var(--ast-global-color-4)","background-image":"","background-repeat":"repeat","background-position":"center center","background-size":"auto","background-attachment":"scroll","background-type":"","background-media":"","overlay-type":"","overlay-color":"","overlay-opacity":"","overlay-gradient":""},"mobile":{"background-color":"var(--ast-global-color-4)","background-image":"","background-repeat":"repeat","background-position":"center center","background-size":"auto","background-attachment":"scroll","background-type":"","background-media":"","overlay-type":"","overlay-color":"","overlay-opacity":"","overlay-gradient":""}},"footnotes":""},"class_list":["post-1369","page","type-page","status-publish","hentry"],"_links":{"self":[{"href":"http:\/\/138.4.92.168\/index.php\/wp-json\/wp\/v2\/pages\/1369","targetHints":{"allow":["GET"]}}],"collection":[{"href":"http:\/\/138.4.92.168\/index.php\/wp-json\/wp\/v2\/pages"}],"about":[{"href":"http:\/\/138.4.92.168\/index.php\/wp-json\/wp\/v2\/types\/page"}],"author":[{"embeddable":true,"href":"http:\/\/138.4.92.168\/index.php\/wp-json\/wp\/v2\/users\/1"}],"replies":[{"embeddable":true,"href":"http:\/\/138.4.92.168\/index.php\/wp-json\/wp\/v2\/comments?post=1369"}],"version-history":[{"count":0,"href":"http:\/\/138.4.92.168\/index.php\/wp-json\/wp\/v2\/pages\/1369\/revisions"}],"wp:attachment":[{"href":"http:\/\/138.4.92.168\/index.php\/wp-json\/wp\/v2\/media?parent=1369"}],"curies":[{"name":"wp","href":"https:\/\/api.w.org\/{rel}","templated":true}]}}