{"id":1347,"date":"2026-01-27T15:15:31","date_gmt":"2026-01-27T15:15:31","guid":{"rendered":"http:\/\/138.4.92.168\/?page_id=1347"},"modified":"2026-03-24T09:45:18","modified_gmt":"2026-03-24T09:45:18","slug":"eventos2","status":"publish","type":"page","link":"http:\/\/138.4.92.168\/index.php\/eventos2\/","title":{"rendered":"Eventos"},"content":{"rendered":"\t\t<div data-elementor-type=\"wp-page\" data-elementor-id=\"1347\" class=\"elementor elementor-1347\" data-elementor-post-type=\"page\">\n\t\t\t\t<a class=\"elementor-element elementor-element-c02ac1e e-flex e-con-boxed e-con e-parent\" data-id=\"c02ac1e\" data-element_type=\"container\" data-e-type=\"container\" data-settings=\"{&quot;background_background&quot;:&quot;classic&quot;}\" href=\"http:\/\/138.4.92.168\/\">\n\t\t\t\t\t<div class=\"e-con-inner\">\n\t\t<div class=\"elementor-element elementor-element-7a264c7 e-con-full e-flex e-con e-child\" data-id=\"7a264c7\" data-element_type=\"container\" data-e-type=\"container\">\n\t\t\t\t<div class=\"elementor-element elementor-element-eb2d86a elementor-widget elementor-widget-image\" data-id=\"eb2d86a\" data-element_type=\"widget\" data-e-type=\"widget\" data-widget_type=\"image.default\">\n\t\t\t\t\t\t\t\t\t\t\t\t\t\t\t<img decoding=\"async\" width=\"189\" height=\"189\" src=\"http:\/\/138.4.92.168\/wp-content\/uploads\/2026\/01\/ico-eventos.png\" class=\"attachment-medium_large size-medium_large wp-image-867\" alt=\"\" \/>\t\t\t\t\t\t\t\t\t\t\t\t\t\t\t<\/div>\n\t\t\t\t<\/div>\n\t\t<div class=\"elementor-element elementor-element-8d02495 e-con-full e-flex e-con e-child\" data-id=\"8d02495\" data-element_type=\"container\" data-e-type=\"container\">\n\t\t\t\t<div class=\"elementor-element elementor-element-5360205 elementor-widget elementor-widget-heading\" data-id=\"5360205\" data-element_type=\"widget\" data-e-type=\"widget\" data-widget_type=\"heading.default\">\n\t\t\t\t\t<h1 class=\"elementor-heading-title elementor-size-default\">EVENTOS - EVENTS<\/h1>\t\t\t\t<\/div>\n\t\t\t\t<\/div>\n\t\t<div class=\"elementor-element elementor-element-813061a e-con-full e-flex e-con e-child\" data-id=\"813061a\" data-element_type=\"container\" data-e-type=\"container\">\n\t\t\t\t<div class=\"elementor-element elementor-element-0b1510d elementor-view-default elementor-widget elementor-widget-icon\" data-id=\"0b1510d\" data-element_type=\"widget\" data-e-type=\"widget\" data-widget_type=\"icon.default\">\n\t\t\t\t\t\t\t<div class=\"elementor-icon-wrapper\">\n\t\t\t<div class=\"elementor-icon\">\n\t\t\t<i aria-hidden=\"true\" class=\"icon icon-menu1\"><\/i>\t\t\t<\/div>\n\t\t<\/div>\n\t\t\t\t\t\t<\/div>\n\t\t\t\t<\/div>\n\t\t\t\t\t<\/div>\n\t\t\t\t<\/a>\n\t\t<div class=\"elementor-element elementor-element-6400710d e-grid e-con-full e-con e-parent\" data-id=\"6400710d\" data-element_type=\"container\" data-e-type=\"container\">\n\t\t<a class=\"elementor-element elementor-element-32ec9461 e-con-full e-flex e-con e-child\" data-id=\"32ec9461\" data-element_type=\"container\" data-e-type=\"container\" href=\"http:\/\/138.4.92.168\/index.php\/eventos-holanda-en-madrid-iv-regenerar-espacios-para-la-innovacion\/\">\n\t\t<div class=\"elementor-element elementor-element-2fb8683e e-con-full e-flex e-con e-child\" data-id=\"2fb8683e\" data-element_type=\"container\" data-e-type=\"container\">\n\t\t\t\t<div class=\"elementor-element elementor-element-4e588d0a elementor-widget elementor-widget-image\" data-id=\"4e588d0a\" data-element_type=\"widget\" data-e-type=\"widget\" data-widget_type=\"image.default\">\n\t\t\t\t\t\t\t\t\t\t\t\t\t\t\t<img decoding=\"async\" src=\"http:\/\/138.4.92.168\/wp-content\/uploads\/2026\/02\/Holanda-Madrid-IV.jpg\" title=\"\" alt=\"\" loading=\"lazy\" \/>\t\t\t\t\t\t\t\t\t\t\t\t\t\t\t<\/div>\n\t\t\t\t<div class=\"elementor-element elementor-element-74364beb elementor-widget elementor-widget-text-editor\" data-id=\"74364beb\" data-element_type=\"widget\" data-e-type=\"widget\" data-widget_type=\"text-editor.default\">\n\t\t\t\t\t\t\t\t\t<p style=\"text-align: left;\"><strong>Cu\u00e1ndo:<\/strong>\u00a013 de abril de 2016<br \/><strong>D\u00f3nde:<\/strong> Intermediae. Paseo de la Chopera 14, Madrid<br \/><strong>Comisarios:<\/strong> Sergio Mart\u00edn Blas e Isabel Rodr\u00edguez Mart\u00edn<br \/><strong>Financia:<\/strong> Embajada del Reino de los Pa\u00edses Bajos<\/p>\t\t\t\t\t\t\t\t<\/div>\n\t\t\t\t<\/div>\n\t\t<div class=\"elementor-element elementor-element-36093e25 e-con-full e-flex e-con e-child\" data-id=\"36093e25\" data-element_type=\"container\" data-e-type=\"container\">\n\t\t\t\t<div class=\"elementor-element elementor-element-22be93cf elementor-widget__width-inherit elementor-widget elementor-widget-text-editor\" data-id=\"22be93cf\" data-element_type=\"widget\" data-e-type=\"widget\" data-widget_type=\"text-editor.default\">\n\t\t\t\t\t\t\t\t\t<div style=\"display: flex; align-items: center; height: 100%;\">Holanda en Madrid IV. Regenerar espacios para la innovaci\u00f3n<\/div>\t\t\t\t\t\t\t\t<\/div>\n\t\t\t\t<div class=\"elementor-element elementor-element-50455d30 elementor-widget elementor-widget-text-editor\" data-id=\"50455d30\" data-element_type=\"widget\" data-e-type=\"widget\" data-widget_type=\"text-editor.default\">\n\t\t\t\t\t\t\t\t\t<p>En su cuarta edici\u00f3n, las jornadas de debate\u00a0<span id=\"u68790-2\">Holanda en Madrid\u00a0<\/span>se centran en la reactivaci\u00f3n de edificios sin uso, y en su potencial para convertirse en espacios para la innovaci\u00f3n, tanto social y cultural, como econ\u00f3mica. Una gran cantidad de factores confluyen en la reactivaci\u00f3n de edificios sin uso: agentes, procesos, connotaciones sociales y pol\u00edticas, o condiciones econ\u00f3micas&#8230;<\/p>\t\t\t\t\t\t\t\t<\/div>\n\t\t\t\t<div class=\"elementor-element elementor-element-f9eab09 elementor-widget elementor-widget-text-editor\" data-id=\"f9eab09\" data-element_type=\"widget\" data-e-type=\"widget\" data-widget_type=\"text-editor.default\">\n\t\t\t\t\t\t\t\t\t<p><span style=\"color: #999999;\">In its fourth edition, the debate sessions\u00a0<span id=\"u68790-8\">Holanda en Madrid<\/span> focused on the reactivation of unused buildings, and their potential to become spaces for innovation, both social and cultural, as well as economic. A large number of factors come together in the reactivation of unused buildings: agents, processes, social and political connotations, and economic conditions&#8230;<\/span><\/p>\t\t\t\t\t\t\t\t<\/div>\n\t\t\t\t<\/div>\n\t\t\t\t<\/a>\n\t\t<a class=\"elementor-element elementor-element-a12dde8 e-con-full e-flex e-con e-child\" data-id=\"a12dde8\" data-element_type=\"container\" data-e-type=\"container\" href=\"http:\/\/138.4.92.168\/index.php\/evento-holanda-en-madrid-iii\">\n\t\t<div class=\"elementor-element elementor-element-8d2bbbb e-con-full e-flex e-con e-child\" data-id=\"8d2bbbb\" data-element_type=\"container\" data-e-type=\"container\">\n\t\t\t\t<div class=\"elementor-element elementor-element-ae03231 elementor-widget__width-inherit elementor-widget elementor-widget-image\" data-id=\"ae03231\" data-element_type=\"widget\" data-e-type=\"widget\" data-widget_type=\"image.default\">\n\t\t\t\t\t\t\t\t\t\t\t\t\t\t\t<img fetchpriority=\"high\" decoding=\"async\" width=\"249\" height=\"373\" src=\"http:\/\/138.4.92.168\/wp-content\/uploads\/2026\/02\/Holanda-Madrid-III.jpg\" class=\"attachment-medium_large size-medium_large wp-image-1928\" alt=\"\" \/>\t\t\t\t\t\t\t\t\t\t\t\t\t\t\t<\/div>\n\t\t\t\t<div class=\"elementor-element elementor-element-029cd51 elementor-widget elementor-widget-text-editor\" data-id=\"029cd51\" data-element_type=\"widget\" data-e-type=\"widget\" data-widget_type=\"text-editor.default\">\n\t\t\t\t\t\t\t\t\t<p><span id=\"u80988-4\"><strong>Cu\u00e1ndo:<\/strong>\u00a0<\/span>2 de octubre de 2013<br \/><span id=\"u80988-7\"><strong>D\u00f3nde:<\/strong>\u00a0<\/span>Medialab-Prado C\/ Alameda, 15, Madrid<br \/><span id=\"u80988-10\"><strong>Comisarios:<\/strong>\u00a0<\/span>Sergio Mart\u00edn Blas y Maite Garc\u00eda Sanchis<br \/><span id=\"u80988-15\"><strong>Financia:<\/strong>\u00a0<\/span>Embajada del Reino de los Pa\u00edses Bajos<\/p>\t\t\t\t\t\t\t\t<\/div>\n\t\t\t\t<\/div>\n\t\t<div class=\"elementor-element elementor-element-cb9fa39 e-con-full e-flex e-con e-child\" data-id=\"cb9fa39\" data-element_type=\"container\" data-e-type=\"container\">\n\t\t\t\t<div class=\"elementor-element elementor-element-b4eb692 elementor-widget__width-inherit elementor-widget elementor-widget-text-editor\" data-id=\"b4eb692\" data-element_type=\"widget\" data-e-type=\"widget\" data-widget_type=\"text-editor.default\">\n\t\t\t\t\t\t\t\t\t<div style=\"display: flex; align-items: center; height: 100%;\">Holanda en Madrid III. Arte y regeneraci\u00f3n urbana<\/div>\t\t\t\t\t\t\t\t<\/div>\n\t\t\t\t<div class=\"elementor-element elementor-element-b917d94 elementor-widget elementor-widget-text-editor\" data-id=\"b917d94\" data-element_type=\"widget\" data-e-type=\"widget\" data-widget_type=\"text-editor.default\">\n\t\t\t\t\t\t\t\t\t<p>La tercera jornada de debate\u00a0<span id=\"u80991-2\">Holanda en Madrid<\/span> se centra en analizar el papel de las instituciones, iniciativas y espacios culturales en la transformaci\u00f3n de la ciudad actual, al hilo de las experiencias m\u00e1s novedosas, tanto holandesas como madrile\u00f1as. Frente al conocido poder catalizador de los nuevos contenedores arquitect\u00f3nicos, la imagen espectacular de los museos y centros de arte&#8230;<\/p>\t\t\t\t\t\t\t\t<\/div>\n\t\t\t\t<div class=\"elementor-element elementor-element-fbc1ea1 elementor-widget elementor-widget-text-editor\" data-id=\"fbc1ea1\" data-element_type=\"widget\" data-e-type=\"widget\" data-widget_type=\"text-editor.default\">\n\t\t\t\t\t\t\t\t\t<p><span style=\"color: #999999;\">The third day of debate\u00a0<span id=\"u80991-11\">Holanda en Madrid\u00a0<\/span>focused on analyzing the role of institutions, initiatives and cultural spaces in the transformation of today&#8217;s city, in line with the most innovative experiences, both from Holland and from Madrid. In comparison with the well documented catalytic power of new architectural containers, the spectacular image of museums and art centres&#8230;<\/span><\/p>\t\t\t\t\t\t\t\t<\/div>\n\t\t\t\t<\/div>\n\t\t\t\t<\/a>\n\t\t<a class=\"elementor-element elementor-element-27e107e e-con-full e-flex e-con e-child\" data-id=\"27e107e\" data-element_type=\"container\" data-e-type=\"container\" href=\"http:\/\/138.4.92.168\/index.php\/eventos-holanda-en-madrid-ii-futuro-de-la-vivienda-social-moderna\">\n\t\t<div class=\"elementor-element elementor-element-6d254c7 e-con-full e-flex e-con e-child\" data-id=\"6d254c7\" data-element_type=\"container\" data-e-type=\"container\">\n\t\t\t\t<div class=\"elementor-element elementor-element-744fc04 elementor-widget elementor-widget-image\" data-id=\"744fc04\" data-element_type=\"widget\" data-e-type=\"widget\" data-widget_type=\"image.default\">\n\t\t\t\t\t\t\t\t\t\t\t\t\t\t\t<img decoding=\"async\" src=\"http:\/\/138.4.92.168\/wp-content\/uploads\/2026\/02\/Holanda-Madrid-II.jpg\" title=\"\" alt=\"\" loading=\"lazy\" \/>\t\t\t\t\t\t\t\t\t\t\t\t\t\t\t<\/div>\n\t\t\t\t<div class=\"elementor-element elementor-element-e0e0f49 elementor-widget elementor-widget-text-editor\" data-id=\"e0e0f49\" data-element_type=\"widget\" data-e-type=\"widget\" data-widget_type=\"text-editor.default\">\n\t\t\t\t\t\t\t\t\t<p><strong><span id=\"u82079-4\">Cu\u00e1ndo:\u00a0<\/span><\/strong>3 de octubre de 2012<br \/><span id=\"u82079-7\"><strong>D\u00f3nde:<\/strong>\u00a0<\/span>Escuela T\u00e9cnica<br \/>Superior de Arquitectura de Madrid<br \/><span id=\"u82079-10\"><strong>Comisarios:<\/strong>\u00a0<\/span>Sergio Mart\u00edn Blas y Maite Garc\u00eda Sanchis<br \/><span id=\"u82079-15\"><strong>Financia:<\/strong>\u00a0<\/span>Embajada del Reino de los Pa\u00edses Bajos<\/p>\t\t\t\t\t\t\t\t<\/div>\n\t\t\t\t<\/div>\n\t\t<div class=\"elementor-element elementor-element-87a137d e-con-full e-flex e-con e-child\" data-id=\"87a137d\" data-element_type=\"container\" data-e-type=\"container\">\n\t\t\t\t<div class=\"elementor-element elementor-element-4acb30d elementor-widget__width-inherit elementor-widget elementor-widget-text-editor\" data-id=\"4acb30d\" data-element_type=\"widget\" data-e-type=\"widget\" data-widget_type=\"text-editor.default\">\n\t\t\t\t\t\t\t\t\t<div style=\"display: flex; align-items: center; height: 100%;\">Holanda en Madrid II. Futuro de la vivienda social moderna<\/div>\t\t\t\t\t\t\t\t<\/div>\n\t\t\t\t<div class=\"elementor-element elementor-element-b9370f3 elementor-widget elementor-widget-text-editor\" data-id=\"b9370f3\" data-element_type=\"widget\" data-e-type=\"widget\" data-widget_type=\"text-editor.default\">\n\t\t\t\t\t\t\t\t\t<p>En esta segunda edici\u00f3n de\u00a0<span id=\"u82072-2\">Holanda en Madrid<\/span>, organizada con motivo de la Semana de la Arquitectura de 2012, el encuentro se centra en el presente y futuro de la vivienda social moderna, es decir, en la evoluci\u00f3n y transformaci\u00f3n de aquellos barrios y edificios que han marcado un hito en la historia de la vivienda social del siglo XX por su calidad arquitect\u00f3nica y urbana&#8230;<\/p>\t\t\t\t\t\t\t\t<\/div>\n\t\t\t\t<div class=\"elementor-element elementor-element-fbd4f82 elementor-widget elementor-widget-text-editor\" data-id=\"fbd4f82\" data-element_type=\"widget\" data-e-type=\"widget\" data-widget_type=\"text-editor.default\">\n\t\t\t\t\t\t\t\t\t<p><span style=\"color: #999999;\">In this second edition of\u00a0<span id=\"u82072-8\">Holanda en Madrid,<\/span> organized on the occasion of Architecture Week 2012, the meeting focused on the present and future of modern social housing, that is, on the evolution and transformation of those neighbourhoods and buildings that have marked a milestone in the history of social housing in the 20th century&#8230;<\/span><\/p>\t\t\t\t\t\t\t\t<\/div>\n\t\t\t\t<\/div>\n\t\t\t\t<\/a>\n\t\t<a class=\"elementor-element elementor-element-e97945a e-con-full e-flex e-con e-child\" data-id=\"e97945a\" data-element_type=\"container\" data-e-type=\"container\" href=\"http:\/\/138.4.92.168\/index.php\/eventos-holanda-en-madrid-i-vivienda-social-y-regeneracion-urbana\/\">\n\t\t<div class=\"elementor-element elementor-element-89d97bb e-con-full e-flex e-con e-child\" data-id=\"89d97bb\" data-element_type=\"container\" data-e-type=\"container\">\n\t\t\t\t<div class=\"elementor-element elementor-element-d4ffe56 elementor-widget__width-inherit elementor-widget elementor-widget-image\" data-id=\"d4ffe56\" data-element_type=\"widget\" data-e-type=\"widget\" data-widget_type=\"image.default\">\n\t\t\t\t\t\t\t\t\t\t\t\t\t\t\t<img decoding=\"async\" width=\"500\" height=\"727\" src=\"http:\/\/138.4.92.168\/wp-content\/uploads\/2026\/02\/Holanda-Madrid-I.jpg\" class=\"attachment-medium_large size-medium_large wp-image-1664\" alt=\"\" \/>\t\t\t\t\t\t\t\t\t\t\t\t\t\t\t<\/div>\n\t\t\t\t<div class=\"elementor-element elementor-element-296fd9e elementor-widget elementor-widget-text-editor\" data-id=\"296fd9e\" data-element_type=\"widget\" data-e-type=\"widget\" data-widget_type=\"text-editor.default\">\n\t\t\t\t\t\t\t\t\t<p><span id=\"u83587-4\"><strong>Cu\u00e1ndo:<\/strong>\u00a0<\/span>26 de abril de 2012<br \/><span id=\"u83587-7\"><strong>D\u00f3nde:<\/strong>\u00a0<\/span>Fundaci\u00f3n cultural COAM, C\/ Hortaleza, 63, Madrid<br \/><span id=\"u83587-10\"><strong>Comisarios:<\/strong>\u00a0<\/span>Grupo de investigaci\u00f3n NuTAC<br \/><span id=\"u83587-13\"><strong>Financia:<\/strong>\u00a0<\/span>Embajada del Reino de los Pa\u00edses Bajos<\/p>\t\t\t\t\t\t\t\t<\/div>\n\t\t\t\t<\/div>\n\t\t<div class=\"elementor-element elementor-element-070ecda e-con-full e-flex e-con e-child\" data-id=\"070ecda\" data-element_type=\"container\" data-e-type=\"container\">\n\t\t\t\t<div class=\"elementor-element elementor-element-cc8b578 elementor-widget__width-inherit elementor-widget elementor-widget-text-editor\" data-id=\"cc8b578\" data-element_type=\"widget\" data-e-type=\"widget\" data-widget_type=\"text-editor.default\">\n\t\t\t\t\t\t\t\t\t<div style=\"display: flex; align-items: center; height: 100%;\">Holanda en Madrid I. Vivienda social y regeneraci\u00f3n urbana<\/div>\t\t\t\t\t\t\t\t<\/div>\n\t\t\t\t<div class=\"elementor-element elementor-element-99ba627 elementor-widget elementor-widget-text-editor\" data-id=\"99ba627\" data-element_type=\"widget\" data-e-type=\"widget\" data-widget_type=\"text-editor.default\">\n\t\t\t\t\t\t\t\t\t<p><em>Holanda en Madrid<\/em> es un foro de debate sobre arquitectura y ciudad impulsado desde el Grupo de Investigaci\u00f3n NuTAC de la Escuela T\u00e9cnica Superior de Arquitectura de la UPM, que ha contado desde 2012 con el apoyo de la Embajada del Reino de los Pa\u00edses Bajos en Espa\u00f1a. Entre sus actividades destaca la serie de jornadas-encuentro en torno a las experiencias recientes&#8230;<\/p>\t\t\t\t\t\t\t\t<\/div>\n\t\t\t\t<div class=\"elementor-element elementor-element-8f52d4b elementor-widget elementor-widget-text-editor\" data-id=\"8f52d4b\" data-element_type=\"widget\" data-e-type=\"widget\" data-widget_type=\"text-editor.default\">\n\t\t\t\t\t\t\t\t\t<p><span style=\"color: #999999;\"><span id=\"u83580-9\"><em>Holanda en Madrid<\/em>\u00a0<\/span>is a forum for debate on architecture and the city promoted by the research group, NuTAC (ETSAM-UPM), which has had the support of the Embassy of the Kingdom of the Netherlands in Spain since 2012. Among its activities, the series of conference-meetings on recent experiences in the regeneration&#8230;<\/span><\/p>\t\t\t\t\t\t\t\t<\/div>\n\t\t\t\t<\/div>\n\t\t\t\t<\/a>\n\t\t\t\t<\/div>\n\t\t\t\t<\/div>\n\t\t","protected":false},"excerpt":{"rendered":"<p>EVENTOS &#8211; EVENTS Cu\u00e1ndo:\u00a013 de abril de 2016D\u00f3nde: Intermediae. Paseo de la Chopera 14, MadridComisarios: Sergio Mart\u00edn Blas e Isabel [&hellip;]<\/p>\n","protected":false},"author":1,"featured_media":0,"parent":0,"menu_order":0,"comment_status":"closed","ping_status":"closed","template":"","meta":{"site-sidebar-layout":"default","site-content-layout":"","ast-site-content-layout":"default","site-content-style":"default","site-sidebar-style":"default","ast-global-header-display":"disabled","ast-banner-title-visibility":"disabled","ast-main-header-display":"","ast-hfb-above-header-display":"","ast-hfb-below-header-display":"","ast-hfb-mobile-header-display":"","site-post-title":"","ast-breadcrumbs-content":"","ast-featured-img":"disabled","footer-sml-layout":"disabled","ast-disable-related-posts":"","theme-transparent-header-meta":"default","adv-header-id-meta":"","stick-header-meta":"","header-above-stick-meta":"","header-main-stick-meta":"","header-below-stick-meta":"","astra-migrate-meta-layouts":"default","ast-page-background-enabled":"default","ast-page-background-meta":{"desktop":{"background-color":"var(--ast-global-color-5)","background-image":"","background-repeat":"repeat","background-position":"center center","background-size":"auto","background-attachment":"scroll","background-type":"","background-media":"","overlay-type":"","overlay-color":"","overlay-opacity":"","overlay-gradient":""},"tablet":{"background-color":"","background-image":"","background-repeat":"repeat","background-position":"center center","background-size":"auto","background-attachment":"scroll","background-type":"","background-media":"","overlay-type":"","overlay-color":"","overlay-opacity":"","overlay-gradient":""},"mobile":{"background-color":"","background-image":"","background-repeat":"repeat","background-position":"center center","background-size":"auto","background-attachment":"scroll","background-type":"","background-media":"","overlay-type":"","overlay-color":"","overlay-opacity":"","overlay-gradient":""}},"ast-content-background-meta":{"desktop":{"background-color":"var(--ast-global-color-4)","background-image":"","background-repeat":"repeat","background-position":"center center","background-size":"auto","background-attachment":"scroll","background-type":"","background-media":"","overlay-type":"","overlay-color":"","overlay-opacity":"","overlay-gradient":""},"tablet":{"background-color":"var(--ast-global-color-4)","background-image":"","background-repeat":"repeat","background-position":"center center","background-size":"auto","background-attachment":"scroll","background-type":"","background-media":"","overlay-type":"","overlay-color":"","overlay-opacity":"","overlay-gradient":""},"mobile":{"background-color":"var(--ast-global-color-4)","background-image":"","background-repeat":"repeat","background-position":"center center","background-size":"auto","background-attachment":"scroll","background-type":"","background-media":"","overlay-type":"","overlay-color":"","overlay-opacity":"","overlay-gradient":""}},"footnotes":""},"class_list":["post-1347","page","type-page","status-publish","hentry"],"_links":{"self":[{"href":"http:\/\/138.4.92.168\/index.php\/wp-json\/wp\/v2\/pages\/1347","targetHints":{"allow":["GET"]}}],"collection":[{"href":"http:\/\/138.4.92.168\/index.php\/wp-json\/wp\/v2\/pages"}],"about":[{"href":"http:\/\/138.4.92.168\/index.php\/wp-json\/wp\/v2\/types\/page"}],"author":[{"embeddable":true,"href":"http:\/\/138.4.92.168\/index.php\/wp-json\/wp\/v2\/users\/1"}],"replies":[{"embeddable":true,"href":"http:\/\/138.4.92.168\/index.php\/wp-json\/wp\/v2\/comments?post=1347"}],"version-history":[{"count":0,"href":"http:\/\/138.4.92.168\/index.php\/wp-json\/wp\/v2\/pages\/1347\/revisions"}],"wp:attachment":[{"href":"http:\/\/138.4.92.168\/index.php\/wp-json\/wp\/v2\/media?parent=1347"}],"curies":[{"name":"wp","href":"https:\/\/api.w.org\/{rel}","templated":true}]}}