{"id":1209,"date":"2026-01-21T16:22:48","date_gmt":"2026-01-21T16:22:48","guid":{"rendered":"http:\/\/138.4.92.168\/?page_id=1209"},"modified":"2026-02-23T15:26:43","modified_gmt":"2026-02-23T15:26:43","slug":"formacion","status":"publish","type":"page","link":"http:\/\/138.4.92.168\/index.php\/formacion\/","title":{"rendered":"Formaci\u00f3n"},"content":{"rendered":"\t\t<div data-elementor-type=\"wp-page\" data-elementor-id=\"1209\" class=\"elementor elementor-1209\" data-elementor-post-type=\"page\">\n\t\t\t\t<a class=\"elementor-element elementor-element-c9d096d e-flex e-con-boxed e-con e-parent\" data-id=\"c9d096d\" data-element_type=\"container\" data-e-type=\"container\" data-settings=\"{&quot;background_background&quot;:&quot;classic&quot;}\" href=\"http:\/\/138.4.92.168\/\">\n\t\t\t\t\t<div class=\"e-con-inner\">\n\t\t<div class=\"elementor-element elementor-element-c2179b5 e-con-full e-flex e-con e-child\" data-id=\"c2179b5\" data-element_type=\"container\" data-e-type=\"container\">\n\t\t\t\t<div class=\"elementor-element elementor-element-66b65fe elementor-widget elementor-widget-image\" data-id=\"66b65fe\" data-element_type=\"widget\" data-e-type=\"widget\" data-widget_type=\"image.default\">\n\t\t\t\t\t\t\t\t\t\t\t\t\t\t\t<img decoding=\"async\" width=\"189\" height=\"189\" src=\"http:\/\/138.4.92.168\/wp-content\/uploads\/2026\/01\/ico-tesis.png\" class=\"attachment-medium_large size-medium_large wp-image-1084\" alt=\"\" \/>\t\t\t\t\t\t\t\t\t\t\t\t\t\t\t<\/div>\n\t\t\t\t<\/div>\n\t\t<div class=\"elementor-element elementor-element-c924530 e-con-full e-flex e-con e-child\" data-id=\"c924530\" data-element_type=\"container\" data-e-type=\"container\">\n\t\t\t\t<div class=\"elementor-element elementor-element-4d6154d elementor-widget elementor-widget-heading\" data-id=\"4d6154d\" data-element_type=\"widget\" data-e-type=\"widget\" data-widget_type=\"heading.default\">\n\t\t\t\t\t<h1 class=\"elementor-heading-title elementor-size-default\">FORMACI\u00d3N - TRAINING<\/h1>\t\t\t\t<\/div>\n\t\t\t\t<\/div>\n\t\t<div class=\"elementor-element elementor-element-080f480 e-con-full e-flex e-con e-child\" data-id=\"080f480\" data-element_type=\"container\" data-e-type=\"container\">\n\t\t\t\t<div class=\"elementor-element elementor-element-425e231 elementor-view-default elementor-widget elementor-widget-icon\" data-id=\"425e231\" data-element_type=\"widget\" data-e-type=\"widget\" data-widget_type=\"icon.default\">\n\t\t\t\t\t\t\t<div class=\"elementor-icon-wrapper\">\n\t\t\t<div class=\"elementor-icon\">\n\t\t\t<i aria-hidden=\"true\" class=\"icon icon-menu1\"><\/i>\t\t\t<\/div>\n\t\t<\/div>\n\t\t\t\t\t\t<\/div>\n\t\t\t\t<\/div>\n\t\t\t\t\t<\/div>\n\t\t\t\t<\/a>\n\t\t<div class=\"elementor-element elementor-element-5166b39 e-flex e-con-boxed e-con e-parent\" data-id=\"5166b39\" data-element_type=\"container\" data-e-type=\"container\">\n\t\t\t\t\t<div class=\"e-con-inner\">\n\t\t\t\t<div class=\"elementor-element elementor-element-2124eae elementor-widget elementor-widget-heading\" data-id=\"2124eae\" data-element_type=\"widget\" data-e-type=\"widget\" data-widget_type=\"heading.default\">\n\t\t\t\t\t<p class=\"elementor-heading-title elementor-size-default\">TESIS EN CURSO<\/p>\t\t\t\t<\/div>\n\t\t\t\t<div class=\"elementor-element elementor-element-762280e elementor-widget elementor-widget-text-editor\" data-id=\"762280e\" data-element_type=\"widget\" data-e-type=\"widget\" data-widget_type=\"text-editor.default\">\n\t\t\t\t\t\t\t\t\t<p id=\"u36478-3\" class=\"titulo-tesis tesis1\" style=\"text-align: left;\"><span class=\"titulo-tesis1\" style=\"color: #d0b185;\">UTILIZACI\u00d3N DE LAS TECNOLOG\u00cdAS DE LA INFORMACI\u00d3N Y LA COMUNICACI\u00d3N EN EL\u00a0 URBANISMO<br \/><\/span><span style=\"color: #000000;\"><span class=\"cuerpo-tesis\">Beatriz Santos S\u00e1nchez\u00a0 <\/span><span style=\"color: #d0b185;\"><strong><span id=\"u36478-5\" class=\"cuerpo-tesis\">|<\/span><\/strong><\/span><span class=\"cuerpo-tesis\">\u00a0 Dir. Jos\u00e9 Fari\u00f1a y Mar\u00eda Cristina Garc\u00eda Gonz\u00e1lez<\/span><\/span><\/p><p class=\"titulo-tesis tesis1\" style=\"text-align: left;\"><span class=\"titulo-tesis1\" style=\"color: #d0b185;\">LA MATERIALIZACI\u00d3N DE LA TRANSICI\u00d3N EN EL TERRITORIO URBANO. ANALIZANDO LAS\u00a0 RELACIONES ENTRE SUPERESTRUCTURAS DE GOBIERNO, LA SOCIEDAD Y LA CIUDAD EN LA HABANA<br \/><\/span><span style=\"color: #000000;\"><span class=\"cuerpo-tesis\">Adrian Labaut Hern\u00e1ndez\u00a0 <\/span><\/span><span style=\"color: #d0b185;\"><strong><span id=\"u36478-12\" class=\"cuerpo-tesis\">|<\/span><\/strong><\/span><span style=\"color: #000000;\"><span class=\"cuerpo-tesis\">\u00a0 Dir. Mar\u00eda Cristina Garc\u00eda Honz\u00e1lez<\/span><\/span><\/p>\t\t\t\t\t\t\t\t<\/div>\n\t\t\t\t<div class=\"elementor-element elementor-element-5e2091a elementor-widget elementor-widget-heading\" data-id=\"5e2091a\" data-element_type=\"widget\" data-e-type=\"widget\" data-widget_type=\"heading.default\">\n\t\t\t\t\t<p class=\"elementor-heading-title elementor-size-default\">TESIS EN LE\u00cdDAS<\/p>\t\t\t\t<\/div>\n\t\t\t\t<div class=\"elementor-element elementor-element-a7b6414 elementor-widget elementor-widget-text-editor\" data-id=\"a7b6414\" data-element_type=\"widget\" data-e-type=\"widget\" data-widget_type=\"text-editor.default\">\n\t\t\t\t\t\t\t\t\t<p style=\"text-align: left;\"><span style=\"color: #d0b185;\">POCKET PROJECTS IN-BETWEEN. CENTRI STORICI MINORI TRA VUOTI URBANI E PROGETTO<br \/><span style=\"color: #000000;\">Flavia Piacenti <span style=\"color: #d0b185;\"><strong><span id=\"u36478-5\" class=\"cuerpo-tesis\">|<\/span><\/strong><\/span> Dir. Maria Argenti, Sergio Mart\u00edn Blas <strong><span style=\"color: #d0b185;\">|<\/span><\/strong> 2023<\/span><\/span><\/p><p style=\"text-align: left;\"><span style=\"color: #d0b185;\">DISPOSITIVOS PEDAG\u00d3GICOS DE INICIACI\u00d3N AL PROYECTO ARQUITECT\u00d3NICO: ENTRE EL BASIC DESIGN Y LOS SIMULADORES<\/span><br \/><span style=\"color: #000000;\">Jos\u00e9 Lee Camacho\u00a0 Dir. Sergio Mart\u00edn Blas, Enrique Colom\u00e9s <span style=\"color: #d0b185;\"><strong>|<\/strong><\/span>\u00a02022<\/span><\/p><p style=\"text-align: left;\"><span style=\"color: #d0b185;\">PROYECTO Y TRANSFORMACI\u00d3N DE LA VIVIENDA SOCIAL MODERNA: CONFLICTOS Y OPORTUNIDADES EN MADRID Y HOLANDA<\/span><br \/><span style=\"color: #000000;\">Isabel Rodr\u00edguez Mart\u00edn <span style=\"color: #d0b185;\"><strong>|<\/strong><\/span> Dir. Gabriel Ruiz Cabrero y Jos\u00e9 Mar\u00eda Ezquiaga Dom\u00ednguez <span style=\"color: #d0b185;\"><strong>|<\/strong><\/span> 2022<\/span><\/p><p style=\"text-align: left;\"><span style=\"color: #d0b185;\">JOHN HEJDUK Y LA PEDAGOG\u00cdA DE PROYECTOS ARQUITECT\u00d3NICOS: COOPER UNION 1964-2000<\/span><br \/><span style=\"color: #000000;\">Lisseth Estrella Cobo <span style=\"color: #d0b185;\"><strong>|<\/strong><\/span> Dir. Sergio Mart\u00edn Blas <span style=\"color: #d0b185;\"><strong>|<\/strong><\/span> 2021<\/span><\/p><p style=\"text-align: left;\"><span style=\"color: #d0b185;\">DESPLAZAMIENTOS, ALTERACIONES, SUBVERSIONES : ARQUITECTURA DE VIVIENDA SOCIAL Y DIMENSIONES DE LO COLECTIVO EN LA CIUDAD DE GUAYAQUIL<\/span><br \/><span style=\"color: #000000;\">Juan Carlos Bamba Vicente <span style=\"color: #d0b185;\"><strong>|<\/strong><\/span> Dir. Sergio Mart\u00edn Blas y Mar\u00eda Augusta Hermida <span style=\"color: #d0b185;\"><strong>|<\/strong><\/span> 2020<\/span><\/p><p style=\"text-align: left;\"><span style=\"color: #d0b185;\">VIVIENDA SOCIAL Y CIUDAD: LA MORFOLOG\u00cdA DEL ESPACIO RESIDENCIAL DESTINADO A LA POBLACI\u00d3N DE BAJOS INGRESOS EN<\/span><br \/><span style=\"color: #d0b185;\">BOGOT\u00c1 Y MEDELL\u00cdN<\/span><br \/><span style=\"color: #000000;\">Mar\u00eda Fernanda Uribe Tami <span style=\"color: #d0b185;\"><strong>|<\/strong><\/span> Dir. Jos\u00e9 Mar\u00eda Ezquiaga Dom\u00ednguez <span style=\"color: #d0b185;\"><strong>|<\/strong><\/span> 2019<\/span><\/p><p style=\"text-align: left;\"><span style=\"color: #d0b185;\">REGENERACI\u00d3N URBANA DE POL\u00cdGONOS DE VIVIENDA MASIVA. CRITERIOS PARA LA EVALUACI\u00d3N Y DIAGN\u00d3STICO DE LA CALIDAD DE LOS ESPACIOS LIBRES<\/span><br \/><span style=\"color: #000000;\">Sergio Garc\u00eda P\u00e9rez <span style=\"color: #d0b185;\"><strong>|<\/strong><\/span> Dir. Jos\u00e9 Mar\u00eda Ezquiaga Dom\u00ednguez, Javier Moncl\u00fas <span style=\"color: #d0b185;\"><strong>|<\/strong><\/span> 2019<\/span><\/p><p style=\"text-align: left;\"><span style=\"color: #d0b185;\">REGENERACI\u00d3N URBANA DE POL\u00cdGONOS DE VIVIENDA MASIVA. CRITERIOS PARA LA EVALUACI\u00d3N Y DIAGN\u00d3STICO DE LA CALIDAD DE LOS ESPACIOS LIBRES<\/span><br \/><span style=\"color: #000000;\">Sergio Garc\u00eda P\u00e9rez <span style=\"color: #d0b185;\"><strong>|<\/strong><\/span> Dir. Jos\u00e9 Mar\u00eda Ezquiaga Dom\u00ednguez y Javier Moncl\u00fas <span style=\"color: #d0b185;\"><strong>|<\/strong><\/span> 2019<\/span><\/p><p style=\"text-align: left;\"><span style=\"color: #d0b185;\">FLOATING STRUCTURES AS A MEANS OF SAFEGUARDING COASTAL URBANIZATIONS SOVEREIGNTY AGAINST THE RISING SEAS: A FLOATING COMMUNITY FOR EGYPT<\/span><br \/><span style=\"color: #000000;\">Ahmed El Shihy <span style=\"color: #d0b185;\"><strong>|<\/strong><\/span> Dir. Jos\u00e9 Mar\u00eda Ezquiaga Dom\u00ednguez <span style=\"color: #d0b185;\"><strong>|<\/strong><\/span> 2019<\/span><\/p><p style=\"text-align: left;\"><span style=\"color: #d0b185;\">VIVIENDA SOCIAL Y CIUDAD. LA MORFOLOG\u00cdA DEL ESPACIO RESIDENCIAL DESTINADO A LA POBLACI\u00d3N DE BAJOS INGRESOS EN BOGOT\u00c1 Y MEDELL\u00cdN<\/span><br \/><span style=\"color: #000000;\">Mar\u00eda Fernanda Uribe Tami <span style=\"color: #d0b185;\"><strong>|<\/strong><\/span> Dir. Jos\u00e9 Mar\u00eda Ezquiaga Dom\u00ednguez <span style=\"color: #d0b185;\"><strong>|<\/strong><\/span> 2019<\/span><\/p><p style=\"text-align: left;\"><span style=\"color: #d0b185;\">STEPPING STONES: NUEVO PARADIGMA DE TERRITORIO Y URBANIZACI\u00d3N (LA CIUDAD DESDE AFUERA)<\/span><br \/><span style=\"color: #000000;\">Rub\u00e9n Pesci <span style=\"color: #d0b185;\"><strong>|<\/strong><\/span> Dir. Jos\u00e9 Mar\u00eda Ezquiaga Dom\u00ednguez <span style=\"color: #d0b185;\"><strong>|<\/strong><\/span> 2017<\/span><\/p><p style=\"text-align: left;\"><span style=\"color: #d0b185;\">UNDERGROWTH URBANISM: PRATICHE SPONTANEE NELLA CITT\u00c0 CONTEMPOR\u00c1NEA. VERSO UNA METODOLOGIA DI ANALISI E INTERVENTO NELLA CITT\u00c0 INFORMALE<\/span><br \/><span style=\"color: #000000;\">Valentina Mion <span style=\"color: #d0b185;\"><strong>|<\/strong><\/span> Dir. Jos\u00e9 Mar\u00eda Ezquiaga Dom\u00ednguez <span style=\"color: #d0b185;\"><strong>|<\/strong><\/span> 2017<\/span><br \/><span style=\"color: #000000;\">Politecnico dI Milano<\/span><\/p><p style=\"text-align: left;\"><span style=\"color: #d0b185;\">HACIA LA METAMORFOSIS SINT\u00c9TICA DE LA COSTA. DISE\u00d1ANDO PAISAJES RESILIENTES<\/span><br \/><span style=\"color: #000000;\">Miriam Garc\u00eda Garc\u00eda <span style=\"color: #d0b185;\"><strong>|<\/strong><\/span> Dir. Jos\u00e9 Mar\u00eda Ezquiaga Dom\u00ednguez <span style=\"color: #d0b185;\"><strong>|<\/strong><\/span> 2017<\/span><\/p><p style=\"text-align: left;\"><span style=\"color: #d0b185;\">MODELO DE INTERVENCI\u00d3N EN EL ESPACIO P\u00daBLICO DE LA CIUDAD HIST\u00d3RICA BASADO EN EL AN\u00c1LISIS PARAM\u00c9TRICO DE SUS TRANSFORMACIONES, FUNCIONALIDAD Y CALIDAD AMBIENTAL. CASO ESTUDIO DE LA CIUDAD DE CARTAGENA<\/span><br \/><span style=\"color: #000000;\">Mar Melgarejo Torralba <span style=\"color: #d0b185;\"><strong>|<\/strong><\/span> Dir. Jos\u00e9 Mar\u00eda Ezquiaga Dom\u00ednguez <span style=\"color: #d0b185;\"><strong>|<\/strong><\/span> 2017<\/span><\/p><p style=\"text-align: left;\"><span style=\"color: #d0b185;\">LA INFRAESTRUCTURA VERDE COMO BASE DE LA RESILIENCIA URBANA. ESTRATEGIAS PARA LA REGENERACI\u00d3N DE CORREDORES FLUVIALES URBANOS DEL BANCO INTERAMERICANO DE DESARROLLO<\/span><br \/><span style=\"color: #000000;\">B\u00e1rbara Pons Giner <span style=\"color: #d0b185;\"><strong>|<\/strong><\/span> Dir. Jos\u00e9 Mar\u00eda Ezquiaga Dom\u00ednguez <span style=\"color: #d0b185;\"><strong>|<\/strong><\/span> 2016<\/span><\/p><p style=\"text-align: left;\"><span style=\"color: #d0b185;\">LA EVOLUCI\u00d3N DE LA NOCI\u00d3N DE PROYECTO URBANO EN ESPA\u00d1A: LOS CASOS DE MADRID Y DE BARCELONA<\/span><br \/><span style=\"color: #000000;\">Carlos Gotlieb <span style=\"color: #d0b185;\"><strong>|<\/strong><\/span> Dir. Jos\u00e9 Mar\u00eda Ezquiaga Dom\u00ednguez <span style=\"color: #d0b185;\"><strong>|<\/strong><\/span> 2016<\/span><br \/><span style=\"color: #000000;\">ENSA Bellville<\/span><\/p><p style=\"text-align: left;\"><span style=\"color: #d0b185;\">PAISAJES DIFUSOS. EL PROYECTO DE LA HUERTA PERIURBANA DEL \u00c1REA METROPOLITANA DE VALENCIA<\/span><br \/><span style=\"color: #000000;\">Daniel Monle\u00f3n Balanz\u00e1 <span style=\"color: #d0b185;\"><strong>|<\/strong><\/span> Dir. Jos\u00e9 Mar\u00eda Ezquiaga Dom\u00ednguez <span style=\"color: #d0b185;\"><strong>|<\/strong><\/span> 2016<\/span><br \/><span style=\"color: #000000;\">UPV<\/span><\/p><p style=\"text-align: left;\"><span style=\"color: #d0b185;\">PROYECTO Y LUGAR EN LA ARQUITECTURA DOM\u00c9STICA DE JORN UTZON<\/span><br \/><span style=\"color: #000000;\">Miguel \u00c1ngel Rup\u00e9rez <span style=\"color: #d0b185;\"><strong>|<\/strong><\/span> Dir. Gabriel Ruiz Cabrero y Sergio Mart\u00edn Blas <span style=\"color: #d0b185;\"><strong>|<\/strong><\/span> 2016<\/span><\/p><p style=\"text-align: left;\"><span style=\"color: #d0b185;\">TEOR\u00cdA Y PR\u00c1CTICA DE LA RESTAURACI\u00d3N DE LA MEZQUITA-CATEDRAL DE C\u00d3RDOBA DURANTE EL SIGLO XX<\/span><br \/><span style=\"color: #000000;\">Sebasti\u00e1n Herrero Romero <span style=\"color: #d0b185;\"><strong>|<\/strong><\/span> Dir. Gabriel Ruiz Cabrero y Sergio Mart\u00edn Blas <span style=\"color: #d0b185;\"><strong>|<\/strong><\/span> 2016<\/span><\/p><p style=\"text-align: left;\"><span style=\"color: #d0b185;\">EL VIDRIO Y SUS M\u00c1SCARAS<\/span><br \/><span style=\"color: #000000;\">Rosana Rubio Hern\u00e1ndez <span style=\"color: #d0b185;\"><strong>|<\/strong><\/span> Dir. Gabriel Ruiz Cabrero y Sergio Mart\u00edn Blas <span style=\"color: #d0b185;\"><strong>|<\/strong><\/span> 2016<\/span><\/p><p style=\"text-align: left;\"><span style=\"color: #d0b185;\">DESARROLLO DE CONGLOMERANTES BASADOS EN HIP\u00d3TESIS CONSTRUCTIVAS DE PIR\u00c1MIDES EGIPCIAS DEL REINO ANTIGUO<\/span><br \/><span style=\"color: #000000;\">Gustavo Arcones Pascual <span style=\"color: #d0b185;\"><strong>|<\/strong><\/span> Dir. Francisco Hern\u00e1ndez Olivares y Alberto Sepulcre Aguilar <span style=\"color: #d0b185;\"><strong>|<\/strong><\/span> 2015<\/span><\/p><p style=\"text-align: left;\"><span style=\"color: #d0b185;\">LA ORDENACI\u00d3N DEL TERRITORIO DE LAS GRANDES CIUDADES GLOBALES EUROPEAS: EL CASO DE MADRID<\/span><br \/><span style=\"color: #000000;\">Alberto Leboreiro Amaro <span style=\"color: #d0b185;\"><strong>|<\/strong><\/span> Dir. Jos\u00e9 Mar\u00eda Ezquiaga Dom\u00ednguez <span style=\"color: #d0b185;\"><strong>|<\/strong><\/span> 2015<\/span><\/p><p style=\"text-align: left;\"><span style=\"color: #d0b185;\">EL CONVENIO EUROPEO DEL PAISAJE. UNA PROPUESTA METODOL\u00d3GICA PARA SU IMPLEMENTACI\u00d3N EN EL \u00c1MBITO URBANO<\/span><br \/><span style=\"color: #000000;\">Cristina del Pozo S\u00e1nchez <span style=\"color: #d0b185;\"><strong>|<\/strong><\/span> Dir. Jos\u00e9 Mar\u00eda Ezquiaga Dom\u00ednguez <span style=\"color: #d0b185;\"><strong>|<\/strong><\/span> 2015<\/span><\/p><p style=\"text-align: left;\"><span style=\"color: #d0b185;\">29 + 1. LA ORDENACI\u00d3N URBAN\u00cdSTICA METROPOLITANA DE GRAN VALENCIA (1949-1986)<\/span><br \/><span style=\"color: #000000;\">Juan Ram\u00f3n Selva Royo <span style=\"color: #d0b185;\"><strong>|<\/strong><\/span> Dir. Jos\u00e9 Mar\u00eda Ezquiaga Dom\u00ednguez y Jos\u00e9 Luque Valdivia <span style=\"color: #d0b185;\"><strong>|<\/strong><\/span> 2014<\/span><br \/><span style=\"color: #000000;\">ETS de Arquitectura Universidad de Navarra<\/span><\/p><p style=\"text-align: left;\"><span style=\"color: #d0b185;\">DESARROLLO Y CARACTERIZACI\u00d3N DE UN MATERIAL CELULAR DE ALTA POROSIDAD CON BASE CEMENTICIA ACTIVADA MEDIANTE AGENTES INORG\u00c1NICOS<\/span><br \/><span style=\"color: #000000;\">Javier Pinilla Melo <span style=\"color: #d0b185;\"><strong>|<\/strong><\/span> Dir. Alberto Sepulcre Aguilar y Francisco Hern\u00e1ndez Olivares <span style=\"color: #d0b185;\"><strong>|<\/strong><\/span> 2013<\/span><\/p><p style=\"text-align: left;\"><span style=\"color: #d0b185;\">DESCENTRALIZACI\u00d3N METROPOLITANA Y DESARROLLO LOCAL. EL CASO DE CASTILLA-LE\u00d3N EN EL HINTERLAND MADRILE\u00d1O<\/span><br \/><span style=\"color: #000000;\">Manuel Doval Abad <span style=\"color: #d0b185;\"><strong>|<\/strong><\/span> Dir. Jos\u00e9 Mar\u00eda Ezquiaga Dom\u00ednguez <span style=\"color: #d0b185;\"><strong>|<\/strong><\/span> 2011<\/span><\/p><p style=\"text-align: left;\"><span style=\"color: #d0b185;\">CESAR CORT Y LA CULTURA URBAN\u00cdSTICA DE SU TIEMPO<\/span><br \/><span style=\"color: #000000;\">M. Cristina Gonz\u00e1lez <span style=\"color: #d0b185;\"><strong>|<\/strong><\/span> Dir. Jos\u00e9 Mar\u00eda Ezquiaga Dom\u00ednguez <span style=\"color: #d0b185;\"><strong>|<\/strong><\/span> 2011<\/span><\/p><p style=\"text-align: left;\"><span style=\"color: #d0b185;\">LAS HUELLAS DEL PLAN PARA BOGOT\u00c1 DE LE CORBUSIER, SERT Y WIENER<\/span><br \/><span style=\"color: #000000;\">Doris Tarch\u00f3pulos Sierra <span style=\"color: #d0b185;\"><strong>|<\/strong><\/span> Dir. Jos\u00e9 Mar\u00eda Ezquiaga Dom\u00ednguez y Joaqu\u00edn Sabat\u00e9 Bel <span style=\"color: #d0b185;\"><strong>|<\/strong><\/span> 2010<\/span><br \/><span style=\"color: #000000;\">UPC<\/span><\/p><p style=\"text-align: left;\"><span style=\"color: #d0b185;\">LA CONFORMACI\u00d3N DE LO COLECTIVO EN TORNO AL VIARIO DENTRO DEL \u00c1MBITO DE LA CIUDAD DISPERSA: GRAN CANARIA<\/span><br \/><span style=\"color: #000000;\">Pablo Ley Bosch <span style=\"color: #d0b185;\"><strong>|<\/strong><\/span> Dir. Jos\u00e9 Mar\u00eda Ezquiaga Dom\u00ednguez <span style=\"color: #d0b185;\"><strong>|<\/strong><\/span> 2009<\/span><br \/><span style=\"color: #000000;\">Las Palmas<\/span><\/p><p style=\"text-align: left;\"><span style=\"color: #d0b185;\">INFLUENCIA DE LAS ADICIONES PUZOL\u00c1NICAS EN LOS MORTEROS DE RESTAURACI\u00d3N DE F\u00c1BRICAS DE INTER\u00c9S HIST\u00d3RICO-ART\u00cdSTICO<\/span><br \/><span style=\"color: #000000;\">Alberto Sepulcre <span style=\"color: #d0b185;\"><strong>|<\/strong><\/span> Dir. Francisco Hern\u00e1ndez Olivares <span style=\"color: #d0b185;\"><strong>|<\/strong><\/span> 2006<\/span><\/p><p style=\"text-align: left;\"><span style=\"color: #d0b185;\">EL IMPACTO VISUAL COMO INCORPORACI\u00d3N NECESARIA A LA ORDENACI\u00d3N DEL TERRITORIO<\/span><br \/><span style=\"color: #000000;\">Analia Telesca Stiefel <span style=\"color: #d0b185;\"><strong>|<\/strong><\/span> Dir. Jos\u00e9 Mar\u00eda Ezquiaga Dom\u00ednguez <span style=\"color: #d0b185;\"><strong>|<\/strong><\/span> 2005<\/span><\/p><p style=\"text-align: left;\"><span style=\"color: #d0b185;\">DEL PRIMER PLANEAMIENTO DEMOCR\u00c1TICO A LA ORDENACI\u00d3N DEL TERRITORIO. EL CASO DE LA COMUNIDAD AUT\u00d3NOMA DEL PA\u00cdS VASCO<\/span><br \/><span style=\"color: #000000;\">Jes\u00fas M\u00aa Erquicia Olaciregui <span style=\"color: #d0b185;\"><strong>|<\/strong><\/span> Dir. Jos\u00e9 Mar\u00eda Ezquiaga Dom\u00ednguez <span style=\"color: #d0b185;\"><strong>|<\/strong><\/span> 2002<\/span><br \/><span style=\"color: #000000;\">Univ pa\u00eds vasco<\/span><\/p><p style=\"text-align: left;\"><span style=\"color: #d0b185;\">LA ORDENACI\u00d3N METROPOLITANA EN LOS PLANES URBAN\u00cdSTICOS Y TERRITORIALES ESPA\u00d1OLES 1940-2000<\/span><br \/><span style=\"color: #000000;\">Rafael de Miguel <span style=\"color: #d0b185;\"><strong>|<\/strong><\/span> Dir. Jos\u00e9 Mar\u00eda Ezquiaga Dom\u00ednguez y Jean Steinberg <span style=\"color: #d0b185;\"><strong>|<\/strong><\/span> 1999<\/span><br \/><span style=\"color: #000000;\">Instituto de Urbanismo de Par\u00eds<\/span><\/p><p style=\"text-align: left;\"><span style=\"color: #d0b185;\">URBANISMO BIOCLIM\u00c1TICO. CRITERIOS MEDIOAMBIENTALES EN LA ORDENACI\u00d3N DE LOS ASENTAMIENTOS<\/span><br \/><span style=\"color: #000000;\">Esther Higueras <span style=\"color: #d0b185;\"><strong>|<\/strong><\/span> Dir. Jos\u00e9 Mar\u00eda Ezquiaga Dom\u00ednguez <span style=\"color: #d0b185;\"><strong>|<\/strong><\/span> 1997<\/span><\/p>\t\t\t\t\t\t\t\t<\/div>\n\t\t\t\t<div class=\"elementor-element elementor-element-d21aafb elementor-widget elementor-widget-spacer\" data-id=\"d21aafb\" data-element_type=\"widget\" data-e-type=\"widget\" data-widget_type=\"spacer.default\">\n\t\t\t\t\t\t\t<div class=\"elementor-spacer\">\n\t\t\t<div class=\"elementor-spacer-inner\"><\/div>\n\t\t<\/div>\n\t\t\t\t\t\t<\/div>\n\t\t\t\t\t<\/div>\n\t\t\t\t<\/div>\n\t\t\t\t<\/div>\n\t\t","protected":false},"excerpt":{"rendered":"<p>FORMACI\u00d3N &#8211; TRAINING TESIS EN CURSO UTILIZACI\u00d3N DE LAS TECNOLOG\u00cdAS DE LA INFORMACI\u00d3N Y LA COMUNICACI\u00d3N EN EL\u00a0 URBANISMOBeatriz Santos [&hellip;]<\/p>\n","protected":false},"author":1,"featured_media":0,"parent":0,"menu_order":0,"comment_status":"closed","ping_status":"closed","template":"","meta":{"site-sidebar-layout":"default","site-content-layout":"","ast-site-content-layout":"default","site-content-style":"default","site-sidebar-style":"default","ast-global-header-display":"disabled","ast-banner-title-visibility":"disabled","ast-main-header-display":"","ast-hfb-above-header-display":"","ast-hfb-below-header-display":"","ast-hfb-mobile-header-display":"","site-post-title":"","ast-breadcrumbs-content":"","ast-featured-img":"disabled","footer-sml-layout":"disabled","ast-disable-related-posts":"","theme-transparent-header-meta":"default","adv-header-id-meta":"","stick-header-meta":"","header-above-stick-meta":"","header-main-stick-meta":"","header-below-stick-meta":"","astra-migrate-meta-layouts":"default","ast-page-background-enabled":"default","ast-page-background-meta":{"desktop":{"background-color":"var(--ast-global-color-5)","background-image":"","background-repeat":"repeat","background-position":"center center","background-size":"auto","background-attachment":"scroll","background-type":"","background-media":"","overlay-type":"","overlay-color":"","overlay-opacity":"","overlay-gradient":""},"tablet":{"background-color":"","background-image":"","background-repeat":"repeat","background-position":"center center","background-size":"auto","background-attachment":"scroll","background-type":"","background-media":"","overlay-type":"","overlay-color":"","overlay-opacity":"","overlay-gradient":""},"mobile":{"background-color":"","background-image":"","background-repeat":"repeat","background-position":"center center","background-size":"auto","background-attachment":"scroll","background-type":"","background-media":"","overlay-type":"","overlay-color":"","overlay-opacity":"","overlay-gradient":""}},"ast-content-background-meta":{"desktop":{"background-color":"var(--ast-global-color-4)","background-image":"","background-repeat":"repeat","background-position":"center center","background-size":"auto","background-attachment":"scroll","background-type":"","background-media":"","overlay-type":"","overlay-color":"","overlay-opacity":"","overlay-gradient":""},"tablet":{"background-color":"var(--ast-global-color-4)","background-image":"","background-repeat":"repeat","background-position":"center center","background-size":"auto","background-attachment":"scroll","background-type":"","background-media":"","overlay-type":"","overlay-color":"","overlay-opacity":"","overlay-gradient":""},"mobile":{"background-color":"var(--ast-global-color-4)","background-image":"","background-repeat":"repeat","background-position":"center center","background-size":"auto","background-attachment":"scroll","background-type":"","background-media":"","overlay-type":"","overlay-color":"","overlay-opacity":"","overlay-gradient":""}},"footnotes":""},"class_list":["post-1209","page","type-page","status-publish","hentry"],"_links":{"self":[{"href":"http:\/\/138.4.92.168\/index.php\/wp-json\/wp\/v2\/pages\/1209","targetHints":{"allow":["GET"]}}],"collection":[{"href":"http:\/\/138.4.92.168\/index.php\/wp-json\/wp\/v2\/pages"}],"about":[{"href":"http:\/\/138.4.92.168\/index.php\/wp-json\/wp\/v2\/types\/page"}],"author":[{"embeddable":true,"href":"http:\/\/138.4.92.168\/index.php\/wp-json\/wp\/v2\/users\/1"}],"replies":[{"embeddable":true,"href":"http:\/\/138.4.92.168\/index.php\/wp-json\/wp\/v2\/comments?post=1209"}],"version-history":[{"count":0,"href":"http:\/\/138.4.92.168\/index.php\/wp-json\/wp\/v2\/pages\/1209\/revisions"}],"wp:attachment":[{"href":"http:\/\/138.4.92.168\/index.php\/wp-json\/wp\/v2\/media?parent=1209"}],"curies":[{"name":"wp","href":"https:\/\/api.w.org\/{rel}","templated":true}]}}